{"id":4196,"date":"2017-07-07T19:29:37","date_gmt":"2017-07-07T17:29:37","guid":{"rendered":"http:\/\/valaiski.com\/?page_id=4196"},"modified":"2018-05-18T16:35:54","modified_gmt":"2018-05-18T14:35:54","slug":"impressum","status":"publish","type":"page","link":"https:\/\/valaiski.com\/de\/impressum\/","title":{"rendered":"Impressum"},"content":{"rendered":"\n<style type=\"text\/css\" data-created_by=\"avia_inline_auto\" id=\"style-css-av-av_section-de6c389293b29aab8155fe20a045d201\">\n.avia-section.av-av_section-de6c389293b29aab8155fe20a045d201{\nbackground-color:#565656;\nbackground-image:unset;\n}\n<\/style>\n<div id='av_section_1'  class='avia-section av-av_section-de6c389293b29aab8155fe20a045d201 main_color avia-section-default avia-no-shadow  avia-builder-el-0  avia-builder-el-no-sibling  avia-bg-style-scroll container_wrap sidebar_right'  ><div class='container av-section-cont-open' ><main  role=\"main\" itemprop=\"mainContentOfPage\"  class='template-page content  av-content-small alpha units'><div class='post-entry post-entry-type-page post-entry-4196'><div class='entry-content-wrapper clearfix'>\n\n<style type=\"text\/css\" data-created_by=\"avia_inline_auto\" id=\"style-css-av-av_heading-718db79877e049c8069790acb577bb41\">\n#top .av-special-heading.av-av_heading-718db79877e049c8069790acb577bb41{\npadding-bottom:10px;\ncolor:#ffffff;\n}\nbody .av-special-heading.av-av_heading-718db79877e049c8069790acb577bb41 .av-special-heading-tag .heading-char{\nfont-size:25px;\n}\n.av-special-heading.av-av_heading-718db79877e049c8069790acb577bb41 .special-heading-inner-border{\nborder-color:#ffffff;\n}\n.av-special-heading.av-av_heading-718db79877e049c8069790acb577bb41 .av-subheading{\nfont-size:15px;\n}\n<\/style>\n<div  class='av-special-heading av-av_heading-718db79877e049c8069790acb577bb41 av-special-heading-h1 custom-color-heading blockquote modern-quote modern-centered  avia-builder-el-1  el_before_av_hr  avia-builder-el-first '><h1 class='av-special-heading-tag'  itemprop=\"headline\"  >Impressum<\/h1><div class=\"special-heading-border\"><div class=\"special-heading-inner-border\"><\/div><\/div><\/div>\n\n<style type=\"text\/css\" data-created_by=\"avia_inline_auto\" id=\"style-css-av-av_hr-d39c088f1999f37fb7dc4bd84b4b2b4f\">\n#top .hr.av-av_hr-d39c088f1999f37fb7dc4bd84b4b2b4f{\nmargin-top:30px;\nmargin-bottom:60px;\n}\n.hr.av-av_hr-d39c088f1999f37fb7dc4bd84b4b2b4f .hr-inner{\nwidth:50px;\nborder-color:#ffffff;\n}\n<\/style>\n<div  class='hr av-av_hr-d39c088f1999f37fb7dc4bd84b4b2b4f hr-custom  avia-builder-el-2  el_after_av_heading  el_before_av_image  hr-center hr-icon-no'><span class='hr-inner inner-border-av-border-fat'><span class=\"hr-inner-style\"><\/span><\/span><\/div>\n\n<style type=\"text\/css\" data-created_by=\"avia_inline_auto\" id=\"style-css-av-av_image-f8ad741ef31612f849324ae2823b601d\">\n.avia-image-container.av-av_image-f8ad741ef31612f849324ae2823b601d img.avia_image{\nbox-shadow:none;\n}\n.avia-image-container.av-av_image-f8ad741ef31612f849324ae2823b601d .av-image-caption-overlay-center{\ncolor:#ffffff;\n}\n<\/style>\n<div  class='avia-image-container av-av_image-f8ad741ef31612f849324ae2823b601d av-styling- avia-align-center  avia-builder-el-3  el_after_av_hr  el_before_av_hr '   itemprop=\"image\" itemscope=\"itemscope\" itemtype=\"https:\/\/schema.org\/ImageObject\" ><div class=\"avia-image-container-inner\"><div class=\"avia-image-overlay-wrap\"><img class='wp-image-5393 avia-img-lazy-loading-not-5393 avia_image ' src=\"https:\/\/valaiski.com\/wp-content\/uploads\/2017\/07\/gob2w-e1499690108130.png\" alt='' title='gob2w'  height=\"135\" width=\"200\"  itemprop=\"thumbnailUrl\"  \/><\/div><\/div><\/div>\n\n<style type=\"text\/css\" data-created_by=\"avia_inline_auto\" id=\"style-css-av-av_hr-d088b424e8f8a6aa23f52f36012fa8d5\">\n#top .hr.av-av_hr-d088b424e8f8a6aa23f52f36012fa8d5{\nmargin-top:15px;\nmargin-bottom:15px;\n}\n.hr.av-av_hr-d088b424e8f8a6aa23f52f36012fa8d5 .hr-inner{\nwidth:50px;\nborder-color:#ffffff;\n}\n<\/style>\n<div  class='hr av-av_hr-d088b424e8f8a6aa23f52f36012fa8d5 hr-custom  avia-builder-el-4  el_after_av_image  el_before_av_textblock  hr-center hr-icon-no'><span class='hr-inner inner-border-av-border-none'><span class=\"hr-inner-style\"><\/span><\/span><\/div>\n\n<style type=\"text\/css\" data-created_by=\"avia_inline_auto\" id=\"style-css-av-av_textblock-4df912b7107c0e50e71d6d1311b4fed0\">\n#top .av_textblock_section.av-av_textblock-4df912b7107c0e50e71d6d1311b4fed0 .avia_textblock{\ncolor:#ffffff;\n}\n<\/style>\n<section  class='av_textblock_section av-av_textblock-4df912b7107c0e50e71d6d1311b4fed0'  itemscope=\"itemscope\" itemtype=\"https:\/\/schema.org\/CreativeWork\" ><div class='avia_textblock av_inherit_color'  itemprop=\"text\" ><p>&lt;strong&gt;Firmenname&lt;\/strong&gt;<br \/>\ngoBespoke International GmbH<\/p>\n<p>&lt;strong&gt;Gesch\u00e4ftsf\u00fchrender Gesellschafter&lt;\/strong&gt;<br \/>\nDipl. Ing. Claudio Menz<\/p>\n<p>&lt;strong&gt;Adresse&lt;\/strong&gt;<br \/>\nStadelmatt 9<br \/>\nCH 6331 H\u00fcnenberg<br \/>\nSchweiz<\/p>\n<p>&lt;strong&gt;Hotline&lt;\/strong&gt;<br \/>\n+420 776 064 669<\/p>\n<p>&lt;strong&gt;Tel&lt;\/strong&gt;<br \/>\n+41 79 566 55 68<\/p>\n<p>&lt;strong&gt;Email&lt;\/strong&gt;<br \/>\ninfo@valaiski.com<\/p>\n<p>&lt;strong&gt;Registereintrag<br \/>\n&lt;\/strong&gt;Handelregister: CH-170.4.015.400-2<br \/>\n&lt;h3&gt;Haftung f\u00fcr Inhalte&lt;\/h3&gt;<br \/>\nAls Diensteanbieter sind wir f\u00fcr eigene Inhalte auf diesen Seiten nach den allgemeinen Gesetzen verantwortlich. Als Dienstanbieter sind wir jedoch nicht verpflichtet, \u00fcbermittelte oder gespeicherte fremde Informationen zu \u00fcberwachen oder nach Umst\u00e4nden zu forschen, die auf eine rechtswidrige T\u00e4tigkeit hinweisen.<\/p>\n<p>Verpflichtungen zur Entfernung oder Sperrung der Nutzung von Informationen nach den allgemeinen Gesetzen bleiben hiervon unber\u00fchrt. Eine diesbez\u00fcgliche Haftung ist jedoch erst ab dem Zeitpunkt der Kenntnis einer konkreten Rechtsverletzung m\u00f6glich. Bei Bekanntwerden von entsprechenden Rechtsverletzungen werden wir diese Inhalte umgehend entfernen.<br \/>\n&lt;h3&gt;Haftung f\u00fcr Links&lt;\/h3&gt;<br \/>\nUnser Angebot enth\u00e4lt Links zu externen Websites Dritter, auf deren Inhalte wir keinen Einfluss haben. Deshalb k\u00f6nnen wir f\u00fcr diese fremden Inhalte auch keine Gew\u00e4hr \u00fcbernehmen. F\u00fcr die Inhalte der verlinkten Seiten ist stets der jeweilige Anbieter oder Betreiber der Seiten verantwortlich. Die verlinkten Seiten wurden zum Zeitpunkt der Verlinkung auf m\u00f6gliche Rechtsverst\u00f6\u00dfe \u00fcberpr\u00fcft. Rechtswidrige Inhalte waren zum Zeitpunkt der Verlinkung nicht erkennbar.<\/p>\n<p>Eine permanente inhaltliche Kontrolle der verlinkten Seiten ist jedoch ohne konkrete Anhaltspunkte einer Rechtsverletzung nicht zumutbar. Bei Bekanntwerden von Rechtsverletzungen werden wir derartige Links umgehend entfernen.<br \/>\n&lt;h3&gt;Urheberrecht&lt;\/h3&gt;<br \/>\nDie durch die Seitenbetreiber erstellten Inhalte und Werke auf diesen Seiten unterliegen dem Schweizer Urheberrecht. Die Vervielf\u00e4ltigung, Bearbeitung, Verbreitung und jede Art der Verwertung au\u00dferhalb der Grenzen des Urheberrechtes bed\u00fcrfen der schriftlichen Zustimmung des jeweiligen Autors bzw. Erstellers. Downloads und Kopien dieser Seite sind nur f\u00fcr den privaten, nicht kommerziellen Gebrauch gestattet.<\/p>\n<p>Soweit die Inhalte auf dieser Seite nicht vom Betreiber erstellt wurden, werden die Urheberrechte Dritter beachtet. Insbesondere werden Inhalte Dritter als solche gekennzeichnet. Sollten Sie trotzdem auf eine Urheberrechtsverletzung aufmerksam werden, bitten wir um einen entsprechenden Hinweis. Bei Bekanntwerden von Rechtsverletzungen werden wir derartige Inhalte umgehend entfernen.<\/p>\n<\/div><\/section>\n\n<style type=\"text\/css\" data-created_by=\"avia_inline_auto\" id=\"style-css-av-av_heading-e3b881bba313b017da299eaabb2589de\">\n#top .av-special-heading.av-av_heading-e3b881bba313b017da299eaabb2589de{\npadding-bottom:10px;\ncolor:#ffffff;\n}\nbody .av-special-heading.av-av_heading-e3b881bba313b017da299eaabb2589de .av-special-heading-tag .heading-char{\nfont-size:25px;\n}\n.av-special-heading.av-av_heading-e3b881bba313b017da299eaabb2589de .special-heading-inner-border{\nborder-color:#ffffff;\n}\n.av-special-heading.av-av_heading-e3b881bba313b017da299eaabb2589de .av-subheading{\nfont-size:15px;\n}\n<\/style>\n<div  class='av-special-heading av-av_heading-e3b881bba313b017da299eaabb2589de av-special-heading-h2 custom-color-heading blockquote modern-quote  avia-builder-el-6  el_after_av_textblock  el_before_av_hr '><h2 class='av-special-heading-tag'  itemprop=\"headline\"  >Copyrights<\/h2><div class=\"special-heading-border\"><div class=\"special-heading-inner-border\"><\/div><\/div><\/div>\n\n<style type=\"text\/css\" data-created_by=\"avia_inline_auto\" id=\"style-css-av-av_hr-a39a33303d91e0f22decdbc60e455d44\">\n#top .hr.av-av_hr-a39a33303d91e0f22decdbc60e455d44{\nmargin-top:15px;\nmargin-bottom:15px;\n}\n.hr.av-av_hr-a39a33303d91e0f22decdbc60e455d44 .hr-inner{\nwidth:50px;\nborder-color:#ffffff;\n}\n<\/style>\n<div  class='hr av-av_hr-a39a33303d91e0f22decdbc60e455d44 hr-custom  avia-builder-el-7  el_after_av_heading  el_before_av_textblock  hr-left hr-icon-no'><span class='hr-inner inner-border-av-border-fat'><span class=\"hr-inner-style\"><\/span><\/span><\/div>\n<section  class='av_textblock_section av-av_textblock-2de302bf1aa3cf4c9157dbe6f50ac7eb'  itemscope=\"itemscope\" itemtype=\"https:\/\/schema.org\/CreativeWork\" ><div class='avia_textblock'  itemprop=\"text\" ><p>Design, Text, Grafiken und Produkte sind Copyright \u00a9 goBespoke International. Alle Rechte vorbehalten.<\/p>\n<p>Bilder (Photos, Grafiken, etc.) sind copyright gesch\u00fctzt, u.a.:<em>\u00a0<\/em><\/p>\n<p><em>\u00a9\u00a0<\/em>Christian Pfammatter- info@christianpfammatter.ch,\u00a0<i>\u00a9 mlehmann78 &#8211; Fotolia.com,\u00a0\u00a9 dell &#8211; Fotolia.com, \u00a9 eyetronic &#8211; Fotolia.com,\u00a0\u00a9 Lukas Gojda &#8211; Fotolia.com,\u00a0\u00a9 TTstudio &#8211; Fotolia.com,\u00a0\u00a9 shirophoto &#8211; Fotolia.com,\u00a0\u00a9 Gorilla &#8211; Fotolia.com,\u00a0\u00a9 peshkova &#8211; Fotolia.com, \u00a9 swisshippo &#8211; Fotolia.com, \u00a9 by-studio &#8211;\u00a0Fotolia.com, <em>\u00a9 Lukas Gojda &#8211; Fotolia.com,\u00a0\u00a9 shame87 &#8211; Fotolia.com<\/em>\u00a0<\/i><\/p>\n<\/div><\/section>\n<\/div><\/div><\/main><!-- close content main element --><\/div><\/div><div id='after_section_1'  class='main_color av_default_container_wrap container_wrap sidebar_right'  ><div class='container av-section-cont-open' ><div class='template-page content  av-content-small alpha units'><div class='post-entry post-entry-type-page post-entry-4196'><div class='entry-content-wrapper clearfix'>\n","protected":false},"excerpt":{"rendered":"","protected":false},"author":2,"featured_media":0,"parent":0,"menu_order":0,"comment_status":"closed","ping_status":"closed","template":"","meta":[],"yoast_head":"<!-- This site is optimized with the Yoast SEO plugin v20.6 - https:\/\/yoast.com\/wordpress\/plugins\/seo\/ -->\n<title>Impressum - Valaiski<\/title>\n<meta name=\"robots\" content=\"index, follow, max-snippet:-1, max-image-preview:large, max-video-preview:-1\" \/>\n<link rel=\"canonical\" href=\"https:\/\/valaiski.com\/de\/impressum\/\" \/>\n<meta property=\"og:locale\" content=\"de_DE\" \/>\n<meta property=\"og:type\" content=\"article\" \/>\n<meta property=\"og:title\" content=\"Impressum - Valaiski\" \/>\n<meta property=\"og:url\" content=\"https:\/\/valaiski.com\/de\/impressum\/\" \/>\n<meta property=\"og:site_name\" content=\"Valaiski\" \/>\n<meta property=\"article:publisher\" content=\"https:\/\/www.facebook.com\/VALAISKI\" \/>\n<meta property=\"article:modified_time\" content=\"2018-05-18T14:35:54+00:00\" \/>\n<meta name=\"twitter:card\" content=\"summary_large_image\" \/>\n<meta name=\"twitter:label1\" content=\"Gesch\u00e4tzte Lesezeit\" \/>\n\t<meta name=\"twitter:data1\" content=\"5\u00a0Minuten\" \/>\n<script type=\"application\/ld+json\" class=\"yoast-schema-graph\">{\"@context\":\"https:\/\/schema.org\",\"@graph\":[{\"@type\":\"WebPage\",\"@id\":\"https:\/\/valaiski.com\/de\/impressum\/\",\"url\":\"https:\/\/valaiski.com\/de\/impressum\/\",\"name\":\"Impressum - Valaiski\",\"isPartOf\":{\"@id\":\"https:\/\/valaiski.com\/#website\"},\"datePublished\":\"2017-07-07T17:29:37+00:00\",\"dateModified\":\"2018-05-18T14:35:54+00:00\",\"breadcrumb\":{\"@id\":\"https:\/\/valaiski.com\/de\/impressum\/#breadcrumb\"},\"inLanguage\":\"de\",\"potentialAction\":[{\"@type\":\"ReadAction\",\"target\":[\"https:\/\/valaiski.com\/de\/impressum\/\"]}]},{\"@type\":\"BreadcrumbList\",\"@id\":\"https:\/\/valaiski.com\/de\/impressum\/#breadcrumb\",\"itemListElement\":[{\"@type\":\"ListItem\",\"position\":1,\"name\":\"Home\",\"item\":\"https:\/\/valaiski.com\/de\/\"},{\"@type\":\"ListItem\",\"position\":2,\"name\":\"Impressum\"}]},{\"@type\":\"WebSite\",\"@id\":\"https:\/\/valaiski.com\/#website\",\"url\":\"https:\/\/valaiski.com\/\",\"name\":\"Valaiski\",\"description\":\"Swiss Bespoke Ski Tailoring\",\"publisher\":{\"@id\":\"https:\/\/valaiski.com\/#organization\"},\"potentialAction\":[{\"@type\":\"SearchAction\",\"target\":{\"@type\":\"EntryPoint\",\"urlTemplate\":\"https:\/\/valaiski.com\/?s={search_term_string}\"},\"query-input\":\"required name=search_term_string\"}],\"inLanguage\":\"de\"},{\"@type\":\"Organization\",\"@id\":\"https:\/\/valaiski.com\/#organization\",\"name\":\"Valaiski\",\"url\":\"https:\/\/valaiski.com\/\",\"logo\":{\"@type\":\"ImageObject\",\"inLanguage\":\"de\",\"@id\":\"https:\/\/valaiski.com\/#\/schema\/logo\/image\/\",\"url\":\"https:\/\/valaiski.com\/wp-content\/uploads\/2017\/08\/VS-5-PNG.png\",\"contentUrl\":\"https:\/\/valaiski.com\/wp-content\/uploads\/2017\/08\/VS-5-PNG.png\",\"width\":1992,\"height\":1247,\"caption\":\"Valaiski\"},\"image\":{\"@id\":\"https:\/\/valaiski.com\/#\/schema\/logo\/image\/\"},\"sameAs\":[\"https:\/\/www.facebook.com\/VALAISKI\"]}]}<\/script>\n<!-- \/ Yoast SEO plugin. -->","yoast_head_json":{"title":"Impressum - Valaiski","robots":{"index":"index","follow":"follow","max-snippet":"max-snippet:-1","max-image-preview":"max-image-preview:large","max-video-preview":"max-video-preview:-1"},"canonical":"https:\/\/valaiski.com\/de\/impressum\/","og_locale":"de_DE","og_type":"article","og_title":"Impressum - Valaiski","og_url":"https:\/\/valaiski.com\/de\/impressum\/","og_site_name":"Valaiski","article_publisher":"https:\/\/www.facebook.com\/VALAISKI","article_modified_time":"2018-05-18T14:35:54+00:00","twitter_card":"summary_large_image","twitter_misc":{"Gesch\u00e4tzte Lesezeit":"5\u00a0Minuten"},"schema":{"@context":"https:\/\/schema.org","@graph":[{"@type":"WebPage","@id":"https:\/\/valaiski.com\/de\/impressum\/","url":"https:\/\/valaiski.com\/de\/impressum\/","name":"Impressum - Valaiski","isPartOf":{"@id":"https:\/\/valaiski.com\/#website"},"datePublished":"2017-07-07T17:29:37+00:00","dateModified":"2018-05-18T14:35:54+00:00","breadcrumb":{"@id":"https:\/\/valaiski.com\/de\/impressum\/#breadcrumb"},"inLanguage":"de","potentialAction":[{"@type":"ReadAction","target":["https:\/\/valaiski.com\/de\/impressum\/"]}]},{"@type":"BreadcrumbList","@id":"https:\/\/valaiski.com\/de\/impressum\/#breadcrumb","itemListElement":[{"@type":"ListItem","position":1,"name":"Home","item":"https:\/\/valaiski.com\/de\/"},{"@type":"ListItem","position":2,"name":"Impressum"}]},{"@type":"WebSite","@id":"https:\/\/valaiski.com\/#website","url":"https:\/\/valaiski.com\/","name":"Valaiski","description":"Swiss Bespoke Ski Tailoring","publisher":{"@id":"https:\/\/valaiski.com\/#organization"},"potentialAction":[{"@type":"SearchAction","target":{"@type":"EntryPoint","urlTemplate":"https:\/\/valaiski.com\/?s={search_term_string}"},"query-input":"required name=search_term_string"}],"inLanguage":"de"},{"@type":"Organization","@id":"https:\/\/valaiski.com\/#organization","name":"Valaiski","url":"https:\/\/valaiski.com\/","logo":{"@type":"ImageObject","inLanguage":"de","@id":"https:\/\/valaiski.com\/#\/schema\/logo\/image\/","url":"https:\/\/valaiski.com\/wp-content\/uploads\/2017\/08\/VS-5-PNG.png","contentUrl":"https:\/\/valaiski.com\/wp-content\/uploads\/2017\/08\/VS-5-PNG.png","width":1992,"height":1247,"caption":"Valaiski"},"image":{"@id":"https:\/\/valaiski.com\/#\/schema\/logo\/image\/"},"sameAs":["https:\/\/www.facebook.com\/VALAISKI"]}]}},"_links":{"self":[{"href":"https:\/\/valaiski.com\/de\/wp-json\/wp\/v2\/pages\/4196"}],"collection":[{"href":"https:\/\/valaiski.com\/de\/wp-json\/wp\/v2\/pages"}],"about":[{"href":"https:\/\/valaiski.com\/de\/wp-json\/wp\/v2\/types\/page"}],"author":[{"embeddable":true,"href":"https:\/\/valaiski.com\/de\/wp-json\/wp\/v2\/users\/2"}],"replies":[{"embeddable":true,"href":"https:\/\/valaiski.com\/de\/wp-json\/wp\/v2\/comments?post=4196"}],"version-history":[{"count":22,"href":"https:\/\/valaiski.com\/de\/wp-json\/wp\/v2\/pages\/4196\/revisions"}],"predecessor-version":[{"id":7158,"href":"https:\/\/valaiski.com\/de\/wp-json\/wp\/v2\/pages\/4196\/revisions\/7158"}],"wp:attachment":[{"href":"https:\/\/valaiski.com\/de\/wp-json\/wp\/v2\/media?parent=4196"}],"curies":[{"name":"wp","href":"https:\/\/api.w.org\/{rel}","templated":true}]}}