{"id":5880,"date":"2017-09-25T19:59:38","date_gmt":"2017-09-25T17:59:38","guid":{"rendered":"http:\/\/valaiski.com\/warum-holzkern\/"},"modified":"2018-11-14T14:17:29","modified_gmt":"2018-11-14T13:17:29","slug":"warum-holzkern","status":"publish","type":"page","link":"https:\/\/valaiski.com\/de\/warum-holzkern\/","title":{"rendered":"Warum Holzkern"},"content":{"rendered":"\n<style type=\"text\/css\" data-created_by=\"avia_inline_auto\" id=\"style-css-av-137muk2-181cf2479ee0aeb7dedb00f425ac4086\">\n.avia-section.av-137muk2-181cf2479ee0aeb7dedb00f425ac4086{\nbackground-repeat:no-repeat;\nbackground-image:url(https:\/\/valaiski.com\/wp-content\/uploads\/2017\/07\/violine_valaiski_bespoke_tailoring_handmade_custom_wood_crafted_artisan_tradition_design_switzerland_schweiz_valais_wallis_verbier_festival.jpg);\nbackground-position:0% 0%;\nbackground-attachment:fixed;\n}\n.avia-section.av-137muk2-181cf2479ee0aeb7dedb00f425ac4086 .av-section-color-overlay{\nopacity:0.2;\nbackground-color:#ffffff;\n}\n<\/style>\n<div id='av_section_1'  class='avia-section av-137muk2-181cf2479ee0aeb7dedb00f425ac4086 main_color avia-section-default avia-no-shadow  avia-builder-el-0  el_before_av_section  avia-builder-el-first  avia-full-stretch avia-bg-style-fixed av-section-color-overlay-active container_wrap sidebar_right'  data-section-bg-repeat='stretch'><div class=\"av-section-color-overlay-wrap\"><div class=\"av-section-color-overlay\"><\/div><div class='container av-section-cont-open' ><main  role=\"main\" itemprop=\"mainContentOfPage\"  class='template-page content  av-content-small alpha units'><div class='post-entry post-entry-type-page post-entry-5880'><div class='entry-content-wrapper clearfix'>\n\n<style type=\"text\/css\" data-created_by=\"avia_inline_auto\" id=\"style-css-av-11cdamq-36450c8dc627701194a805c78d4d511f\">\n.flex_column.av-11cdamq-36450c8dc627701194a805c78d4d511f{\n-webkit-border-radius:0px 0px 0px 0px;\n-moz-border-radius:0px 0px 0px 0px;\nborder-radius:0px 0px 0px 0px;\npadding:15px 15px 15px 15px;\nbackground-color:rgba(248,248,248,0.7);\n}\n<\/style>\n<div class='flex_column av-11cdamq-36450c8dc627701194a805c78d4d511f av_three_fifth  avia-builder-el-1  el_before_av_hr  avia-builder-el-first  first flex_column_div av-animated-generic bottom-to-top '     ><p>\n<style type=\"text\/css\" data-created_by=\"avia_inline_auto\" id=\"style-css-av-10dr5iq-46b99ff00519802ce8465a6087e544ec\">\n#top .av-special-heading.av-10dr5iq-46b99ff00519802ce8465a6087e544ec{\npadding-bottom:10px;\n}\nbody .av-special-heading.av-10dr5iq-46b99ff00519802ce8465a6087e544ec .av-special-heading-tag .heading-char{\nfont-size:25px;\n}\n.av-special-heading.av-10dr5iq-46b99ff00519802ce8465a6087e544ec .av-subheading{\nfont-size:15px;\n}\n<\/style>\n<div  class='av-special-heading av-10dr5iq-46b99ff00519802ce8465a6087e544ec av-special-heading-h2 blockquote modern-quote  avia-builder-el-2  el_before_av_hr  avia-builder-el-first '><h2 class='av-special-heading-tag'  itemprop=\"headline\"  >Warum mit Holzkern<\/h2><div class=\"special-heading-border\"><div class=\"special-heading-inner-border\"><\/div><\/div><\/div><br \/>\n\n<style type=\"text\/css\" data-created_by=\"avia_inline_auto\" id=\"style-css-av-3fxw8y-42ad3cbcbe663c64090293ab762c6cfd\">\n#top .hr.av-3fxw8y-42ad3cbcbe663c64090293ab762c6cfd{\nmargin-top:15px;\nmargin-bottom:15px;\n}\n.hr.av-3fxw8y-42ad3cbcbe663c64090293ab762c6cfd .hr-inner{\nwidth:50px;\nborder-color:rgba(0,0,0,0.54);\n}\n<\/style>\n<div  class='hr av-3fxw8y-42ad3cbcbe663c64090293ab762c6cfd hr-custom  avia-builder-el-3  el_after_av_heading  el_before_av_textblock  hr-left hr-icon-no'><span class='hr-inner inner-border-av-border-fat'><span class=\"hr-inner-style\"><\/span><\/span><\/div><br \/>\n<section  class='av_textblock_section av-w20ddu-2dde9b8f0704454862479ca7d31e2dcb'  itemscope=\"itemscope\" itemtype=\"https:\/\/schema.org\/CreativeWork\" ><div class='avia_textblock'  itemprop=\"text\" ><p>Vom ersten Tage an war Holz aufgrund seiner einzigartigen Eigenschaften wie Festigkeit, Flexibilit\u00e4t und dynamischen D\u00e4mpfungseigenschaften das Material f\u00fcr Ski.<\/p>\n<p>Obwohl Technologieentwicklung speziell in Bereichen der faserverst\u00e4rkten Strukturen zu neuen Skikonzepten und neuen Produktionstechnologien die Kostenoptimierung erm\u00f6glichen f\u00fchrten, hat sich Holz als unersetzlicher Werkstoff erwiesen wenn wirklich homogene lebhafte Ski gew\u00fcnscht sind.<\/p>\n<p>Das ist auch der Grund warum f\u00fcr den Skikern selbst bei h\u00e4rtesten Abfahrtsrennen immer noch ausschliesslich Holz eingesetzt wird.<\/p>\n<p>F\u00fcr Valaiski so wie f\u00fcr klassische Instrumente gilt: Auswahl des Holzes und meisterliches Wissen entscheidet dar\u00fcber ob es ein St\u00fcck Baum bleibt oder sich in eine Symphonie der\u00a0 Emotionen verwandelt.<\/p>\n<\/div><\/section><\/p><\/div>\n<style type=\"text\/css\" data-created_by=\"avia_inline_auto\" id=\"style-css-av-uxjjea-ffb15bf0602e53ff877b2e527f92d340\">\n#top .hr.hr-invisible.av-uxjjea-ffb15bf0602e53ff877b2e527f92d340{\nheight:30px;\n}\n<\/style>\n<div  class='hr av-uxjjea-ffb15bf0602e53ff877b2e527f92d340 hr-invisible  avia-builder-el-5  el_after_av_three_fifth  el_before_av_three_fifth '><span class='hr-inner '><span class=\"hr-inner-style\"><\/span><\/span><\/div>\n\n<style type=\"text\/css\" data-created_by=\"avia_inline_auto\" id=\"style-css-av-t3n2g2-57d1afb6039093c17b961968afdde320\">\n.flex_column.av-t3n2g2-57d1afb6039093c17b961968afdde320{\n-webkit-border-radius:0px 0px 0px 0px;\n-moz-border-radius:0px 0px 0px 0px;\nborder-radius:0px 0px 0px 0px;\npadding:15px 15px 15px 15px;\nbackground-color:rgba(248,248,248,0.7);\n}\n<\/style>\n<div class='flex_column av-t3n2g2-57d1afb6039093c17b961968afdde320 av_three_fifth  avia-builder-el-6  el_after_av_hr  el_before_av_two_fifth  first flex_column_div av-animated-generic fade-in '     ><p>\n<style type=\"text\/css\" data-created_by=\"avia_inline_auto\" id=\"style-css-av-rp8xsy-8778d3b626f0b6b28a95f3521cc7ee11\">\n#top .av-special-heading.av-rp8xsy-8778d3b626f0b6b28a95f3521cc7ee11{\npadding-bottom:10px;\n}\nbody .av-special-heading.av-rp8xsy-8778d3b626f0b6b28a95f3521cc7ee11 .av-special-heading-tag .heading-char{\nfont-size:25px;\n}\n.av-special-heading.av-rp8xsy-8778d3b626f0b6b28a95f3521cc7ee11 .av-subheading{\nfont-size:15px;\n}\n<\/style>\n<div  class='av-special-heading av-rp8xsy-8778d3b626f0b6b28a95f3521cc7ee11 av-special-heading-h2 blockquote modern-quote  avia-builder-el-7  el_before_av_hr  avia-builder-el-first '><h2 class='av-special-heading-tag'  itemprop=\"headline\"  >Zeit die Z\u00e4hlt<\/h2><div class=\"special-heading-border\"><div class=\"special-heading-inner-border\"><\/div><\/div><\/div><br \/>\n\n<style type=\"text\/css\" data-created_by=\"avia_inline_auto\" id=\"style-css-av-q6ehk2-f38dc2c75b52042041a73f8dd13d2682\">\n#top .hr.av-q6ehk2-f38dc2c75b52042041a73f8dd13d2682{\nmargin-top:15px;\nmargin-bottom:15px;\n}\n.hr.av-q6ehk2-f38dc2c75b52042041a73f8dd13d2682 .hr-inner{\nwidth:50px;\nborder-color:rgba(0,0,0,0.54);\n}\n<\/style>\n<div  class='hr av-q6ehk2-f38dc2c75b52042041a73f8dd13d2682 hr-custom  avia-builder-el-8  el_after_av_heading  el_before_av_textblock  hr-left hr-icon-no'><span class='hr-inner inner-border-av-border-fat'><span class=\"hr-inner-style\"><\/span><\/span><\/div><br \/>\n<section  class='av_textblock_section av-ob8siq-d27b1cedf407ed55ff097afb85ba5141'  itemscope=\"itemscope\" itemtype=\"https:\/\/schema.org\/CreativeWork\" ><div class='avia_textblock'  itemprop=\"text\" ><p>Qualit\u00e4t der Holzbeschaffung is ein Grund f\u00fcr die Lebendigkeit eines Valaiski. Jedoch ist Holzbeschaffung nur der erste Schritt im langen Prozess den Holzkern f\u00fcr sein Leben im Valaiski vorzubereiten.<\/p>\n<p>Wir bei Valaiski beschaffen h\u00f6chste Holzqualit\u00e4ten aus aller Welt einschliesslich des unber\u00fchrtem hochalpinen Waldes des Wallis in der Schweiz.<\/p>\n<p>Dann lagern wir es in unserer Klimakammer f\u00fcr lange Zeit ein.<\/p>\n<p>Zeit ist das was h\u00f6chstwertiges Holz brauch um langsam auf exakt 48% Holzfeuchte auszutrocknen auf der es dann solange bleibt bis seine Struktur weitm\u00f6glichst Isotrop homogenisiert ist.<\/p>\n<p>Erst jetzt wird der Kern in seine finale Form gebracht und per Hand in einen einzigartigen Ski verwandelt.<\/p>\n<\/div><\/section><\/p><\/div>\n<style type=\"text\/css\" data-created_by=\"avia_inline_auto\" id=\"style-css-av-m9ztyq-7049dc5c039609257874d07813975a2c\">\n.flex_column.av-m9ztyq-7049dc5c039609257874d07813975a2c{\n-webkit-border-radius:0px 0px 0px 0px;\n-moz-border-radius:0px 0px 0px 0px;\nborder-radius:0px 0px 0px 0px;\npadding:0px 0px 0px 0px;\n}\n<\/style>\n<div class='flex_column av-m9ztyq-7049dc5c039609257874d07813975a2c av_two_fifth  avia-builder-el-10  el_after_av_three_fifth  avia-builder-el-last  flex_column_div av-zero-column-padding '     ><\/div>\n\n<\/div><\/div><\/main><!-- close content main element --><\/div><\/div><\/div><div id='call-for-action'  class='avia-section av-lfk5iq-79959e09bd7172625dfebbb497538655 main_color avia-section-default avia-no-shadow  avia-builder-el-11  el_after_av_section  el_before_av_section  avia-bg-style-scroll container_wrap sidebar_right'  ><div class='container av-section-cont-open' ><div class='template-page content  av-content-small alpha units'><div class='post-entry post-entry-type-page post-entry-5880'><div class='entry-content-wrapper clearfix'>\n\n<style type=\"text\/css\" data-created_by=\"avia_inline_auto\" id=\"style-css-av-1yio4y-30de58d3c55a446e15dd4d53cb1050a6\">\n#top .flex_column.av-1yio4y-30de58d3c55a446e15dd4d53cb1050a6{\nmargin-top:0px;\nmargin-bottom:0px;\n}\n.flex_column.av-1yio4y-30de58d3c55a446e15dd4d53cb1050a6{\n-webkit-border-radius:0px 0px 0px 0px;\n-moz-border-radius:0px 0px 0px 0px;\nborder-radius:0px 0px 0px 0px;\npadding:15px 15px 15px 15px;\n}\n.responsive #top #wrap_all .flex_column.av-1yio4y-30de58d3c55a446e15dd4d53cb1050a6{\nmargin-top:0px;\nmargin-bottom:0px;\n}\n<\/style>\n<div class='flex_column av-1yio4y-30de58d3c55a446e15dd4d53cb1050a6 av_one_fifth  avia-builder-el-12  el_before_av_three_fifth  avia-builder-el-first  first no_margin flex_column_div av-animated-generic left-to-right '     ><\/div>\n<style type=\"text\/css\" data-created_by=\"avia_inline_auto\" id=\"style-css-av-gr3c6q-d3629c1baae917779cf71ae9bd9ae614\">\n#top .flex_column.av-gr3c6q-d3629c1baae917779cf71ae9bd9ae614{\nmargin-top:0px;\nmargin-bottom:0px;\n}\n.flex_column.av-gr3c6q-d3629c1baae917779cf71ae9bd9ae614{\n-webkit-border-radius:0px 0px 0px 0px;\n-moz-border-radius:0px 0px 0px 0px;\nborder-radius:0px 0px 0px 0px;\npadding:0px 0px 0px 0px;\n}\n.responsive #top #wrap_all .flex_column.av-gr3c6q-d3629c1baae917779cf71ae9bd9ae614{\nmargin-top:0px;\nmargin-bottom:0px;\n}\n<\/style>\n<div class='flex_column av-gr3c6q-d3629c1baae917779cf71ae9bd9ae614 av_three_fifth  avia-builder-el-13  el_after_av_one_fifth  avia-builder-el-last  no_margin flex_column_div av-animated-generic pop-up av-zero-column-padding '     ><p>\n<style type=\"text\/css\" data-created_by=\"avia_inline_auto\" id=\"style-css-av-1jcz2q-18eb786f5aba7088b0fd2c079fe232a1\">\n.avia-image-container.av-1jcz2q-18eb786f5aba7088b0fd2c079fe232a1 img.avia_image{\nbox-shadow:none;\n}\n.avia-image-container.av-1jcz2q-18eb786f5aba7088b0fd2c079fe232a1 .av-image-caption-overlay-center{\ncolor:#ffffff;\n}\n<\/style>\n<div  class='avia-image-container av-1jcz2q-18eb786f5aba7088b0fd2c079fe232a1 av-styling- avia_animated_image av-animated-when-visible-95 fade-in avia-align-center  avia-builder-el-14  el_before_av_hr  avia-builder-el-first '   itemprop=\"image\" itemscope=\"itemscope\" itemtype=\"https:\/\/schema.org\/ImageObject\" ><div class=\"avia-image-container-inner\"><div class=\"avia-image-overlay-wrap\"><img class='wp-image-5441 avia-img-lazy-loading-not-5441 avia_image ' src=\"https:\/\/valaiski.com\/wp-content\/uploads\/2017\/08\/VS-5-PNG-300x188.png\" alt='' title='VS 5 PNG'  height=\"188\" width=\"300\"  itemprop=\"thumbnailUrl\" srcset=\"https:\/\/valaiski.com\/wp-content\/uploads\/2017\/08\/VS-5-PNG-300x188.png 300w, https:\/\/valaiski.com\/wp-content\/uploads\/2017\/08\/VS-5-PNG-768x481.png 768w, https:\/\/valaiski.com\/wp-content\/uploads\/2017\/08\/VS-5-PNG-1030x645.png 1030w, https:\/\/valaiski.com\/wp-content\/uploads\/2017\/08\/VS-5-PNG-1500x939.png 1500w, https:\/\/valaiski.com\/wp-content\/uploads\/2017\/08\/VS-5-PNG-705x441.png 705w, https:\/\/valaiski.com\/wp-content\/uploads\/2017\/08\/VS-5-PNG-450x282.png 450w, https:\/\/valaiski.com\/wp-content\/uploads\/2017\/08\/VS-5-PNG.png 1992w\" sizes=\"(max-width: 300px) 100vw, 300px\" \/><\/div><\/div><\/div><br \/>\n\n<style type=\"text\/css\" data-created_by=\"avia_inline_auto\" id=\"style-css-av-dfcfaa-0a09ac9ddc56dde952143d50be492fb9\">\n#top .hr.hr-invisible.av-dfcfaa-0a09ac9ddc56dde952143d50be492fb9{\nheight:30px;\n}\n<\/style>\n<div  class='hr av-dfcfaa-0a09ac9ddc56dde952143d50be492fb9 hr-invisible  avia-builder-el-15  el_after_av_image  el_before_av_textblock '><span class='hr-inner '><span class=\"hr-inner-style\"><\/span><\/span><\/div><br \/>\n<section  class='av_textblock_section av-172dfm-e9e65f5e49f2e04fec2988a2fed41533'  itemscope=\"itemscope\" itemtype=\"https:\/\/schema.org\/CreativeWork\" ><div class='avia_textblock'  itemprop=\"text\" ><h3 style=\"text-align: center;\">Von Schweizer Meisterhand gefertigt<\/h3>\n<h3 style=\"text-align: center;\">Ihr einzigartiger Ski<\/h3>\n<\/div><\/section><br \/>\n\n<style type=\"text\/css\" data-created_by=\"avia_inline_auto\" id=\"style-css-av-abjv0y-0143ba13ec8f9d6742930e4bd03f8ae9\">\n#top .hr.hr-invisible.av-abjv0y-0143ba13ec8f9d6742930e4bd03f8ae9{\nheight:30px;\n}\n<\/style>\n<div  class='hr av-abjv0y-0143ba13ec8f9d6742930e4bd03f8ae9 hr-invisible  avia-builder-el-17  el_after_av_textblock  el_before_av_button '><span class='hr-inner '><span class=\"hr-inner-style\"><\/span><\/span><\/div><br \/>\n<div  class='avia-button-wrap av-95my1e-7c44baf751d5b31d9b4c74f5be4a2b26-wrap avia-button-center  avia-builder-el-18  el_after_av_hr  el_before_av_hr '><a href='https:\/\/valaiski.com\/get-started\/' class='avia-button av-95my1e-7c44baf751d5b31d9b4c74f5be4a2b26 avia-icon_select-yes-left-icon avia-size-large avia-position-center av-icon-on-hover avia-color-dark' target=\"_blank\" rel=\"noopener noreferrer\"><span class='avia_button_icon avia_button_icon_left' aria-hidden='true' data-av_icon='\ue826' data-av_iconfont='entypo-fontello'><\/span><span class='avia_iconbox_title' >Click here to start<\/span><\/a><\/div><br \/>\n\n<style type=\"text\/css\" data-created_by=\"avia_inline_auto\" id=\"style-css-av-7rlgn6-21b0d8a38bdd7e13842ac91a4a10440a\">\n#top .hr.hr-invisible.av-7rlgn6-21b0d8a38bdd7e13842ac91a4a10440a{\nheight:15px;\n}\n<\/style>\n<div  class='hr av-7rlgn6-21b0d8a38bdd7e13842ac91a4a10440a hr-invisible  avia-builder-el-19  el_after_av_button  el_before_av_textblock '><span class='hr-inner '><span class=\"hr-inner-style\"><\/span><\/span><\/div><br \/>\n<section  class='av_textblock_section av-5fnk2a-6a1829ab07915efe7263f63c70cdd631'  itemscope=\"itemscope\" itemtype=\"https:\/\/schema.org\/CreativeWork\" ><div class='avia_textblock'  itemprop=\"text\" ><p style=\"text-align: center;\">Holen Sie sich Ihren perfekt angepassten massgefertigten Ski. Es is ganz einfach!<\/p>\n<\/div><\/section><\/p><\/div><\/div><\/div><\/div><!-- close content main div --><\/div><\/div><div id='av_section_3'  class='avia-section av-4ipuvm-6670454350716d8714dc81e9e72d3e11 alternate_color avia-section-default avia-no-shadow  avia-builder-el-21  el_after_av_section  avia-builder-el-last  avia-bg-style-scroll container_wrap sidebar_right'  ><div class='container av-section-cont-open' ><div class='template-page content  av-content-small alpha units'><div class='post-entry post-entry-type-page post-entry-5880'><div class='entry-content-wrapper clearfix'>\n<div  class='avia-button-wrap av-24f2qq-2e075bc732b36a95312932499ff1ad1f-wrap avia-button-center  avia-builder-el-22  avia-builder-el-no-sibling '><a href='https:\/\/valaiski.com\/home-copy\/'  class='avia-button av-24f2qq-2e075bc732b36a95312932499ff1ad1f avia-icon_select-yes-left-icon avia-size-large avia-position-center av-icon-on-hover avia-color-silver'  ><span class='avia_button_icon avia_button_icon_left' aria-hidden='true' data-av_icon='\ue830' data-av_iconfont='entypo-fontello'><\/span><span class='avia_iconbox_title' >Zur\u00fcck<\/span><\/a><\/div>\n<\/div><\/div><\/div><!-- close content main div --><\/div><\/div><div id='after_section_3'  class='main_color av_default_container_wrap container_wrap sidebar_right'  ><div class='container av-section-cont-open' ><div class='template-page content  av-content-small alpha units'><div class='post-entry post-entry-type-page post-entry-5880'><div class='entry-content-wrapper clearfix'><\/p>\n","protected":false},"excerpt":{"rendered":"","protected":false},"author":2,"featured_media":0,"parent":0,"menu_order":0,"comment_status":"closed","ping_status":"closed","template":"","meta":[],"yoast_head":"<!-- This site is optimized with the Yoast SEO plugin v20.6 - https:\/\/yoast.com\/wordpress\/plugins\/seo\/ -->\n<title>Warum Holzkern - Valaiski<\/title>\n<meta name=\"robots\" content=\"index, follow, max-snippet:-1, max-image-preview:large, max-video-preview:-1\" \/>\n<link rel=\"canonical\" href=\"https:\/\/valaiski.com\/de\/warum-holzkern\/\" \/>\n<meta property=\"og:locale\" content=\"de_DE\" \/>\n<meta property=\"og:type\" content=\"article\" \/>\n<meta property=\"og:title\" content=\"Warum Holzkern - Valaiski\" \/>\n<meta property=\"og:url\" content=\"https:\/\/valaiski.com\/de\/warum-holzkern\/\" \/>\n<meta property=\"og:site_name\" content=\"Valaiski\" \/>\n<meta property=\"article:publisher\" content=\"https:\/\/www.facebook.com\/VALAISKI\" \/>\n<meta property=\"article:modified_time\" content=\"2018-11-14T13:17:29+00:00\" \/>\n<meta name=\"twitter:card\" content=\"summary_large_image\" \/>\n<meta name=\"twitter:label1\" content=\"Gesch\u00e4tzte Lesezeit\" \/>\n\t<meta name=\"twitter:data1\" content=\"8\u00a0Minuten\" \/>\n<script type=\"application\/ld+json\" class=\"yoast-schema-graph\">{\"@context\":\"https:\/\/schema.org\",\"@graph\":[{\"@type\":\"WebPage\",\"@id\":\"https:\/\/valaiski.com\/de\/warum-holzkern\/\",\"url\":\"https:\/\/valaiski.com\/de\/warum-holzkern\/\",\"name\":\"Warum Holzkern - Valaiski\",\"isPartOf\":{\"@id\":\"https:\/\/valaiski.com\/#website\"},\"datePublished\":\"2017-09-25T17:59:38+00:00\",\"dateModified\":\"2018-11-14T13:17:29+00:00\",\"breadcrumb\":{\"@id\":\"https:\/\/valaiski.com\/de\/warum-holzkern\/#breadcrumb\"},\"inLanguage\":\"de\",\"potentialAction\":[{\"@type\":\"ReadAction\",\"target\":[\"https:\/\/valaiski.com\/de\/warum-holzkern\/\"]}]},{\"@type\":\"BreadcrumbList\",\"@id\":\"https:\/\/valaiski.com\/de\/warum-holzkern\/#breadcrumb\",\"itemListElement\":[{\"@type\":\"ListItem\",\"position\":1,\"name\":\"Home\",\"item\":\"https:\/\/valaiski.com\/de\/\"},{\"@type\":\"ListItem\",\"position\":2,\"name\":\"Warum Holzkern\"}]},{\"@type\":\"WebSite\",\"@id\":\"https:\/\/valaiski.com\/#website\",\"url\":\"https:\/\/valaiski.com\/\",\"name\":\"Valaiski\",\"description\":\"Swiss Bespoke Ski Tailoring\",\"publisher\":{\"@id\":\"https:\/\/valaiski.com\/#organization\"},\"potentialAction\":[{\"@type\":\"SearchAction\",\"target\":{\"@type\":\"EntryPoint\",\"urlTemplate\":\"https:\/\/valaiski.com\/?s={search_term_string}\"},\"query-input\":\"required name=search_term_string\"}],\"inLanguage\":\"de\"},{\"@type\":\"Organization\",\"@id\":\"https:\/\/valaiski.com\/#organization\",\"name\":\"Valaiski\",\"url\":\"https:\/\/valaiski.com\/\",\"logo\":{\"@type\":\"ImageObject\",\"inLanguage\":\"de\",\"@id\":\"https:\/\/valaiski.com\/#\/schema\/logo\/image\/\",\"url\":\"https:\/\/valaiski.com\/wp-content\/uploads\/2017\/08\/VS-5-PNG.png\",\"contentUrl\":\"https:\/\/valaiski.com\/wp-content\/uploads\/2017\/08\/VS-5-PNG.png\",\"width\":1992,\"height\":1247,\"caption\":\"Valaiski\"},\"image\":{\"@id\":\"https:\/\/valaiski.com\/#\/schema\/logo\/image\/\"},\"sameAs\":[\"https:\/\/www.facebook.com\/VALAISKI\"]}]}<\/script>\n<!-- \/ Yoast SEO plugin. -->","yoast_head_json":{"title":"Warum Holzkern - Valaiski","robots":{"index":"index","follow":"follow","max-snippet":"max-snippet:-1","max-image-preview":"max-image-preview:large","max-video-preview":"max-video-preview:-1"},"canonical":"https:\/\/valaiski.com\/de\/warum-holzkern\/","og_locale":"de_DE","og_type":"article","og_title":"Warum Holzkern - Valaiski","og_url":"https:\/\/valaiski.com\/de\/warum-holzkern\/","og_site_name":"Valaiski","article_publisher":"https:\/\/www.facebook.com\/VALAISKI","article_modified_time":"2018-11-14T13:17:29+00:00","twitter_card":"summary_large_image","twitter_misc":{"Gesch\u00e4tzte Lesezeit":"8\u00a0Minuten"},"schema":{"@context":"https:\/\/schema.org","@graph":[{"@type":"WebPage","@id":"https:\/\/valaiski.com\/de\/warum-holzkern\/","url":"https:\/\/valaiski.com\/de\/warum-holzkern\/","name":"Warum Holzkern - Valaiski","isPartOf":{"@id":"https:\/\/valaiski.com\/#website"},"datePublished":"2017-09-25T17:59:38+00:00","dateModified":"2018-11-14T13:17:29+00:00","breadcrumb":{"@id":"https:\/\/valaiski.com\/de\/warum-holzkern\/#breadcrumb"},"inLanguage":"de","potentialAction":[{"@type":"ReadAction","target":["https:\/\/valaiski.com\/de\/warum-holzkern\/"]}]},{"@type":"BreadcrumbList","@id":"https:\/\/valaiski.com\/de\/warum-holzkern\/#breadcrumb","itemListElement":[{"@type":"ListItem","position":1,"name":"Home","item":"https:\/\/valaiski.com\/de\/"},{"@type":"ListItem","position":2,"name":"Warum Holzkern"}]},{"@type":"WebSite","@id":"https:\/\/valaiski.com\/#website","url":"https:\/\/valaiski.com\/","name":"Valaiski","description":"Swiss Bespoke Ski Tailoring","publisher":{"@id":"https:\/\/valaiski.com\/#organization"},"potentialAction":[{"@type":"SearchAction","target":{"@type":"EntryPoint","urlTemplate":"https:\/\/valaiski.com\/?s={search_term_string}"},"query-input":"required name=search_term_string"}],"inLanguage":"de"},{"@type":"Organization","@id":"https:\/\/valaiski.com\/#organization","name":"Valaiski","url":"https:\/\/valaiski.com\/","logo":{"@type":"ImageObject","inLanguage":"de","@id":"https:\/\/valaiski.com\/#\/schema\/logo\/image\/","url":"https:\/\/valaiski.com\/wp-content\/uploads\/2017\/08\/VS-5-PNG.png","contentUrl":"https:\/\/valaiski.com\/wp-content\/uploads\/2017\/08\/VS-5-PNG.png","width":1992,"height":1247,"caption":"Valaiski"},"image":{"@id":"https:\/\/valaiski.com\/#\/schema\/logo\/image\/"},"sameAs":["https:\/\/www.facebook.com\/VALAISKI"]}]}},"_links":{"self":[{"href":"https:\/\/valaiski.com\/de\/wp-json\/wp\/v2\/pages\/5880"}],"collection":[{"href":"https:\/\/valaiski.com\/de\/wp-json\/wp\/v2\/pages"}],"about":[{"href":"https:\/\/valaiski.com\/de\/wp-json\/wp\/v2\/types\/page"}],"author":[{"embeddable":true,"href":"https:\/\/valaiski.com\/de\/wp-json\/wp\/v2\/users\/2"}],"replies":[{"embeddable":true,"href":"https:\/\/valaiski.com\/de\/wp-json\/wp\/v2\/comments?post=5880"}],"version-history":[{"count":17,"href":"https:\/\/valaiski.com\/de\/wp-json\/wp\/v2\/pages\/5880\/revisions"}],"predecessor-version":[{"id":7473,"href":"https:\/\/valaiski.com\/de\/wp-json\/wp\/v2\/pages\/5880\/revisions\/7473"}],"wp:attachment":[{"href":"https:\/\/valaiski.com\/de\/wp-json\/wp\/v2\/media?parent=5880"}],"curies":[{"name":"wp","href":"https:\/\/api.w.org\/{rel}","templated":true}]}}