{"id":7166,"date":"2017-10-30T15:58:08","date_gmt":"2017-10-30T14:58:08","guid":{"rendered":"http:\/\/valaiski.com\/impressum-2\/"},"modified":"2018-11-14T14:17:39","modified_gmt":"2018-11-14T13:17:39","slug":"impressum-2","status":"publish","type":"page","link":"https:\/\/valaiski.com\/de\/impressum-2\/","title":{"rendered":"Impressum"},"content":{"rendered":"\n<style type=\"text\/css\" data-created_by=\"avia_inline_auto\" id=\"style-css-av-g4xu7j-9fdfb01fa8b728c090c93052f6fd29aa\">\n.avia-section.av-g4xu7j-9fdfb01fa8b728c090c93052f6fd29aa{\nbackground-color:#565656;\nbackground-image:unset;\n}\n<\/style>\n<div id='av_section_1'  class='avia-section av-g4xu7j-9fdfb01fa8b728c090c93052f6fd29aa main_color avia-section-default avia-no-shadow  avia-builder-el-0  avia-builder-el-no-sibling  avia-bg-style-scroll container_wrap sidebar_right'  ><div class='container av-section-cont-open' ><main  role=\"main\" itemprop=\"mainContentOfPage\"  class='template-page content  av-content-small alpha units'><div class='post-entry post-entry-type-page post-entry-7166'><div class='entry-content-wrapper clearfix'>\n\n<style type=\"text\/css\" data-created_by=\"avia_inline_auto\" id=\"style-css-av-djjctr-ace63040af9062c3f0b63e289c1628ce\">\n#top .av-special-heading.av-djjctr-ace63040af9062c3f0b63e289c1628ce{\npadding-bottom:10px;\ncolor:#ffffff;\n}\nbody .av-special-heading.av-djjctr-ace63040af9062c3f0b63e289c1628ce .av-special-heading-tag .heading-char{\nfont-size:25px;\n}\n.av-special-heading.av-djjctr-ace63040af9062c3f0b63e289c1628ce .special-heading-inner-border{\nborder-color:#ffffff;\n}\n.av-special-heading.av-djjctr-ace63040af9062c3f0b63e289c1628ce .av-subheading{\nfont-size:15px;\n}\n<\/style>\n<div  class='av-special-heading av-djjctr-ace63040af9062c3f0b63e289c1628ce av-special-heading-h1 custom-color-heading blockquote modern-quote modern-centered  avia-builder-el-1  el_before_av_hr  avia-builder-el-first '><h1 class='av-special-heading-tag'  itemprop=\"headline\"  >Impressum<\/h1><div class=\"special-heading-border\"><div class=\"special-heading-inner-border\"><\/div><\/div><\/div>\n\n<style type=\"text\/css\" data-created_by=\"avia_inline_auto\" id=\"style-css-av-cgb3rz-f3889e449acb33ade66c54ef19823de4\">\n#top .hr.av-cgb3rz-f3889e449acb33ade66c54ef19823de4{\nmargin-top:30px;\nmargin-bottom:60px;\n}\n.hr.av-cgb3rz-f3889e449acb33ade66c54ef19823de4 .hr-inner{\nwidth:50px;\nborder-color:#ffffff;\n}\n<\/style>\n<div  class='hr av-cgb3rz-f3889e449acb33ade66c54ef19823de4 hr-custom  avia-builder-el-2  el_after_av_heading  el_before_av_image  hr-center hr-icon-no'><span class='hr-inner inner-border-av-border-fat'><span class=\"hr-inner-style\"><\/span><\/span><\/div>\n\n<style type=\"text\/css\" data-created_by=\"avia_inline_auto\" id=\"style-css-av-bg75xr-8abc3cd0409f5225b13563fca50dff40\">\n.avia-image-container.av-bg75xr-8abc3cd0409f5225b13563fca50dff40 img.avia_image{\nbox-shadow:none;\n}\n.avia-image-container.av-bg75xr-8abc3cd0409f5225b13563fca50dff40 .av-image-caption-overlay-center{\ncolor:#ffffff;\n}\n<\/style>\n<div  class='avia-image-container av-bg75xr-8abc3cd0409f5225b13563fca50dff40 av-styling- avia-align-center  avia-builder-el-3  el_after_av_hr  el_before_av_hr '   itemprop=\"image\" itemscope=\"itemscope\" itemtype=\"https:\/\/schema.org\/ImageObject\" ><div class=\"avia-image-container-inner\"><div class=\"avia-image-overlay-wrap\"><img class='wp-image-5393 avia-img-lazy-loading-not-5393 avia_image ' src=\"https:\/\/valaiski.com\/wp-content\/uploads\/2017\/07\/gob2w-e1499690108130.png\" alt='' title='gob2w'  height=\"135\" width=\"200\"  itemprop=\"thumbnailUrl\"  \/><\/div><\/div><\/div>\n\n<style type=\"text\/css\" data-created_by=\"avia_inline_auto\" id=\"style-css-av-vj167-7cdee9a638cc6e64ca2750df062ca441\">\n#top .hr.av-vj167-7cdee9a638cc6e64ca2750df062ca441{\nmargin-top:15px;\nmargin-bottom:15px;\n}\n.hr.av-vj167-7cdee9a638cc6e64ca2750df062ca441 .hr-inner{\nwidth:50px;\nborder-color:#ffffff;\n}\n<\/style>\n<div  class='hr av-vj167-7cdee9a638cc6e64ca2750df062ca441 hr-custom  avia-builder-el-4  el_after_av_image  el_before_av_textblock  hr-center hr-icon-no'><span class='hr-inner inner-border-av-border-none'><span class=\"hr-inner-style\"><\/span><\/span><\/div>\n\n<style type=\"text\/css\" data-created_by=\"avia_inline_auto\" id=\"style-css-av-6zi9rj-ec361e4fa6af3f4f3f1fc27eaa2afe79\">\n#top .av_textblock_section.av-6zi9rj-ec361e4fa6af3f4f3f1fc27eaa2afe79 .avia_textblock{\ncolor:#ffffff;\n}\n<\/style>\n<section  class='av_textblock_section av-6zi9rj-ec361e4fa6af3f4f3f1fc27eaa2afe79'  itemscope=\"itemscope\" itemtype=\"https:\/\/schema.org\/CreativeWork\" ><div class='avia_textblock av_inherit_color'  itemprop=\"text\" ><p><strong>Firmenname<\/strong><br \/>\ngoBespoke International GmbH<\/p>\n<p><strong>Gesch\u00e4ftsf\u00fchrender Gesellschafter<\/strong><br \/>\nDipl. Ing. Claudio Menz<\/p>\n<p><strong>Adress<\/strong><br \/>\nStadelmatt 9<br \/>\nCH 6331 H\u00fcnenberg<br \/>\nSchweiz<\/p>\n<p><strong>Hotline<\/strong><br \/>\n+420 776 064 669<\/p>\n<p><strong>Tel<\/strong><br \/>\n+41 79 566 55 68<\/p>\n<p><strong>Email<\/strong><br \/>\ninfo@valaiski.com<\/p>\n<div class=\"page\" title=\"Page 4\">\n<div class=\"section\">\n<div class=\"layoutArea\">\n<div class=\"column\"><\/div>\n<\/div>\n<\/div>\n<\/div>\n<div class=\"page\" title=\"Page 5\">\n<div class=\"section\">\n<div class=\"layoutArea\">\n<div class=\"column\">\n<h3>Haftung f\u00fcr Inhalte<\/h3>\n<p>Als Diensteanbieter sind wir f\u00fcr eigene Inhalte auf diesen Seiten nach den allgemeinen Gesetzen verantwortlich. Wir als Diensteanbieter jedoch nicht verpflichtet, \u00fcbermittelte oder gespeicherte fremde Informationen zu \u00fcberwachen oder nach Umst\u00e4nden zu forschen, die auf eine rechtswidrige T\u00e4tigkeit hinweisen.<\/p>\n<p>Verpflichtungen zur Entfernung oder Sperrung der Nutzung von Informationen nach den allgemeinen Gesetzen bleiben hiervon unber\u00fchrt. Eine diesbez\u00fcgliche Haftung ist jedoch erst ab dem Zeitpunkt der Kenntnis einer konkreten Rechtsverletzung m\u00f6glich. Bei Bekanntwerden von entsprechenden Rechtsverletzungen werden wir diese Inhalte umgehend entfernen.<\/p>\n<h3>Haftung f\u00fcr Links<\/h3>\n<p>Unser Angebot enth\u00e4lt Links zu externen Websites Dritter, auf deren Inhalte wir keinen Einfluss haben. Deshalb k\u00f6nnen wir f\u00fcr diese fremden Inhalte auch keine Gew\u00e4hr \u00fcbernehmen. F\u00fcr die Inhalte der verlinkten Seiten ist stets der jeweilige Anbieter oder Betreiber der Seiten verantwortlich. Die verlinkten Seiten wurden zum Zeitpunkt der Verlinkung auf m\u00f6gliche Rechtsverst\u00f6\u00dfe \u00fcberpr\u00fcft. Rechtswidrige Inhalte waren zum Zeitpunkt der Verlinkung nicht erkennbar.<\/p>\n<p>Eine permanente inhaltliche Kontrolle der verlinkten Seiten ist jedoch ohne konkrete Anhaltspunkte einer Rechtsverletzung nicht zumutbar. Bei Bekanntwerden von Rechtsverletzungen werden wir derartige Links umgehend entfernen.<\/p>\n<h3>Urheberrecht<\/h3>\n<p>Die durch die Seitenbetreiber erstellten Inhalte und Werke auf diesen Seiten unterliegen dem deutschen Urheberrecht. Die Vervielf\u00e4ltigung, Bearbeitung, Verbreitung und jede Art der Verwertung au\u00dferhalb der Grenzen des Urheberrechtes bed\u00fcrfen der schriftlichen Zustimmung des jeweiligen Autors bzw. Erstellers. Downloads und Kopien dieser Seite sind nur f\u00fcr den privaten, nicht kommerziellen Gebrauch gestattet.<\/p>\n<p>Soweit die Inhalte auf dieser Seite nicht vom Betreiber erstellt wurden, werden die Urheberrechte Dritter beachtet. Insbesondere werden Inhalte Dritter als solche gekennzeichnet. Sollten Sie trotzdem auf eine Urheberrechtsverletzung aufmerksam werden, bitten wir um einen entsprechenden Hinweis. Bei Bekanntwerden von Rechtsverletzungen werden wir derartige Inhalte umgehend entfernen.<\/p>\n<\/div><\/section>\n\n<style type=\"text\/css\" data-created_by=\"avia_inline_auto\" id=\"style-css-av-mu3qn-8965804995d4e72fe889d625e7b1ebd6\">\n#top .av-special-heading.av-mu3qn-8965804995d4e72fe889d625e7b1ebd6{\npadding-bottom:10px;\ncolor:#ffffff;\n}\nbody .av-special-heading.av-mu3qn-8965804995d4e72fe889d625e7b1ebd6 .av-special-heading-tag .heading-char{\nfont-size:25px;\n}\n.av-special-heading.av-mu3qn-8965804995d4e72fe889d625e7b1ebd6 .special-heading-inner-border{\nborder-color:#ffffff;\n}\n.av-special-heading.av-mu3qn-8965804995d4e72fe889d625e7b1ebd6 .av-subheading{\nfont-size:15px;\n}\n<\/style>\n<div  class='av-special-heading av-mu3qn-8965804995d4e72fe889d625e7b1ebd6 av-special-heading-h2 custom-color-heading blockquote modern-quote  avia-builder-el-6  el_after_av_textblock  el_before_av_hr '><h2 class='av-special-heading-tag'  itemprop=\"headline\"  >Copyrights<\/h2><div class=\"special-heading-border\"><div class=\"special-heading-inner-border\"><\/div><\/div><\/div>\n\n<style type=\"text\/css\" data-created_by=\"avia_inline_auto\" id=\"style-css-av-4nrftb-fd81d6bc9086118421b0c98543defd0a\">\n#top .hr.av-4nrftb-fd81d6bc9086118421b0c98543defd0a{\nmargin-top:15px;\nmargin-bottom:15px;\n}\n.hr.av-4nrftb-fd81d6bc9086118421b0c98543defd0a .hr-inner{\nwidth:50px;\nborder-color:#ffffff;\n}\n<\/style>\n<div  class='hr av-4nrftb-fd81d6bc9086118421b0c98543defd0a hr-custom  avia-builder-el-7  el_after_av_heading  el_before_av_textblock  hr-left hr-icon-no'><span class='hr-inner inner-border-av-border-fat'><span class=\"hr-inner-style\"><\/span><\/span><\/div>\n<section  class='av_textblock_section av-38rnun-ea15c8edb02069ea4bc61af4d4be362d'  itemscope=\"itemscope\" itemtype=\"https:\/\/schema.org\/CreativeWork\" ><div class='avia_textblock'  itemprop=\"text\" ><p>Design, Text, Graphics und Produkte sind under copyright \u00a9 goBespoke International GmbH. All Rechte vorbehalten.<\/p>\n<p>Bilder (Photos, Graphics, etc.) haben copyright Schutz, u.a.:<em>\u00a0<\/em><\/p>\n<p><em>\u00a9\u00a0<\/em>Christian Pfammatter- info@christianpfammatter.ch,\u00a0<i>\u00a9 mlehmann78 &#8211; Fotolia.com,\u00a0\u00a9 dell &#8211; Fotolia.com, \u00a9 eyetronic &#8211; Fotolia.com,\u00a0\u00a9 Lukas Gojda &#8211; Fotolia.com,\u00a0\u00a9 TTstudio &#8211; Fotolia.com,\u00a0\u00a9 shirophoto &#8211; Fotolia.com,\u00a0\u00a9 Gorilla &#8211; Fotolia.com,\u00a0\u00a9 peshkova &#8211; Fotolia.com, \u00a9 swisshippo &#8211; Fotolia.com, \u00a9 by-studio &#8211;\u00a0Fotolia.com, <em>\u00a9 Lukas Gojda &#8211; Fotolia.com,\u00a0\u00a9 shame87 &#8211; Fotolia.com<\/em>\u00a0<\/i><\/p>\n<\/div><\/section>\n<\/div><\/div><\/main><!-- close content main element --><\/div><\/div><div id='after_section_1'  class='main_color av_default_container_wrap container_wrap sidebar_right'  ><div class='container av-section-cont-open' ><div class='template-page content  av-content-small alpha units'><div class='post-entry post-entry-type-page post-entry-7166'><div class='entry-content-wrapper clearfix'>\n","protected":false},"excerpt":{"rendered":"","protected":false},"author":2,"featured_media":0,"parent":0,"menu_order":0,"comment_status":"closed","ping_status":"closed","template":"","meta":[],"yoast_head":"<!-- This site is optimized with the Yoast SEO plugin v20.6 - https:\/\/yoast.com\/wordpress\/plugins\/seo\/ -->\n<title>Impressum - Valaiski<\/title>\n<meta name=\"robots\" content=\"index, follow, max-snippet:-1, max-image-preview:large, max-video-preview:-1\" \/>\n<link rel=\"canonical\" href=\"https:\/\/valaiski.com\/de\/impressum-2\/\" \/>\n<meta property=\"og:locale\" content=\"de_DE\" \/>\n<meta property=\"og:type\" content=\"article\" \/>\n<meta property=\"og:title\" content=\"Impressum - Valaiski\" \/>\n<meta property=\"og:url\" content=\"https:\/\/valaiski.com\/de\/impressum-2\/\" \/>\n<meta property=\"og:site_name\" content=\"Valaiski\" \/>\n<meta property=\"article:publisher\" content=\"https:\/\/www.facebook.com\/VALAISKI\" \/>\n<meta property=\"article:modified_time\" content=\"2018-11-14T13:17:39+00:00\" \/>\n<meta name=\"twitter:card\" content=\"summary_large_image\" \/>\n<meta name=\"twitter:label1\" content=\"Gesch\u00e4tzte Lesezeit\" \/>\n\t<meta name=\"twitter:data1\" content=\"4\u00a0Minuten\" \/>\n<script type=\"application\/ld+json\" class=\"yoast-schema-graph\">{\"@context\":\"https:\/\/schema.org\",\"@graph\":[{\"@type\":\"WebPage\",\"@id\":\"https:\/\/valaiski.com\/de\/impressum-2\/\",\"url\":\"https:\/\/valaiski.com\/de\/impressum-2\/\",\"name\":\"Impressum - Valaiski\",\"isPartOf\":{\"@id\":\"https:\/\/valaiski.com\/#website\"},\"datePublished\":\"2017-10-30T14:58:08+00:00\",\"dateModified\":\"2018-11-14T13:17:39+00:00\",\"breadcrumb\":{\"@id\":\"https:\/\/valaiski.com\/de\/impressum-2\/#breadcrumb\"},\"inLanguage\":\"de\",\"potentialAction\":[{\"@type\":\"ReadAction\",\"target\":[\"https:\/\/valaiski.com\/de\/impressum-2\/\"]}]},{\"@type\":\"BreadcrumbList\",\"@id\":\"https:\/\/valaiski.com\/de\/impressum-2\/#breadcrumb\",\"itemListElement\":[{\"@type\":\"ListItem\",\"position\":1,\"name\":\"Home\",\"item\":\"https:\/\/valaiski.com\/de\/\"},{\"@type\":\"ListItem\",\"position\":2,\"name\":\"Impressum\"}]},{\"@type\":\"WebSite\",\"@id\":\"https:\/\/valaiski.com\/#website\",\"url\":\"https:\/\/valaiski.com\/\",\"name\":\"Valaiski\",\"description\":\"Swiss Bespoke Ski Tailoring\",\"publisher\":{\"@id\":\"https:\/\/valaiski.com\/#organization\"},\"potentialAction\":[{\"@type\":\"SearchAction\",\"target\":{\"@type\":\"EntryPoint\",\"urlTemplate\":\"https:\/\/valaiski.com\/?s={search_term_string}\"},\"query-input\":\"required name=search_term_string\"}],\"inLanguage\":\"de\"},{\"@type\":\"Organization\",\"@id\":\"https:\/\/valaiski.com\/#organization\",\"name\":\"Valaiski\",\"url\":\"https:\/\/valaiski.com\/\",\"logo\":{\"@type\":\"ImageObject\",\"inLanguage\":\"de\",\"@id\":\"https:\/\/valaiski.com\/#\/schema\/logo\/image\/\",\"url\":\"https:\/\/valaiski.com\/wp-content\/uploads\/2017\/08\/VS-5-PNG.png\",\"contentUrl\":\"https:\/\/valaiski.com\/wp-content\/uploads\/2017\/08\/VS-5-PNG.png\",\"width\":1992,\"height\":1247,\"caption\":\"Valaiski\"},\"image\":{\"@id\":\"https:\/\/valaiski.com\/#\/schema\/logo\/image\/\"},\"sameAs\":[\"https:\/\/www.facebook.com\/VALAISKI\"]}]}<\/script>\n<!-- \/ Yoast SEO plugin. -->","yoast_head_json":{"title":"Impressum - Valaiski","robots":{"index":"index","follow":"follow","max-snippet":"max-snippet:-1","max-image-preview":"max-image-preview:large","max-video-preview":"max-video-preview:-1"},"canonical":"https:\/\/valaiski.com\/de\/impressum-2\/","og_locale":"de_DE","og_type":"article","og_title":"Impressum - Valaiski","og_url":"https:\/\/valaiski.com\/de\/impressum-2\/","og_site_name":"Valaiski","article_publisher":"https:\/\/www.facebook.com\/VALAISKI","article_modified_time":"2018-11-14T13:17:39+00:00","twitter_card":"summary_large_image","twitter_misc":{"Gesch\u00e4tzte Lesezeit":"4\u00a0Minuten"},"schema":{"@context":"https:\/\/schema.org","@graph":[{"@type":"WebPage","@id":"https:\/\/valaiski.com\/de\/impressum-2\/","url":"https:\/\/valaiski.com\/de\/impressum-2\/","name":"Impressum - Valaiski","isPartOf":{"@id":"https:\/\/valaiski.com\/#website"},"datePublished":"2017-10-30T14:58:08+00:00","dateModified":"2018-11-14T13:17:39+00:00","breadcrumb":{"@id":"https:\/\/valaiski.com\/de\/impressum-2\/#breadcrumb"},"inLanguage":"de","potentialAction":[{"@type":"ReadAction","target":["https:\/\/valaiski.com\/de\/impressum-2\/"]}]},{"@type":"BreadcrumbList","@id":"https:\/\/valaiski.com\/de\/impressum-2\/#breadcrumb","itemListElement":[{"@type":"ListItem","position":1,"name":"Home","item":"https:\/\/valaiski.com\/de\/"},{"@type":"ListItem","position":2,"name":"Impressum"}]},{"@type":"WebSite","@id":"https:\/\/valaiski.com\/#website","url":"https:\/\/valaiski.com\/","name":"Valaiski","description":"Swiss Bespoke Ski Tailoring","publisher":{"@id":"https:\/\/valaiski.com\/#organization"},"potentialAction":[{"@type":"SearchAction","target":{"@type":"EntryPoint","urlTemplate":"https:\/\/valaiski.com\/?s={search_term_string}"},"query-input":"required name=search_term_string"}],"inLanguage":"de"},{"@type":"Organization","@id":"https:\/\/valaiski.com\/#organization","name":"Valaiski","url":"https:\/\/valaiski.com\/","logo":{"@type":"ImageObject","inLanguage":"de","@id":"https:\/\/valaiski.com\/#\/schema\/logo\/image\/","url":"https:\/\/valaiski.com\/wp-content\/uploads\/2017\/08\/VS-5-PNG.png","contentUrl":"https:\/\/valaiski.com\/wp-content\/uploads\/2017\/08\/VS-5-PNG.png","width":1992,"height":1247,"caption":"Valaiski"},"image":{"@id":"https:\/\/valaiski.com\/#\/schema\/logo\/image\/"},"sameAs":["https:\/\/www.facebook.com\/VALAISKI"]}]}},"_links":{"self":[{"href":"https:\/\/valaiski.com\/de\/wp-json\/wp\/v2\/pages\/7166"}],"collection":[{"href":"https:\/\/valaiski.com\/de\/wp-json\/wp\/v2\/pages"}],"about":[{"href":"https:\/\/valaiski.com\/de\/wp-json\/wp\/v2\/types\/page"}],"author":[{"embeddable":true,"href":"https:\/\/valaiski.com\/de\/wp-json\/wp\/v2\/users\/2"}],"replies":[{"embeddable":true,"href":"https:\/\/valaiski.com\/de\/wp-json\/wp\/v2\/comments?post=7166"}],"version-history":[{"count":10,"href":"https:\/\/valaiski.com\/de\/wp-json\/wp\/v2\/pages\/7166\/revisions"}],"predecessor-version":[{"id":7481,"href":"https:\/\/valaiski.com\/de\/wp-json\/wp\/v2\/pages\/7166\/revisions\/7481"}],"wp:attachment":[{"href":"https:\/\/valaiski.com\/de\/wp-json\/wp\/v2\/media?parent=7166"}],"curies":[{"name":"wp","href":"https:\/\/api.w.org\/{rel}","templated":true}]}}