{"id":6182,"date":"2017-11-01T15:01:01","date_gmt":"2017-11-01T14:01:01","guid":{"rendered":"http:\/\/valaiski.com\/agb\/"},"modified":"2018-11-14T14:17:22","modified_gmt":"2018-11-14T13:17:22","slug":"agb","status":"publish","type":"page","link":"https:\/\/valaiski.com\/fr\/agb\/","title":{"rendered":"AGB"},"content":{"rendered":"\n<style type=\"text\/css\" data-created_by=\"avia_inline_auto\" id=\"style-css-av-av_section-9c84b401d2e7d008e2a2f0fec8212c82\">\n.avia-section.av-av_section-9c84b401d2e7d008e2a2f0fec8212c82{\nbackground-color:#565656;\nbackground-image:unset;\n}\n<\/style>\n<div id='av_section_1'  class='avia-section av-av_section-9c84b401d2e7d008e2a2f0fec8212c82 main_color avia-section-large avia-no-border-styling  avia-builder-el-0  avia-builder-el-no-sibling  avia-bg-style-scroll container_wrap sidebar_right'  ><div class='container av-section-cont-open' ><main  role=\"main\" itemprop=\"mainContentOfPage\"  class='template-page content  av-content-small alpha units'><div class='post-entry post-entry-type-page post-entry-6182'><div class='entry-content-wrapper clearfix'>\n\n<style type=\"text\/css\" data-created_by=\"avia_inline_auto\" id=\"style-css-av-av_heading-b9e9f572b868a73db8727c54b1f7702a\">\n#top .av-special-heading.av-av_heading-b9e9f572b868a73db8727c54b1f7702a{\npadding-bottom:20px;\ncolor:#ffffff;\nfont-size:40px;\n}\nbody .av-special-heading.av-av_heading-b9e9f572b868a73db8727c54b1f7702a .av-special-heading-tag .heading-char{\nfont-size:25px;\n}\n#top #wrap_all .av-special-heading.av-av_heading-b9e9f572b868a73db8727c54b1f7702a .av-special-heading-tag{\nfont-size:40px;\n}\n.av-special-heading.av-av_heading-b9e9f572b868a73db8727c54b1f7702a .special-heading-inner-border{\nborder-color:#ffffff;\n}\n.av-special-heading.av-av_heading-b9e9f572b868a73db8727c54b1f7702a .av-subheading{\nfont-size:15px;\n}\n\n@media only screen and (min-width: 480px) and (max-width: 767px){ \n#top #wrap_all .av-special-heading.av-av_heading-b9e9f572b868a73db8727c54b1f7702a .av-special-heading-tag{\nfont-size:0.8em;\n}\n}\n\n@media only screen and (max-width: 479px){ \n#top #wrap_all .av-special-heading.av-av_heading-b9e9f572b868a73db8727c54b1f7702a .av-special-heading-tag{\nfont-size:0.8em;\n}\n}\n<\/style>\n<div  class='av-special-heading av-av_heading-b9e9f572b868a73db8727c54b1f7702a av-special-heading-h1 custom-color-heading blockquote modern-quote modern-centered  avia-builder-el-1  el_before_av_hr  avia-builder-el-first  av-inherit-size'><h1 class='av-special-heading-tag'  itemprop=\"headline\"  >AGB<\/h1><div class=\"special-heading-border\"><div class=\"special-heading-inner-border\"><\/div><\/div><\/div>\n\n<style type=\"text\/css\" data-created_by=\"avia_inline_auto\" id=\"style-css-av-av_hr-c20d89ee3b6fe1c9cf981b9b1039acd5\">\n#top .hr.av-av_hr-c20d89ee3b6fe1c9cf981b9b1039acd5{\nmargin-top:10px;\nmargin-bottom:10px;\n}\n.hr.av-av_hr-c20d89ee3b6fe1c9cf981b9b1039acd5 .hr-inner{\nwidth:50px;\nborder-color:#ffffff;\n}\n<\/style>\n<div  class='hr av-av_hr-c20d89ee3b6fe1c9cf981b9b1039acd5 hr-custom  avia-builder-el-2  el_after_av_heading  el_before_av_one_fifth  hr-center hr-icon-no'><span class='hr-inner inner-border-av-border-fat'><span class=\"hr-inner-style\"><\/span><\/span><\/div>\n\n<style type=\"text\/css\" data-created_by=\"avia_inline_auto\" id=\"style-css-av-av_one_fifth-15d750bd1b332b34c6e70b077ebbccdf\">\n.flex_column.av-av_one_fifth-15d750bd1b332b34c6e70b077ebbccdf{\n-webkit-border-radius:0px 0px 0px 0px;\n-moz-border-radius:0px 0px 0px 0px;\nborder-radius:0px 0px 0px 0px;\npadding:0px 0px 0px 0px;\n}\n<\/style>\n<div class='flex_column av-av_one_fifth-15d750bd1b332b34c6e70b077ebbccdf av_one_fifth  avia-builder-el-3  el_after_av_hr  el_before_av_three_fifth  first flex_column_div av-zero-column-padding '     ><\/div>\n<style type=\"text\/css\" data-created_by=\"avia_inline_auto\" id=\"style-css-av-av_three_fifth-0aa7055fe62c3622faec82866afbaeb2\">\n.flex_column.av-av_three_fifth-0aa7055fe62c3622faec82866afbaeb2{\n-webkit-border-radius:0px 0px 0px 0px;\n-moz-border-radius:0px 0px 0px 0px;\nborder-radius:0px 0px 0px 0px;\npadding:0px 0px 0px 0px;\n}\n<\/style>\n<div class='flex_column av-av_three_fifth-0aa7055fe62c3622faec82866afbaeb2 av_three_fifth  avia-builder-el-4  el_after_av_one_fifth  avia-builder-el-last  flex_column_div av-zero-column-padding '     ><style type=\"text\/css\" data-created_by=\"avia_inline_auto\" id=\"style-css-av-av_textblock-dd2387397296c1a314b0b5f4a3f918a3\">\n#top .av_textblock_section.av-av_textblock-dd2387397296c1a314b0b5f4a3f918a3 .avia_textblock{\ncolor:#ffffff;\n}\n<\/style>\n<section  class='av_textblock_section av-av_textblock-dd2387397296c1a314b0b5f4a3f918a3'  itemscope=\"itemscope\" itemtype=\"https:\/\/schema.org\/CreativeWork\" ><div class='avia_textblock av_inherit_color'  itemprop=\"text\" ><p><strong>Allgemeine Gesch\u00e4ftsbedingungen<\/strong><br \/>\nzur Bestellung von Valaiski der goBespoke International (im Folgenden nur noch gB genannt)<br \/>\nV1.1 \/ Stand: 30. Oktober 2017<\/p>\n<p><strong>\u00a7 1 Allgemeines<\/strong><br \/>\n(1) Es gilt stets die zum Zeitpunkt der Bestellung g\u00fcltige Fassung der AGB.<br \/>\n(2) Abweichenden Vorschriften der Kunden wird hiermit widersprochen; andere Bedingungen\u00a0 werden nicht Vertragsinhalt, auch dann nicht, wenn ihnen nicht ausdr\u00fccklich widersprochen wurde, es sei denn, gB hat deren Geltung ausdr\u00fccklich schriftlich zugestimmt.<\/p>\n<p><strong>\u00a7 2 Zustandekommen des Vertrages<\/strong><br \/>\n(1) Der Kunde gibt mit der Bestellung der Waren ein verbindliches Angebot zum Abschluss eines Kaufvertrages ab. Er erh\u00e4lt sodann umgehend per E-Mail eine Bestelleingangsbest\u00e4tigung nebst Widerrufsbelehrung. Diese stellt noch keine Annahme des Angebots dar. Erst mit ausdr\u00fccklicher Annahme dieser Bestellung durch gB kommt der Vertrag zustande. Die Annahme oder Ablehnung des Angebots des Kunden erfolgt durch \u00dcbermittlung einer Annahmeerkl\u00e4rung oder einer Ablehnungserkl\u00e4rung gegen\u00fcber dem Kunden per E-Mail an die vom Kunden angegebene E-Mail-Adresse.<\/p>\n<p><strong>\u00a7 3 Zahlung und Verzug<\/strong><br \/>\n(1) Die Belieferung der Kunden durch gB erfolgt gegen Zahlung des Kaufpreises per Vorkasse oder auf Rechnung.<br \/>\n(2) gB stellt dem Kunden auf Anfrage eine Rechnung aus, die ihm dann per E-Mail zugeht.<br \/>\n(3) Bei versp\u00e4teter Zahlung fallen Verzugszinsen in H\u00f6he von 5 Prozentpunkten \u00fcber dem Basiszinssatz der Schweizer Bundesbank an. gB ist berechtigt, einen h\u00f6heren Verzugsschaden nachzuweisen und zu verlangen.<\/p>\n<p><strong>\u00a7 4 Lieferung<\/strong><br \/>\n(1) Die bestellten Waren werden, sofern vertraglich nicht abweichend vereinbart, an die vom Kunden angegebene Lieferadresse geliefert.<br \/>\n(2) Alle Lieferfristen sind unverbindlich, soweit nicht von gB ein Liefertermin ausdr\u00fccklich verbindlich zugesagt wurde.<br \/>\n(3) Falls gB ohne eigenes Verschulden zur Lieferung der bestellten Ware nicht in der Lage ist, weil zur Belieferung des Kunden ein Deckungsgesch\u00e4ft mit einem Lieferanten geschlossen wurde und der Lieferant von gB seine vertraglichen Verpflichtungen gegen\u00fcber gB sodann nicht erf\u00fcllt, ist gB dem Kunden gegen\u00fcber zum R\u00fccktritt berechtigt. In diesem Fall wird der Kunde unverz\u00fcglich dar\u00fcber informiert, dass die bestellte Ware nicht zur Verf\u00fcgung steht. Falls die Bezahlung des Kaufpreises bereits erfolgt ist, wird dieser unverz\u00fcglich zur\u00fcckerstattet.<br \/>\n(4) Die gesetzlichen Anspr\u00fcche des Kunden bleiben im \u00dcbrigen unber\u00fchrt.<br \/>\n(5) Jegliche Lieferung in Drittl\u00e4nder au\u00dferhalb der Schweiz und der EU erfolgt unverzollt und unversteuert.<\/p>\n<p><strong>\u00a7 5 Widerrufsbelehrung<\/strong><\/p>\n<p>Widerrufsrecht<\/p>\n<p>Sie haben das Recht, binnen 48h ohne Angabe von Gr\u00fcnden Ihre Bestellung zu widerrufen. Die Widerrufsfrist betr\u00e4gt 48h ab schriftlicher Best\u00e4tigung Ihrer Ski Massanfertigung.<br \/>\nUm Ihr Widerrufsrecht auszu\u00fcben, m\u00fcssen Sie uns mittels einer eindeutigen Erkl\u00e4rung (z.B. E-Mail) \u00fcber Ihren Entschluss, diesen Vertrag zu widerrufen, informieren. Machen Sie von dieser M\u00f6glichkeit Gebrauch, so werden wir Ihnen unverz\u00fcglich (z. B. per E-Mail) eine Best\u00e4tigung \u00fcber den Eingang eines solchen Widerrufs \u00fcbermitteln. Zur Wahrung der Widerrufsfrist gen\u00fcgt die rechtzeitige Absendung des Widerrufs.<\/p>\n<p>Der Widerruf ist zu richten an:<br \/>\n<b><\/b><\/p>\n<p><b>goBespoke International<br \/>\n<\/b><strong>E-Mail: tailormade@valaiski.com<br \/>\nHotline: +420 776 064 669<\/strong><br \/>\n<strong>Tel: +41 79 566 55 68<\/strong><\/p>\n<p>Widerrufsfolgen<\/p>\n<p>Im Falle eines wirksamen Widerrufs haben wir Ihnen alle Zahlungen, die wir von Ihnen erhalten haben, einschlie\u00dflich der Lieferkosten (mit Ausnahme der zus\u00e4tzlichen Kosten, die sich daraus ergeben, dass Sie eine andere Art der Lieferung als die von uns angebotene, g\u00fcnstigste Standardlieferung gew\u00e4hlt haben), unverz\u00fcglich und sp\u00e4testens binnen vierzehn Tagen ab dem Tag zur\u00fcckzuzahlen, an dem die Mitteilung \u00fcber Ihren Widerruf dieses Vertrags bei uns eingegangen ist. F\u00fcr diese R\u00fcckzahlung verwenden wir dasselbe Zahlungsmittel, das Sie bei der urspr\u00fcnglichen Transaktion eingesetzt haben, es sei denn, mit Ihnen wurde ausdr\u00fccklich etwas anderes vereinbart; in keinem Fall werden Ihnen wegen dieser R\u00fcckzahlung Entgelte berechnet. Wir k\u00f6nnen die R\u00fcckzahlung verweigern, bis wir die Waren wieder zur\u00fcckerhalten haben oder bis Sie den Nachweis erbracht haben, dass Sie die Waren zur\u00fcckgesandt haben, je nachdem, welches der fr\u00fchere Zeitpunkt ist. Sie haben die Waren unverz\u00fcglich und in jedem Fall sp\u00e4testens binnen vierzehn Tagen ab dem Tag, an dem Sie uns \u00fcber den Widerruf dieses Vertrags unterrichten, an uns zur\u00fcckzusenden oder zu \u00fcbergeben. Die Frist ist gewahrt, wenn Sie die Waren vor Ablauf der Frist von vierzehn Tagen absenden.<br \/>\nSie tragen die unmittelbaren Kosten der R\u00fccksendung der Waren. Sie m\u00fcssen f\u00fcr einen etwaigen Wertverlust der Waren nur aufkommen, wenn dieser Wertverlust auf einen zur Pr\u00fcfung der Beschaffenheit, Eigenschaften und Funktionsweise der Waren nicht notwendigen Umgang mit ihnen zur\u00fcckzuf\u00fchren ist.<\/p>\n<p>Ende der Widerrufsbelehrung<\/p>\n<p><strong>\u00a7 6 Eigentumsvorbehalt<\/strong><br \/>\nDie gelieferte Ware bleibt im Eigentum von gB bis zur vollst\u00e4ndigen Erf\u00fcllung aller Zahlungsverpflichtungen seitens des Kunden.<\/p>\n<p><strong>\u00a7 7 Aufrechnung und Zur\u00fcckbehaltungsrecht<\/strong><br \/>\nDas Recht zur Aufrechnung steht dem Kunden nur zu, wenn seine Gegenanspr\u00fcche von gB unbestritten oder rechtskr\u00e4ftig festgestellt sind. Zur Aus\u00fcbung eines Zur\u00fcckbehaltungsrechts ist der Kunde nur insoweit befugt, als sein Gegenanspruch auf demselben Vertragsverh\u00e4ltnis beruht.<\/p>\n<p><strong>\u00a7 8 M\u00e4ngelhaftung und Gew\u00e4hrleistung<\/strong><br \/>\n(1) Soweit M\u00e4ngel an der Ware \u2013 z.B. Produktionsfehler oder Besch\u00e4digungen \u2013 vorliegen, stehen dem Kunden 1 Jahr Garantie zu.<br \/>\n(2) Die Abtretung dieser Rechte des Kunden ist ausgeschlossen.<\/p>\n<p><strong>\u00a7 9 Schlussbestimmungen<\/strong><br \/>\n(1) Vertragssprache und Sprache f\u00fcr Erkl\u00e4rungen im Rahmen der Durchf\u00fchrung dieses Vertrages ist deutsch.<br \/>\n(2) \u00dcbersetzungen dieses Vertrages entfalten keine rechtlich verbindliche Wirkung. Entscheidend ist immer die deutschsprachige Fassung dieser Nutzungsbedingungen.<br \/>\n(3) Der Vertrag unterliegt ausschlie\u00dflich dem Recht der Schweiz. Verweist dieses Recht auf ausl\u00e4ndische Rechtsordnungen (R\u00fcck- und Weiterverweisungen), sind diese Verweisungen unwirksam.<br \/>\n(4) Das \u00dcbereinkommen \u00fcber den internationalen Warenkauf (\u201eCISG\u201c bzw. \u201eUN-Kaufrecht\u201c) wird im Rahmen dieses Vertrages ausgeschlossen.<br \/>\n(5) Der Schriftform bed\u00fcrfen alle Willens- oder Wissenserkl\u00e4rungen, Anzeigen, Zustimmungen oder \u00c4hnliches, soweit sie zwischen den Vertragsparteien Rechtswirkungen hervorrufen sollen. Falls sie m\u00fcndlich abgegeben werden, bed\u00fcrfen sie zu ihrer Wirksamkeit der schriftlichen Best\u00e4tigung. Die telekommunikative \u00dcbermittlung durch Telefax oder E-Mail erf\u00fcllt das Schriftformerfordernis nach diesem Absatz.<\/p>\n<p><strong>\u00a9 goBespoke International 2017<\/strong><\/p>\n<\/div><\/section><\/div><\/div><\/div><\/main><!-- close content main element --><\/div><\/div><div id='after_section_1'  class='main_color av_default_container_wrap container_wrap sidebar_right'  ><div class='container av-section-cont-open' ><div class='template-page content  av-content-small alpha units'><div class='post-entry post-entry-type-page post-entry-6182'><div class='entry-content-wrapper clearfix'>\n","protected":false},"excerpt":{"rendered":"","protected":false},"author":1,"featured_media":0,"parent":0,"menu_order":0,"comment_status":"closed","ping_status":"closed","template":"","meta":[],"yoast_head":"<!-- This site is optimized with the Yoast SEO plugin v20.6 - https:\/\/yoast.com\/wordpress\/plugins\/seo\/ -->\n<title>AGB - Valaiski<\/title>\n<meta name=\"robots\" content=\"index, follow, max-snippet:-1, max-image-preview:large, max-video-preview:-1\" \/>\n<link rel=\"canonical\" href=\"https:\/\/valaiski.com\/fr\/agb\/\" \/>\n<meta property=\"og:locale\" content=\"fr_FR\" \/>\n<meta property=\"og:type\" content=\"article\" \/>\n<meta property=\"og:title\" content=\"AGB - Valaiski\" \/>\n<meta property=\"og:url\" content=\"https:\/\/valaiski.com\/fr\/agb\/\" \/>\n<meta property=\"og:site_name\" content=\"Valaiski\" \/>\n<meta property=\"article:publisher\" content=\"https:\/\/www.facebook.com\/VALAISKI\" \/>\n<meta property=\"article:modified_time\" content=\"2018-11-14T13:17:22+00:00\" \/>\n<meta name=\"twitter:card\" content=\"summary_large_image\" \/>\n<meta name=\"twitter:label1\" content=\"Dur\u00e9e de lecture estim\u00e9e\" \/>\n\t<meta name=\"twitter:data1\" content=\"6 minutes\" \/>\n<script type=\"application\/ld+json\" class=\"yoast-schema-graph\">{\"@context\":\"https:\/\/schema.org\",\"@graph\":[{\"@type\":\"WebPage\",\"@id\":\"https:\/\/valaiski.com\/fr\/agb\/\",\"url\":\"https:\/\/valaiski.com\/fr\/agb\/\",\"name\":\"AGB - Valaiski\",\"isPartOf\":{\"@id\":\"https:\/\/valaiski.com\/#website\"},\"datePublished\":\"2017-11-01T14:01:01+00:00\",\"dateModified\":\"2018-11-14T13:17:22+00:00\",\"breadcrumb\":{\"@id\":\"https:\/\/valaiski.com\/fr\/agb\/#breadcrumb\"},\"inLanguage\":\"fr-FR\",\"potentialAction\":[{\"@type\":\"ReadAction\",\"target\":[\"https:\/\/valaiski.com\/fr\/agb\/\"]}]},{\"@type\":\"BreadcrumbList\",\"@id\":\"https:\/\/valaiski.com\/fr\/agb\/#breadcrumb\",\"itemListElement\":[{\"@type\":\"ListItem\",\"position\":1,\"name\":\"Home\",\"item\":\"https:\/\/valaiski.com\/fr\/\"},{\"@type\":\"ListItem\",\"position\":2,\"name\":\"AGB\"}]},{\"@type\":\"WebSite\",\"@id\":\"https:\/\/valaiski.com\/#website\",\"url\":\"https:\/\/valaiski.com\/\",\"name\":\"Valaiski\",\"description\":\"Swiss Bespoke Ski Tailoring\",\"publisher\":{\"@id\":\"https:\/\/valaiski.com\/#organization\"},\"potentialAction\":[{\"@type\":\"SearchAction\",\"target\":{\"@type\":\"EntryPoint\",\"urlTemplate\":\"https:\/\/valaiski.com\/?s={search_term_string}\"},\"query-input\":\"required name=search_term_string\"}],\"inLanguage\":\"fr-FR\"},{\"@type\":\"Organization\",\"@id\":\"https:\/\/valaiski.com\/#organization\",\"name\":\"Valaiski\",\"url\":\"https:\/\/valaiski.com\/\",\"logo\":{\"@type\":\"ImageObject\",\"inLanguage\":\"fr-FR\",\"@id\":\"https:\/\/valaiski.com\/#\/schema\/logo\/image\/\",\"url\":\"https:\/\/valaiski.com\/wp-content\/uploads\/2017\/08\/VS-5-PNG.png\",\"contentUrl\":\"https:\/\/valaiski.com\/wp-content\/uploads\/2017\/08\/VS-5-PNG.png\",\"width\":1992,\"height\":1247,\"caption\":\"Valaiski\"},\"image\":{\"@id\":\"https:\/\/valaiski.com\/#\/schema\/logo\/image\/\"},\"sameAs\":[\"https:\/\/www.facebook.com\/VALAISKI\"]}]}<\/script>\n<!-- \/ Yoast SEO plugin. -->","yoast_head_json":{"title":"AGB - Valaiski","robots":{"index":"index","follow":"follow","max-snippet":"max-snippet:-1","max-image-preview":"max-image-preview:large","max-video-preview":"max-video-preview:-1"},"canonical":"https:\/\/valaiski.com\/fr\/agb\/","og_locale":"fr_FR","og_type":"article","og_title":"AGB - Valaiski","og_url":"https:\/\/valaiski.com\/fr\/agb\/","og_site_name":"Valaiski","article_publisher":"https:\/\/www.facebook.com\/VALAISKI","article_modified_time":"2018-11-14T13:17:22+00:00","twitter_card":"summary_large_image","twitter_misc":{"Dur\u00e9e de lecture estim\u00e9e":"6 minutes"},"schema":{"@context":"https:\/\/schema.org","@graph":[{"@type":"WebPage","@id":"https:\/\/valaiski.com\/fr\/agb\/","url":"https:\/\/valaiski.com\/fr\/agb\/","name":"AGB - Valaiski","isPartOf":{"@id":"https:\/\/valaiski.com\/#website"},"datePublished":"2017-11-01T14:01:01+00:00","dateModified":"2018-11-14T13:17:22+00:00","breadcrumb":{"@id":"https:\/\/valaiski.com\/fr\/agb\/#breadcrumb"},"inLanguage":"fr-FR","potentialAction":[{"@type":"ReadAction","target":["https:\/\/valaiski.com\/fr\/agb\/"]}]},{"@type":"BreadcrumbList","@id":"https:\/\/valaiski.com\/fr\/agb\/#breadcrumb","itemListElement":[{"@type":"ListItem","position":1,"name":"Home","item":"https:\/\/valaiski.com\/fr\/"},{"@type":"ListItem","position":2,"name":"AGB"}]},{"@type":"WebSite","@id":"https:\/\/valaiski.com\/#website","url":"https:\/\/valaiski.com\/","name":"Valaiski","description":"Swiss Bespoke Ski Tailoring","publisher":{"@id":"https:\/\/valaiski.com\/#organization"},"potentialAction":[{"@type":"SearchAction","target":{"@type":"EntryPoint","urlTemplate":"https:\/\/valaiski.com\/?s={search_term_string}"},"query-input":"required name=search_term_string"}],"inLanguage":"fr-FR"},{"@type":"Organization","@id":"https:\/\/valaiski.com\/#organization","name":"Valaiski","url":"https:\/\/valaiski.com\/","logo":{"@type":"ImageObject","inLanguage":"fr-FR","@id":"https:\/\/valaiski.com\/#\/schema\/logo\/image\/","url":"https:\/\/valaiski.com\/wp-content\/uploads\/2017\/08\/VS-5-PNG.png","contentUrl":"https:\/\/valaiski.com\/wp-content\/uploads\/2017\/08\/VS-5-PNG.png","width":1992,"height":1247,"caption":"Valaiski"},"image":{"@id":"https:\/\/valaiski.com\/#\/schema\/logo\/image\/"},"sameAs":["https:\/\/www.facebook.com\/VALAISKI"]}]}},"_links":{"self":[{"href":"https:\/\/valaiski.com\/fr\/wp-json\/wp\/v2\/pages\/6182"}],"collection":[{"href":"https:\/\/valaiski.com\/fr\/wp-json\/wp\/v2\/pages"}],"about":[{"href":"https:\/\/valaiski.com\/fr\/wp-json\/wp\/v2\/types\/page"}],"author":[{"embeddable":true,"href":"https:\/\/valaiski.com\/fr\/wp-json\/wp\/v2\/users\/1"}],"replies":[{"embeddable":true,"href":"https:\/\/valaiski.com\/fr\/wp-json\/wp\/v2\/comments?post=6182"}],"version-history":[{"count":3,"href":"https:\/\/valaiski.com\/fr\/wp-json\/wp\/v2\/pages\/6182\/revisions"}],"predecessor-version":[{"id":7480,"href":"https:\/\/valaiski.com\/fr\/wp-json\/wp\/v2\/pages\/6182\/revisions\/7480"}],"wp:attachment":[{"href":"https:\/\/valaiski.com\/fr\/wp-json\/wp\/v2\/media?parent=6182"}],"curies":[{"name":"wp","href":"https:\/\/api.w.org\/{rel}","templated":true}]}}