{"id":6260,"date":"2017-11-01T21:58:16","date_gmt":"2017-11-01T20:58:16","guid":{"rendered":"http:\/\/valaiski.com\/swiss-made\/"},"modified":"2018-11-14T14:17:32","modified_gmt":"2018-11-14T13:17:32","slug":"swiss-made","status":"publish","type":"page","link":"https:\/\/valaiski.com\/fr\/swiss-made\/","title":{"rendered":"Swiss Made"},"content":{"rendered":"\n<style type=\"text\/css\" data-created_by=\"avia_inline_auto\" id=\"style-css-av-17lwal1-0612e87a4d0c9d5e8dc49b76c0836ae7\">\n.avia-section.av-17lwal1-0612e87a4d0c9d5e8dc49b76c0836ae7{\nbackground-repeat:no-repeat;\nbackground-image:url(https:\/\/valaiski.com\/wp-content\/uploads\/2017\/07\/matterhorn_flag_switzerland_schweiz_valais_wallis_zermatt_valaiski_bespoke_ski_tailoring_.jpg);\nbackground-position:50% 0%;\nbackground-attachment:fixed;\n}\n<\/style>\n<div id='av_section_1'  class='avia-section av-17lwal1-0612e87a4d0c9d5e8dc49b76c0836ae7 main_color avia-section-default avia-no-shadow  avia-builder-el-0  el_before_av_section  avia-builder-el-first  avia-full-stretch avia-bg-style-fixed av-minimum-height av-minimum-height-100  container_wrap sidebar_right'  data-section-bg-repeat='stretch' data-av_minimum_height_pc='100'><div class=\"av-section-color-overlay-wrap\"><a href='#next-section' title='' class='scroll-down-link ' aria-hidden='true' data-av_icon='\ue877' data-av_iconfont='entypo-fontello'><\/a><div class='container av-section-cont-open' ><main  role=\"main\" itemprop=\"mainContentOfPage\"  class='template-page content  av-content-small alpha units'><div class='post-entry post-entry-type-page post-entry-6260'><div class='entry-content-wrapper clearfix'>\n<\/div><\/div><\/main><!-- close content main element --><\/div><\/div><\/div><div id='av_section_2'  class='avia-section av-45u1cl-8ddbe7cb22cae1528856f4cde247647c main_color avia-section-default avia-no-shadow  avia-builder-el-1  el_after_av_section  el_before_av_section  avia-bg-style-scroll container_wrap sidebar_right'  ><div class='container av-section-cont-open' ><div class='template-page content  av-content-small alpha units'><div class='post-entry post-entry-type-page post-entry-6260'><div class='entry-content-wrapper clearfix'>\n\n<style type=\"text\/css\" data-created_by=\"avia_inline_auto\" id=\"style-css-av-1428yhh-528435dda3867a1f069cdf5dff4b168e\">\n#top .av-special-heading.av-1428yhh-528435dda3867a1f069cdf5dff4b168e{\npadding-bottom:10px;\n}\nbody .av-special-heading.av-1428yhh-528435dda3867a1f069cdf5dff4b168e .av-special-heading-tag .heading-char{\nfont-size:25px;\n}\n.av-special-heading.av-1428yhh-528435dda3867a1f069cdf5dff4b168e .av-subheading{\nfont-size:15px;\n}\n<\/style>\n<div  class='av-special-heading av-1428yhh-528435dda3867a1f069cdf5dff4b168e av-special-heading-h1 blockquote modern-quote modern-centered  avia-builder-el-2  el_before_av_hr  avia-builder-el-first '><h1 class='av-special-heading-tag'  itemprop=\"headline\"  >100% fait main en Valais<\/h1><div class=\"special-heading-border\"><div class=\"special-heading-inner-border\"><\/div><\/div><\/div>\n\n<style type=\"text\/css\" data-created_by=\"avia_inline_auto\" id=\"style-css-av-3u7fwl-d456b617964d93be77fd5f5ba678ff23\">\n#top .hr.av-3u7fwl-d456b617964d93be77fd5f5ba678ff23{\nmargin-top:15px;\nmargin-bottom:15px;\n}\n.hr.av-3u7fwl-d456b617964d93be77fd5f5ba678ff23 .hr-inner{\nwidth:50px;\n}\n<\/style>\n<div  class='hr av-3u7fwl-d456b617964d93be77fd5f5ba678ff23 hr-custom  avia-builder-el-3  el_after_av_heading  el_before_av_one_fifth  hr-center hr-icon-no'><span class='hr-inner inner-border-av-border-fat'><span class=\"hr-inner-style\"><\/span><\/span><\/div>\n\n<style type=\"text\/css\" data-created_by=\"avia_inline_auto\" id=\"style-css-av-3rmf51-1630517944702fa4b56245b55ac5585d\">\n.flex_column.av-3rmf51-1630517944702fa4b56245b55ac5585d{\n-webkit-border-radius:0px 0px 0px 0px;\n-moz-border-radius:0px 0px 0px 0px;\nborder-radius:0px 0px 0px 0px;\npadding:0px 0px 0px 0px;\n}\n<\/style>\n<div class='flex_column av-3rmf51-1630517944702fa4b56245b55ac5585d av_one_fifth  avia-builder-el-4  el_after_av_hr  el_before_av_three_fifth  first flex_column_div av-zero-column-padding '     ><\/div>\n<style type=\"text\/css\" data-created_by=\"avia_inline_auto\" id=\"style-css-av-zt5c9x-d2bef29138f9f18ad2162a71fc6aebe4\">\n.flex_column.av-zt5c9x-d2bef29138f9f18ad2162a71fc6aebe4{\n-webkit-border-radius:0px 0px 0px 0px;\n-moz-border-radius:0px 0px 0px 0px;\nborder-radius:0px 0px 0px 0px;\npadding:15px 15px 15px 15px;\n}\n<\/style>\n<div class='flex_column av-zt5c9x-d2bef29138f9f18ad2162a71fc6aebe4 av_three_fifth  avia-builder-el-5  el_after_av_one_fifth  avia-builder-el-last  flex_column_div '     ><style type=\"text\/css\" data-created_by=\"avia_inline_auto\" id=\"style-css-av-yao6f9-a3ea8fa60655bd9724b41c3499179aad\">\n#top .av_textblock_section.av-yao6f9-a3ea8fa60655bd9724b41c3499179aad .avia_textblock{\ncolor:#000000;\n}\n<\/style>\n<section  class='av_textblock_section av-yao6f9-a3ea8fa60655bd9724b41c3499179aad'  itemscope=\"itemscope\" itemtype=\"https:\/\/schema.org\/CreativeWork\" ><div class='avia_textblock av_inherit_color'  itemprop=\"text\" ><p>La tradition suisse de fabrication de skis alpin remonte \u00e0 1893, lorsque des artisans menuisiers de la r\u00e9gion, qui fabriquaient depuis des centaines d\u2019ann\u00e9es leurs propres skis pour optimiser les d\u00e9placements en montagne, ont d\u00e9cid\u00e9 de s\u2019int\u00e9resser \u00e0 la discipline naissante.<\/p>\n<p>Perfectionnant leur technique et ajustant leurs proc\u00e9d\u00e9s de fabrication au fil de l\u2019exp\u00e9rience acquise d\u00e8s les premi\u00e8res courses de ski alpin de l\u2019histoire, les maitres-artisans suisses sont rapidement devenus des leaders dans le domaine.<\/p>\n<\/div><\/section><\/div>\n\n<\/div><\/div><\/div><!-- close content main div --><\/div><\/div><div id='av_section_3'  class='avia-section av-wqu5b9-c2dd63eeade9cc69878a0cb718937336 alternate_color avia-section-default avia-no-shadow  avia-builder-el-7  el_after_av_section  el_before_av_section  avia-bg-style-scroll container_wrap sidebar_right'  ><div class='container av-section-cont-open' ><div class='template-page content  av-content-small alpha units'><div class='post-entry post-entry-type-page post-entry-6260'><div class='entry-content-wrapper clearfix'>\n\n<style type=\"text\/css\" data-created_by=\"avia_inline_auto\" id=\"style-css-av-v6mtt1-0fe981e8b8a43275abde6505346f9a3a\">\n.flex_column.av-v6mtt1-0fe981e8b8a43275abde6505346f9a3a{\n-webkit-border-radius:0px 0px 0px 0px;\n-moz-border-radius:0px 0px 0px 0px;\nborder-radius:0px 0px 0px 0px;\npadding:0px 0px 0px 0px;\n}\n<\/style>\n<div class='flex_column av-v6mtt1-0fe981e8b8a43275abde6505346f9a3a av_one_fifth  avia-builder-el-8  el_before_av_three_fifth  avia-builder-el-first  first flex_column_div av-zero-column-padding '     ><\/div>\n<style type=\"text\/css\" data-created_by=\"avia_inline_auto\" id=\"style-css-av-t0jedx-401841cdace262aa421443c71dec79bf\">\n.flex_column.av-t0jedx-401841cdace262aa421443c71dec79bf{\n-webkit-border-radius:0px 0px 0px 0px;\n-moz-border-radius:0px 0px 0px 0px;\nborder-radius:0px 0px 0px 0px;\npadding:15px 15px 15px 15px;\n}\n<\/style>\n<div class='flex_column av-t0jedx-401841cdace262aa421443c71dec79bf av_three_fifth  avia-builder-el-9  el_after_av_one_fifth  avia-builder-el-last  flex_column_div '     ><style type=\"text\/css\" data-created_by=\"avia_inline_auto\" id=\"style-css-av-rbw6ph-ad4f999a486e364487f7f31b0745a03c\">\n#top .av_textblock_section.av-rbw6ph-ad4f999a486e364487f7f31b0745a03c .avia_textblock{\ncolor:#000000;\n}\n<\/style>\n<section  class='av_textblock_section av-rbw6ph-ad4f999a486e364487f7f31b0745a03c'  itemscope=\"itemscope\" itemtype=\"https:\/\/schema.org\/CreativeWork\" ><div class='avia_textblock av_inherit_color'  itemprop=\"text\" ><p>Mais, \u00e0 l\u2019aube du 21e si\u00e8cle, la crise financi\u00e8re, qui bat son plein, contraint la plupart des ateliers suisses de fabrication de skis \u00e0 cesser leur activit\u00e9 ou \u00e0 \u00eatre rachet\u00e9s par des grands groupes internationaux.<\/p>\n<p>Ces derniers survivront gr\u00e2ce \u00e0 leur capacit\u00e9 financi\u00e8re et \u00e0 la mise en place de syst\u00e8mes de production de masse permettant de nombreuses \u00e9conomies d\u2019\u00e9chelle.<\/p>\n<p>C\u2019est ainsi qu\u2019a bien failli dispara\u00eetre le savoir-faire de nos ma\u00eetres-artisans, et que s\u2019\u00e9tait \u00e9galement \u00e9vanoui le souvenir des sensations ultimes de glisse sur des skis fait main.<\/p>\n<\/div><\/section><\/div>\n\n<\/div><\/div><\/div><!-- close content main div --><\/div><\/div><div id='av_section_4'  class='avia-section av-q5ymkl-d889def045e23c30c3c2317c78732847 main_color avia-section-default avia-no-shadow  avia-builder-el-11  el_after_av_section  el_before_av_section  avia-bg-style-scroll container_wrap sidebar_right'  ><div class='container av-section-cont-open' ><div class='template-page content  av-content-small alpha units'><div class='post-entry post-entry-type-page post-entry-6260'><div class='entry-content-wrapper clearfix'>\n\n<style type=\"text\/css\" data-created_by=\"avia_inline_auto\" id=\"style-css-av-o28af9-ec27bb6db45f95a7d37f0e84a9fe0363\">\n.flex_column.av-o28af9-ec27bb6db45f95a7d37f0e84a9fe0363{\n-webkit-border-radius:0px 0px 0px 0px;\n-moz-border-radius:0px 0px 0px 0px;\nborder-radius:0px 0px 0px 0px;\npadding:0px 0px 0px 0px;\n}\n<\/style>\n<div class='flex_column av-o28af9-ec27bb6db45f95a7d37f0e84a9fe0363 av_one_fifth  avia-builder-el-12  el_before_av_three_fifth  avia-builder-el-first  first flex_column_div av-zero-column-padding '     ><\/div>\n<style type=\"text\/css\" data-created_by=\"avia_inline_auto\" id=\"style-css-av-mzu1md-7b379c96dc7561cd60aeea150e79c984\">\n.flex_column.av-mzu1md-7b379c96dc7561cd60aeea150e79c984{\n-webkit-border-radius:0px 0px 0px 0px;\n-moz-border-radius:0px 0px 0px 0px;\nborder-radius:0px 0px 0px 0px;\npadding:15px 15px 15px 15px;\n}\n<\/style>\n<div class='flex_column av-mzu1md-7b379c96dc7561cd60aeea150e79c984 av_three_fifth  avia-builder-el-13  el_after_av_one_fifth  avia-builder-el-last  flex_column_div '     ><style type=\"text\/css\" data-created_by=\"avia_inline_auto\" id=\"style-css-av-k22lpx-f75d3b4e195224dfacabcddd6b544ad0\">\n#top .av_textblock_section.av-k22lpx-f75d3b4e195224dfacabcddd6b544ad0 .avia_textblock{\ncolor:#000000;\n}\n<\/style>\n<section  class='av_textblock_section av-k22lpx-f75d3b4e195224dfacabcddd6b544ad0'  itemscope=\"itemscope\" itemtype=\"https:\/\/schema.org\/CreativeWork\" ><div class='avia_textblock av_inherit_color'  itemprop=\"text\" ><p>En d\u00e9veloppant Valaiski, nous avions une mission \u00e0 l\u2019esprit:<\/p>\n<p>Faire revivre la tradition et le savoir-faire local de fabrication de ski, tout en y insufflant les comp\u00e9tences reconnues de la production suisse: pr\u00e9cision et perfection<\/p>\n<p>Avec ses mat\u00e9riaux, ses proc\u00e9d\u00e9s de fabrication et sa technologie de pointe, Valaiski vous ouvre les portes d\u2019un nouvel univers du ski, pr\u00e9c\u00e9demment accessible aux skieurs professionnels uniquement.<\/p>\n<p>R\u00e9alis\u00e9s sur mesure et parfaitement adapt\u00e9s \u00e0 votre style et \u00e0 vos souhaits.<\/p>\n<p>Valaiski &#8211; 100% fait main en Valais, Suisse<\/p>\n<p>D\u00e9couvrez un nouveau monde de l\u2019hiver<\/p>\n<\/div><\/section><\/div>\n\n<\/div><\/div><\/div><!-- close content main div --><\/div><\/div><div id='call-for-action'  class='avia-section av-jlde79-eb2ff415692f12bd29eabb2b94d22ab9 alternate_color avia-section-default avia-no-shadow  avia-builder-el-15  el_after_av_section  el_before_av_button  avia-bg-style-scroll container_wrap sidebar_right'  ><div class='container av-section-cont-open' ><div class='template-page content  av-content-small alpha units'><div class='post-entry post-entry-type-page post-entry-6260'><div class='entry-content-wrapper clearfix'>\n\n<style type=\"text\/css\" data-created_by=\"avia_inline_auto\" id=\"style-css-av-1qzbmd-ac1682d3044330544e1713737f48261b\">\n#top .flex_column.av-1qzbmd-ac1682d3044330544e1713737f48261b{\nmargin-top:0px;\nmargin-bottom:0px;\n}\n.flex_column.av-1qzbmd-ac1682d3044330544e1713737f48261b{\n-webkit-border-radius:0px 0px 0px 0px;\n-moz-border-radius:0px 0px 0px 0px;\nborder-radius:0px 0px 0px 0px;\npadding:15px 15px 15px 15px;\n}\n.responsive #top #wrap_all .flex_column.av-1qzbmd-ac1682d3044330544e1713737f48261b{\nmargin-top:0px;\nmargin-bottom:0px;\n}\n<\/style>\n<div class='flex_column av-1qzbmd-ac1682d3044330544e1713737f48261b av_one_fifth  avia-builder-el-16  el_before_av_three_fifth  avia-builder-el-first  first no_margin flex_column_div av-animated-generic left-to-right '     ><\/div>\n<style type=\"text\/css\" data-created_by=\"avia_inline_auto\" id=\"style-css-av-g9yp45-8e6ae8d496c9ca258e6769926704bdcd\">\n#top .flex_column.av-g9yp45-8e6ae8d496c9ca258e6769926704bdcd{\nmargin-top:0px;\nmargin-bottom:0px;\n}\n.flex_column.av-g9yp45-8e6ae8d496c9ca258e6769926704bdcd{\n-webkit-border-radius:0px 0px 0px 0px;\n-moz-border-radius:0px 0px 0px 0px;\nborder-radius:0px 0px 0px 0px;\npadding:0px 0px 0px 0px;\n}\n.responsive #top #wrap_all .flex_column.av-g9yp45-8e6ae8d496c9ca258e6769926704bdcd{\nmargin-top:0px;\nmargin-bottom:0px;\n}\n<\/style>\n<div class='flex_column av-g9yp45-8e6ae8d496c9ca258e6769926704bdcd av_three_fifth  avia-builder-el-17  el_after_av_one_fifth  avia-builder-el-last  no_margin flex_column_div av-animated-generic pop-up av-zero-column-padding '     ><p>\n<style type=\"text\/css\" data-created_by=\"avia_inline_auto\" id=\"style-css-av-dyeid1-771b2267ab41fc5e8514251a4000e985\">\n.avia-image-container.av-dyeid1-771b2267ab41fc5e8514251a4000e985 img.avia_image{\nbox-shadow:none;\n}\n.avia-image-container.av-dyeid1-771b2267ab41fc5e8514251a4000e985 .av-image-caption-overlay-center{\ncolor:#ffffff;\n}\n<\/style>\n<div  class='avia-image-container av-dyeid1-771b2267ab41fc5e8514251a4000e985 av-styling- avia_animated_image av-animated-when-visible-95 fade-in avia-align-center  avia-builder-el-18  el_before_av_hr  avia-builder-el-first '   itemprop=\"image\" itemscope=\"itemscope\" itemtype=\"https:\/\/schema.org\/ImageObject\" ><div class=\"avia-image-container-inner\"><div class=\"avia-image-overlay-wrap\"><img class='wp-image-6788 avia-img-lazy-loading-not-6788 avia_image ' src=\"https:\/\/valaiski.com\/wp-content\/uploads\/2017\/08\/VS-5-PNG-300x188.png\" alt='' title='VS 5 PNG'  height=\"188\" width=\"300\"  itemprop=\"thumbnailUrl\" srcset=\"https:\/\/valaiski.com\/wp-content\/uploads\/2017\/08\/VS-5-PNG-300x188.png 300w, https:\/\/valaiski.com\/wp-content\/uploads\/2017\/08\/VS-5-PNG-768x481.png 768w, https:\/\/valaiski.com\/wp-content\/uploads\/2017\/08\/VS-5-PNG-1030x645.png 1030w, https:\/\/valaiski.com\/wp-content\/uploads\/2017\/08\/VS-5-PNG-1500x939.png 1500w, https:\/\/valaiski.com\/wp-content\/uploads\/2017\/08\/VS-5-PNG-705x441.png 705w, https:\/\/valaiski.com\/wp-content\/uploads\/2017\/08\/VS-5-PNG-450x282.png 450w, https:\/\/valaiski.com\/wp-content\/uploads\/2017\/08\/VS-5-PNG.png 1992w\" sizes=\"(max-width: 300px) 100vw, 300px\" \/><\/div><\/div><\/div><br \/>\n\n<style type=\"text\/css\" data-created_by=\"avia_inline_auto\" id=\"style-css-av-cyw04l-9d68ead14e520445d1eddb2d783923c9\">\n#top .hr.hr-invisible.av-cyw04l-9d68ead14e520445d1eddb2d783923c9{\nheight:30px;\n}\n<\/style>\n<div  class='hr av-cyw04l-9d68ead14e520445d1eddb2d783923c9 hr-invisible  avia-builder-el-19  el_after_av_image  el_before_av_textblock '><span class='hr-inner '><span class=\"hr-inner-style\"><\/span><\/span><\/div><br \/>\n<section  class='av_textblock_section av-be9ohx-ab98ce5b599e727db406264ea79976e6'  itemscope=\"itemscope\" itemtype=\"https:\/\/schema.org\/CreativeWork\" ><div class='avia_textblock'  itemprop=\"text\" ><h3 style=\"text-align: center;\">Cr\u00e9\u00e9s par des experts suisses<br \/>\nRien que pour vous<\/h3>\n<\/div><\/section><br \/>\n\n<style type=\"text\/css\" data-created_by=\"avia_inline_auto\" id=\"style-css-av-9pd911-64a60a91be0fa1bde9094776f28ee080\">\n#top .hr.hr-invisible.av-9pd911-64a60a91be0fa1bde9094776f28ee080{\nheight:30px;\n}\n<\/style>\n<div  class='hr av-9pd911-64a60a91be0fa1bde9094776f28ee080 hr-invisible  avia-builder-el-21  el_after_av_textblock  el_before_av_button '><span class='hr-inner '><span class=\"hr-inner-style\"><\/span><\/span><\/div><br \/>\n<div  class='avia-button-wrap av-6sited-b036c8931b43645a409122d5b1b79d44-wrap avia-button-center  avia-builder-el-22  el_after_av_hr  el_before_av_hr '><a href='https:\/\/valaiski.com\/get-started\/' class='avia-button av-6sited-b036c8931b43645a409122d5b1b79d44 avia-icon_select-yes-left-icon avia-size-large avia-position-center av-icon-on-hover avia-color-dark' target=\"_blank\" rel=\"noopener noreferrer\"><span class='avia_button_icon avia_button_icon_left' aria-hidden='true' data-av_icon='\ue826' data-av_iconfont='entypo-fontello'><\/span><span class='avia_iconbox_title' >Cliquez ici pour commencer <\/span><\/a><\/div><br \/>\n\n<style type=\"text\/css\" data-created_by=\"avia_inline_auto\" id=\"style-css-av-5wdmg5-deb42e38a273cce2ebea17308276933f\">\n#top .hr.hr-invisible.av-5wdmg5-deb42e38a273cce2ebea17308276933f{\nheight:15px;\n}\n<\/style>\n<div  class='hr av-5wdmg5-deb42e38a273cce2ebea17308276933f hr-invisible  avia-builder-el-23  el_after_av_button  el_before_av_textblock '><span class='hr-inner '><span class=\"hr-inner-style\"><\/span><\/span><\/div><br \/>\n<section  class='av_textblock_section av-4v1yj9-8edf4164f0267d80f3d1e2ad70772247'  itemscope=\"itemscope\" itemtype=\"https:\/\/schema.org\/CreativeWork\" ><div class='avia_textblock'  itemprop=\"text\" ><p style=\"text-align: center;\">Commandez d\u00e8s \u00e0 pr\u00e9sent vos skis sur mesure. Tout simplement!<\/p>\n<\/div><\/section><\/p><\/div><\/div><\/div><\/div><!-- close content main div --><\/div><\/div><div id='after_section_5'  class='main_color av_default_container_wrap container_wrap sidebar_right'  ><div class='container av-section-cont-open' ><div class='template-page content  av-content-small alpha units'><div class='post-entry post-entry-type-page post-entry-6260'><div class='entry-content-wrapper clearfix'><div  class='avia-button-wrap av-39fubp-6fedf0ad359561db0a2e574826a12f36-wrap avia-button-center  avia-builder-el-25  el_after_av_section  avia-builder-el-no-sibling '><a href='https:\/\/valaiski.com\/home-copy\/'  class='avia-button av-39fubp-6fedf0ad359561db0a2e574826a12f36 avia-icon_select-yes-left-icon avia-size-large avia-position-center av-icon-on-hover avia-color-silver'  ><span class='avia_button_icon avia_button_icon_left' aria-hidden='true' data-av_icon='\ue830' data-av_iconfont='entypo-fontello'><\/span><span class='avia_iconbox_title' >Retourner<\/span><\/a><\/div><\/p>\n","protected":false},"excerpt":{"rendered":"","protected":false},"author":2,"featured_media":0,"parent":0,"menu_order":0,"comment_status":"closed","ping_status":"closed","template":"","meta":[],"yoast_head":"<!-- This site is optimized with the Yoast SEO plugin v20.6 - https:\/\/yoast.com\/wordpress\/plugins\/seo\/ -->\n<title>Swiss Made - Valaiski<\/title>\n<meta name=\"robots\" content=\"index, follow, max-snippet:-1, max-image-preview:large, max-video-preview:-1\" \/>\n<link rel=\"canonical\" href=\"https:\/\/valaiski.com\/fr\/swiss-made\/\" \/>\n<meta property=\"og:locale\" content=\"fr_FR\" \/>\n<meta property=\"og:type\" content=\"article\" \/>\n<meta property=\"og:title\" content=\"Swiss Made - Valaiski\" \/>\n<meta property=\"og:url\" content=\"https:\/\/valaiski.com\/fr\/swiss-made\/\" \/>\n<meta property=\"og:site_name\" content=\"Valaiski\" \/>\n<meta property=\"article:publisher\" content=\"https:\/\/www.facebook.com\/VALAISKI\" \/>\n<meta property=\"article:modified_time\" content=\"2018-11-14T13:17:32+00:00\" \/>\n<meta name=\"twitter:card\" content=\"summary_large_image\" \/>\n<meta name=\"twitter:label1\" content=\"Dur\u00e9e de lecture estim\u00e9e\" \/>\n\t<meta name=\"twitter:data1\" content=\"9 minutes\" \/>\n<script type=\"application\/ld+json\" class=\"yoast-schema-graph\">{\"@context\":\"https:\/\/schema.org\",\"@graph\":[{\"@type\":\"WebPage\",\"@id\":\"https:\/\/valaiski.com\/fr\/swiss-made\/\",\"url\":\"https:\/\/valaiski.com\/fr\/swiss-made\/\",\"name\":\"Swiss Made - Valaiski\",\"isPartOf\":{\"@id\":\"https:\/\/valaiski.com\/#website\"},\"datePublished\":\"2017-11-01T20:58:16+00:00\",\"dateModified\":\"2018-11-14T13:17:32+00:00\",\"breadcrumb\":{\"@id\":\"https:\/\/valaiski.com\/fr\/swiss-made\/#breadcrumb\"},\"inLanguage\":\"fr-FR\",\"potentialAction\":[{\"@type\":\"ReadAction\",\"target\":[\"https:\/\/valaiski.com\/fr\/swiss-made\/\"]}]},{\"@type\":\"BreadcrumbList\",\"@id\":\"https:\/\/valaiski.com\/fr\/swiss-made\/#breadcrumb\",\"itemListElement\":[{\"@type\":\"ListItem\",\"position\":1,\"name\":\"Home\",\"item\":\"https:\/\/valaiski.com\/fr\/\"},{\"@type\":\"ListItem\",\"position\":2,\"name\":\"Swiss Made\"}]},{\"@type\":\"WebSite\",\"@id\":\"https:\/\/valaiski.com\/#website\",\"url\":\"https:\/\/valaiski.com\/\",\"name\":\"Valaiski\",\"description\":\"Swiss Bespoke Ski Tailoring\",\"publisher\":{\"@id\":\"https:\/\/valaiski.com\/#organization\"},\"potentialAction\":[{\"@type\":\"SearchAction\",\"target\":{\"@type\":\"EntryPoint\",\"urlTemplate\":\"https:\/\/valaiski.com\/?s={search_term_string}\"},\"query-input\":\"required name=search_term_string\"}],\"inLanguage\":\"fr-FR\"},{\"@type\":\"Organization\",\"@id\":\"https:\/\/valaiski.com\/#organization\",\"name\":\"Valaiski\",\"url\":\"https:\/\/valaiski.com\/\",\"logo\":{\"@type\":\"ImageObject\",\"inLanguage\":\"fr-FR\",\"@id\":\"https:\/\/valaiski.com\/#\/schema\/logo\/image\/\",\"url\":\"https:\/\/valaiski.com\/wp-content\/uploads\/2017\/08\/VS-5-PNG.png\",\"contentUrl\":\"https:\/\/valaiski.com\/wp-content\/uploads\/2017\/08\/VS-5-PNG.png\",\"width\":1992,\"height\":1247,\"caption\":\"Valaiski\"},\"image\":{\"@id\":\"https:\/\/valaiski.com\/#\/schema\/logo\/image\/\"},\"sameAs\":[\"https:\/\/www.facebook.com\/VALAISKI\"]}]}<\/script>\n<!-- \/ Yoast SEO plugin. -->","yoast_head_json":{"title":"Swiss Made - Valaiski","robots":{"index":"index","follow":"follow","max-snippet":"max-snippet:-1","max-image-preview":"max-image-preview:large","max-video-preview":"max-video-preview:-1"},"canonical":"https:\/\/valaiski.com\/fr\/swiss-made\/","og_locale":"fr_FR","og_type":"article","og_title":"Swiss Made - Valaiski","og_url":"https:\/\/valaiski.com\/fr\/swiss-made\/","og_site_name":"Valaiski","article_publisher":"https:\/\/www.facebook.com\/VALAISKI","article_modified_time":"2018-11-14T13:17:32+00:00","twitter_card":"summary_large_image","twitter_misc":{"Dur\u00e9e de lecture estim\u00e9e":"9 minutes"},"schema":{"@context":"https:\/\/schema.org","@graph":[{"@type":"WebPage","@id":"https:\/\/valaiski.com\/fr\/swiss-made\/","url":"https:\/\/valaiski.com\/fr\/swiss-made\/","name":"Swiss Made - Valaiski","isPartOf":{"@id":"https:\/\/valaiski.com\/#website"},"datePublished":"2017-11-01T20:58:16+00:00","dateModified":"2018-11-14T13:17:32+00:00","breadcrumb":{"@id":"https:\/\/valaiski.com\/fr\/swiss-made\/#breadcrumb"},"inLanguage":"fr-FR","potentialAction":[{"@type":"ReadAction","target":["https:\/\/valaiski.com\/fr\/swiss-made\/"]}]},{"@type":"BreadcrumbList","@id":"https:\/\/valaiski.com\/fr\/swiss-made\/#breadcrumb","itemListElement":[{"@type":"ListItem","position":1,"name":"Home","item":"https:\/\/valaiski.com\/fr\/"},{"@type":"ListItem","position":2,"name":"Swiss Made"}]},{"@type":"WebSite","@id":"https:\/\/valaiski.com\/#website","url":"https:\/\/valaiski.com\/","name":"Valaiski","description":"Swiss Bespoke Ski Tailoring","publisher":{"@id":"https:\/\/valaiski.com\/#organization"},"potentialAction":[{"@type":"SearchAction","target":{"@type":"EntryPoint","urlTemplate":"https:\/\/valaiski.com\/?s={search_term_string}"},"query-input":"required name=search_term_string"}],"inLanguage":"fr-FR"},{"@type":"Organization","@id":"https:\/\/valaiski.com\/#organization","name":"Valaiski","url":"https:\/\/valaiski.com\/","logo":{"@type":"ImageObject","inLanguage":"fr-FR","@id":"https:\/\/valaiski.com\/#\/schema\/logo\/image\/","url":"https:\/\/valaiski.com\/wp-content\/uploads\/2017\/08\/VS-5-PNG.png","contentUrl":"https:\/\/valaiski.com\/wp-content\/uploads\/2017\/08\/VS-5-PNG.png","width":1992,"height":1247,"caption":"Valaiski"},"image":{"@id":"https:\/\/valaiski.com\/#\/schema\/logo\/image\/"},"sameAs":["https:\/\/www.facebook.com\/VALAISKI"]}]}},"_links":{"self":[{"href":"https:\/\/valaiski.com\/fr\/wp-json\/wp\/v2\/pages\/6260"}],"collection":[{"href":"https:\/\/valaiski.com\/fr\/wp-json\/wp\/v2\/pages"}],"about":[{"href":"https:\/\/valaiski.com\/fr\/wp-json\/wp\/v2\/types\/page"}],"author":[{"embeddable":true,"href":"https:\/\/valaiski.com\/fr\/wp-json\/wp\/v2\/users\/2"}],"replies":[{"embeddable":true,"href":"https:\/\/valaiski.com\/fr\/wp-json\/wp\/v2\/comments?post=6260"}],"version-history":[{"count":40,"href":"https:\/\/valaiski.com\/fr\/wp-json\/wp\/v2\/pages\/6260\/revisions"}],"predecessor-version":[{"id":7470,"href":"https:\/\/valaiski.com\/fr\/wp-json\/wp\/v2\/pages\/6260\/revisions\/7470"}],"wp:attachment":[{"href":"https:\/\/valaiski.com\/fr\/wp-json\/wp\/v2\/media?parent=6260"}],"curies":[{"name":"wp","href":"https:\/\/api.w.org\/{rel}","templated":true}]}}