{"id":6274,"date":"2017-11-01T22:02:33","date_gmt":"2017-11-01T21:02:33","guid":{"rendered":"http:\/\/valaiski.com\/pourquoi-un-noyau-bois\/"},"modified":"2018-11-14T14:17:29","modified_gmt":"2018-11-14T13:17:29","slug":"pourquoi-un-noyau-bois","status":"publish","type":"page","link":"https:\/\/valaiski.com\/fr\/pourquoi-un-noyau-bois\/","title":{"rendered":"Pourquoi un noyau bois?"},"content":{"rendered":"\n<style type=\"text\/css\" data-created_by=\"avia_inline_auto\" id=\"style-css-av-137muk2-181cf2479ee0aeb7dedb00f425ac4086\">\n.avia-section.av-137muk2-181cf2479ee0aeb7dedb00f425ac4086{\nbackground-repeat:no-repeat;\nbackground-image:url(https:\/\/valaiski.com\/wp-content\/uploads\/2017\/07\/violine_valaiski_bespoke_tailoring_handmade_custom_wood_crafted_artisan_tradition_design_switzerland_schweiz_valais_wallis_verbier_festival.jpg);\nbackground-position:0% 0%;\nbackground-attachment:fixed;\n}\n.avia-section.av-137muk2-181cf2479ee0aeb7dedb00f425ac4086 .av-section-color-overlay{\nopacity:0.2;\nbackground-color:#ffffff;\n}\n<\/style>\n<div id='av_section_1'  class='avia-section av-137muk2-181cf2479ee0aeb7dedb00f425ac4086 main_color avia-section-default avia-no-shadow  avia-builder-el-0  el_before_av_section  avia-builder-el-first  avia-full-stretch avia-bg-style-fixed av-section-color-overlay-active container_wrap sidebar_right'  data-section-bg-repeat='stretch'><div class=\"av-section-color-overlay-wrap\"><div class=\"av-section-color-overlay\"><\/div><div class='container av-section-cont-open' ><main  role=\"main\" itemprop=\"mainContentOfPage\"  class='template-page content  av-content-small alpha units'><div class='post-entry post-entry-type-page post-entry-6274'><div class='entry-content-wrapper clearfix'>\n\n<style type=\"text\/css\" data-created_by=\"avia_inline_auto\" id=\"style-css-av-11cdamq-36450c8dc627701194a805c78d4d511f\">\n.flex_column.av-11cdamq-36450c8dc627701194a805c78d4d511f{\n-webkit-border-radius:0px 0px 0px 0px;\n-moz-border-radius:0px 0px 0px 0px;\nborder-radius:0px 0px 0px 0px;\npadding:15px 15px 15px 15px;\nbackground-color:rgba(248,248,248,0.7);\n}\n<\/style>\n<div class='flex_column av-11cdamq-36450c8dc627701194a805c78d4d511f av_three_fifth  avia-builder-el-1  el_before_av_hr  avia-builder-el-first  first flex_column_div av-animated-generic bottom-to-top '     ><p>\n<style type=\"text\/css\" data-created_by=\"avia_inline_auto\" id=\"style-css-av-10dr5iq-9063022106496413b3a9453090dc180c\">\n#top .av-special-heading.av-10dr5iq-9063022106496413b3a9453090dc180c{\npadding-bottom:10px;\n}\nbody .av-special-heading.av-10dr5iq-9063022106496413b3a9453090dc180c .av-special-heading-tag .heading-char{\nfont-size:25px;\n}\n.av-special-heading.av-10dr5iq-9063022106496413b3a9453090dc180c .av-subheading{\nfont-size:15px;\n}\n<\/style>\n<div  class='av-special-heading av-10dr5iq-9063022106496413b3a9453090dc180c av-special-heading-h2 blockquote modern-quote  avia-builder-el-2  el_before_av_hr  avia-builder-el-first '><h2 class='av-special-heading-tag'  itemprop=\"headline\"  >Pourquoi un noyau bois?<\/h2><div class=\"special-heading-border\"><div class=\"special-heading-inner-border\"><\/div><\/div><\/div><br \/>\n\n<style type=\"text\/css\" data-created_by=\"avia_inline_auto\" id=\"style-css-av-3fxw8y-42ad3cbcbe663c64090293ab762c6cfd\">\n#top .hr.av-3fxw8y-42ad3cbcbe663c64090293ab762c6cfd{\nmargin-top:15px;\nmargin-bottom:15px;\n}\n.hr.av-3fxw8y-42ad3cbcbe663c64090293ab762c6cfd .hr-inner{\nwidth:50px;\nborder-color:rgba(0,0,0,0.54);\n}\n<\/style>\n<div  class='hr av-3fxw8y-42ad3cbcbe663c64090293ab762c6cfd hr-custom  avia-builder-el-3  el_after_av_heading  el_before_av_textblock  hr-left hr-icon-no'><span class='hr-inner inner-border-av-border-fat'><span class=\"hr-inner-style\"><\/span><\/span><\/div><br \/>\n<section  class='av_textblock_section av-w20ddu-2dde9b8f0704454862479ca7d31e2dcb'  itemscope=\"itemscope\" itemtype=\"https:\/\/schema.org\/CreativeWork\" ><div class='avia_textblock'  itemprop=\"text\" ><p>Le bois a depuis toujours \u00e9t\u00e9 le mat\u00e9riau de pr\u00e9dilection pour la fabrication de skis, en raison de ses propri\u00e9t\u00e9s uniques en termes de solidit\u00e9 et de flexibilit\u00e9, mais aussi en termes de capacit\u00e9 d\u2019amortissement et de dynamisme.<\/p>\n<p>Et bien que les d\u00e9veloppements technologiques, en particulier dans le domaine des structures composites, aient conduit \u00e0 de nouveaux concepts de skis et de nouvelles techniques de production, permettant \u00e9galement des optimisations de co\u00fbts, le bois reste malgr\u00e9 tout irrempla\u00e7able pour celles et ceux qui recherchent un ski vivant, dynamique et harmonieux.<\/p>\n<p>C\u2019est aussi pourquoi, m\u00eame pour les courses les plus exigeantes et les plus techniques du circuit pro, le bois reste le mat\u00e9riau de base pour la fabrication des skis.<\/p>\n<p>A l\u2019instar de la fabrication d\u2019un instrument de musique classique, c\u2019est le savoir-faire du ma\u00eetre-artisan et sa s\u00e9lection pr\u00e9cise du bois qui d\u00e9cidera quell morceau de bois restera une partie d\u2019arbre et lequel sera transform\u00e9 en un objet d\u2019\u00e9motions.<\/p>\n<\/div><\/section><\/p><\/div>\n<style type=\"text\/css\" data-created_by=\"avia_inline_auto\" id=\"style-css-av-uxjjea-ffb15bf0602e53ff877b2e527f92d340\">\n#top .hr.hr-invisible.av-uxjjea-ffb15bf0602e53ff877b2e527f92d340{\nheight:30px;\n}\n<\/style>\n<div  class='hr av-uxjjea-ffb15bf0602e53ff877b2e527f92d340 hr-invisible  avia-builder-el-5  el_after_av_three_fifth  el_before_av_three_fifth '><span class='hr-inner '><span class=\"hr-inner-style\"><\/span><\/span><\/div>\n\n<style type=\"text\/css\" data-created_by=\"avia_inline_auto\" id=\"style-css-av-t3n2g2-57d1afb6039093c17b961968afdde320\">\n.flex_column.av-t3n2g2-57d1afb6039093c17b961968afdde320{\n-webkit-border-radius:0px 0px 0px 0px;\n-moz-border-radius:0px 0px 0px 0px;\nborder-radius:0px 0px 0px 0px;\npadding:15px 15px 15px 15px;\nbackground-color:rgba(248,248,248,0.7);\n}\n<\/style>\n<div class='flex_column av-t3n2g2-57d1afb6039093c17b961968afdde320 av_three_fifth  avia-builder-el-6  el_after_av_hr  el_before_av_two_fifth  first flex_column_div av-animated-generic fade-in '     ><p>\n<style type=\"text\/css\" data-created_by=\"avia_inline_auto\" id=\"style-css-av-rp8xsy-53698a741834f050a9fbfefe957a068e\">\n#top .av-special-heading.av-rp8xsy-53698a741834f050a9fbfefe957a068e{\npadding-bottom:10px;\n}\nbody .av-special-heading.av-rp8xsy-53698a741834f050a9fbfefe957a068e .av-special-heading-tag .heading-char{\nfont-size:25px;\n}\n.av-special-heading.av-rp8xsy-53698a741834f050a9fbfefe957a068e .av-subheading{\nfont-size:15px;\n}\n<\/style>\n<div  class='av-special-heading av-rp8xsy-53698a741834f050a9fbfefe957a068e av-special-heading-h2 blockquote modern-quote  avia-builder-el-7  el_before_av_hr  avia-builder-el-first '><h2 class='av-special-heading-tag'  itemprop=\"headline\"  >Le temps qui compte<\/h2><div class=\"special-heading-border\"><div class=\"special-heading-inner-border\"><\/div><\/div><\/div><br \/>\n\n<style type=\"text\/css\" data-created_by=\"avia_inline_auto\" id=\"style-css-av-q6ehk2-f38dc2c75b52042041a73f8dd13d2682\">\n#top .hr.av-q6ehk2-f38dc2c75b52042041a73f8dd13d2682{\nmargin-top:15px;\nmargin-bottom:15px;\n}\n.hr.av-q6ehk2-f38dc2c75b52042041a73f8dd13d2682 .hr-inner{\nwidth:50px;\nborder-color:rgba(0,0,0,0.54);\n}\n<\/style>\n<div  class='hr av-q6ehk2-f38dc2c75b52042041a73f8dd13d2682 hr-custom  avia-builder-el-8  el_after_av_heading  el_before_av_textblock  hr-left hr-icon-no'><span class='hr-inner inner-border-av-border-fat'><span class=\"hr-inner-style\"><\/span><\/span><\/div><br \/>\n<section  class='av_textblock_section av-ob8siq-d27b1cedf407ed55ff097afb85ba5141'  itemscope=\"itemscope\" itemtype=\"https:\/\/schema.org\/CreativeWork\" ><div class='avia_textblock'  itemprop=\"text\" ><p>L\u2019approvisionnement en bois de qualit\u00e9 est l\u2019un des \u00e9l\u00e9ments d\u00e9terminants de l\u2019explosivit\u00e9 des skis Valaiski. Mais ce n\u2019est que la premi\u00e8re \u00e9tape d\u2019un longue pr\u00e9paration du noyau bois avant qu\u2019il soit pr\u00eat \u00e0 vivre \u00e0 l\u2019int\u00e9rieur du ski.<\/p>\n<p>Chez Valaiski, nous s\u00e9lectionnons les meilleurs bois en provenance des for\u00eats de haute altitude du Valais, en Suisse, ainsi que d\u2019autres r\u00e9gions du monde.<\/p>\n<p>Le bois est ensuite s\u00e9ch\u00e9 durant une longue p\u00e9riode dans une chambre climatis\u00e9e, jusqu\u2019\u00e0 ce qu\u2019il atteigne le taux pr\u00e9cis de 48% d\u2019humidit\u00e9. Ce long proc\u00e9d\u00e9 permet ainsi d\u2019harmoniser au mieux la structure du bois tout en pr\u00e9servant ses qualit\u00e9s.<\/p>\n<p>C\u2019est seulement apr\u00e8s ces \u00e9tapes que le noyau est sculpt\u00e9 et prend la forme finale d\u2019un ski Valaiski.<\/p>\n<\/div><\/section><\/p><\/div>\n<style type=\"text\/css\" data-created_by=\"avia_inline_auto\" id=\"style-css-av-m9ztyq-7049dc5c039609257874d07813975a2c\">\n.flex_column.av-m9ztyq-7049dc5c039609257874d07813975a2c{\n-webkit-border-radius:0px 0px 0px 0px;\n-moz-border-radius:0px 0px 0px 0px;\nborder-radius:0px 0px 0px 0px;\npadding:0px 0px 0px 0px;\n}\n<\/style>\n<div class='flex_column av-m9ztyq-7049dc5c039609257874d07813975a2c av_two_fifth  avia-builder-el-10  el_after_av_three_fifth  avia-builder-el-last  flex_column_div av-zero-column-padding '     ><\/div>\n\n<\/div><\/div><\/main><!-- close content main element --><\/div><\/div><\/div><div id='call-for-action'  class='avia-section av-lfk5iq-79959e09bd7172625dfebbb497538655 main_color avia-section-default avia-no-shadow  avia-builder-el-11  el_after_av_section  el_before_av_section  avia-bg-style-scroll container_wrap sidebar_right'  ><div class='container av-section-cont-open' ><div class='template-page content  av-content-small alpha units'><div class='post-entry post-entry-type-page post-entry-6274'><div class='entry-content-wrapper clearfix'>\n\n<style type=\"text\/css\" data-created_by=\"avia_inline_auto\" id=\"style-css-av-1yio4y-30de58d3c55a446e15dd4d53cb1050a6\">\n#top .flex_column.av-1yio4y-30de58d3c55a446e15dd4d53cb1050a6{\nmargin-top:0px;\nmargin-bottom:0px;\n}\n.flex_column.av-1yio4y-30de58d3c55a446e15dd4d53cb1050a6{\n-webkit-border-radius:0px 0px 0px 0px;\n-moz-border-radius:0px 0px 0px 0px;\nborder-radius:0px 0px 0px 0px;\npadding:15px 15px 15px 15px;\n}\n.responsive #top #wrap_all .flex_column.av-1yio4y-30de58d3c55a446e15dd4d53cb1050a6{\nmargin-top:0px;\nmargin-bottom:0px;\n}\n<\/style>\n<div class='flex_column av-1yio4y-30de58d3c55a446e15dd4d53cb1050a6 av_one_fifth  avia-builder-el-12  el_before_av_three_fifth  avia-builder-el-first  first no_margin flex_column_div av-animated-generic left-to-right '     ><\/div>\n<style type=\"text\/css\" data-created_by=\"avia_inline_auto\" id=\"style-css-av-gr3c6q-d3629c1baae917779cf71ae9bd9ae614\">\n#top .flex_column.av-gr3c6q-d3629c1baae917779cf71ae9bd9ae614{\nmargin-top:0px;\nmargin-bottom:0px;\n}\n.flex_column.av-gr3c6q-d3629c1baae917779cf71ae9bd9ae614{\n-webkit-border-radius:0px 0px 0px 0px;\n-moz-border-radius:0px 0px 0px 0px;\nborder-radius:0px 0px 0px 0px;\npadding:0px 0px 0px 0px;\n}\n.responsive #top #wrap_all .flex_column.av-gr3c6q-d3629c1baae917779cf71ae9bd9ae614{\nmargin-top:0px;\nmargin-bottom:0px;\n}\n<\/style>\n<div class='flex_column av-gr3c6q-d3629c1baae917779cf71ae9bd9ae614 av_three_fifth  avia-builder-el-13  el_after_av_one_fifth  avia-builder-el-last  no_margin flex_column_div av-animated-generic pop-up av-zero-column-padding '     ><p>\n<style type=\"text\/css\" data-created_by=\"avia_inline_auto\" id=\"style-css-av-1jcz2q-d0e0db37c11078832d68d3e1560b900b\">\n.avia-image-container.av-1jcz2q-d0e0db37c11078832d68d3e1560b900b img.avia_image{\nbox-shadow:none;\n}\n.avia-image-container.av-1jcz2q-d0e0db37c11078832d68d3e1560b900b .av-image-caption-overlay-center{\ncolor:#ffffff;\n}\n<\/style>\n<div  class='avia-image-container av-1jcz2q-d0e0db37c11078832d68d3e1560b900b av-styling- avia_animated_image av-animated-when-visible-95 fade-in avia-align-center  avia-builder-el-14  el_before_av_hr  avia-builder-el-first '   itemprop=\"image\" itemscope=\"itemscope\" itemtype=\"https:\/\/schema.org\/ImageObject\" ><div class=\"avia-image-container-inner\"><div class=\"avia-image-overlay-wrap\"><img class='wp-image-6788 avia-img-lazy-loading-not-6788 avia_image ' src=\"https:\/\/valaiski.com\/wp-content\/uploads\/2017\/08\/VS-5-PNG-300x188.png\" alt='' title='VS 5 PNG'  height=\"188\" width=\"300\"  itemprop=\"thumbnailUrl\" srcset=\"https:\/\/valaiski.com\/wp-content\/uploads\/2017\/08\/VS-5-PNG-300x188.png 300w, https:\/\/valaiski.com\/wp-content\/uploads\/2017\/08\/VS-5-PNG-768x481.png 768w, https:\/\/valaiski.com\/wp-content\/uploads\/2017\/08\/VS-5-PNG-1030x645.png 1030w, https:\/\/valaiski.com\/wp-content\/uploads\/2017\/08\/VS-5-PNG-1500x939.png 1500w, https:\/\/valaiski.com\/wp-content\/uploads\/2017\/08\/VS-5-PNG-705x441.png 705w, https:\/\/valaiski.com\/wp-content\/uploads\/2017\/08\/VS-5-PNG-450x282.png 450w, https:\/\/valaiski.com\/wp-content\/uploads\/2017\/08\/VS-5-PNG.png 1992w\" sizes=\"(max-width: 300px) 100vw, 300px\" \/><\/div><\/div><\/div><br \/>\n\n<style type=\"text\/css\" data-created_by=\"avia_inline_auto\" id=\"style-css-av-dfcfaa-0a09ac9ddc56dde952143d50be492fb9\">\n#top .hr.hr-invisible.av-dfcfaa-0a09ac9ddc56dde952143d50be492fb9{\nheight:30px;\n}\n<\/style>\n<div  class='hr av-dfcfaa-0a09ac9ddc56dde952143d50be492fb9 hr-invisible  avia-builder-el-15  el_after_av_image  el_before_av_textblock '><span class='hr-inner '><span class=\"hr-inner-style\"><\/span><\/span><\/div><br \/>\n<section  class='av_textblock_section av-172dfm-e9e65f5e49f2e04fec2988a2fed41533'  itemscope=\"itemscope\" itemtype=\"https:\/\/schema.org\/CreativeWork\" ><div class='avia_textblock'  itemprop=\"text\" ><h3 style=\"text-align: center;\">Cr\u00e9\u00e9s par des experts suisses<br \/>\nRien que pour vous<\/h3>\n<\/div><\/section><br \/>\n\n<style type=\"text\/css\" data-created_by=\"avia_inline_auto\" id=\"style-css-av-abjv0y-0143ba13ec8f9d6742930e4bd03f8ae9\">\n#top .hr.hr-invisible.av-abjv0y-0143ba13ec8f9d6742930e4bd03f8ae9{\nheight:30px;\n}\n<\/style>\n<div  class='hr av-abjv0y-0143ba13ec8f9d6742930e4bd03f8ae9 hr-invisible  avia-builder-el-17  el_after_av_textblock  el_before_av_button '><span class='hr-inner '><span class=\"hr-inner-style\"><\/span><\/span><\/div><br \/>\n<div  class='avia-button-wrap av-95my1e-7c44baf751d5b31d9b4c74f5be4a2b26-wrap avia-button-center  avia-builder-el-18  el_after_av_hr  el_before_av_hr '><a href='https:\/\/valaiski.com\/get-started\/' class='avia-button av-95my1e-7c44baf751d5b31d9b4c74f5be4a2b26 avia-icon_select-yes-left-icon avia-size-large avia-position-center av-icon-on-hover avia-color-dark' target=\"_blank\" rel=\"noopener noreferrer\"><span class='avia_button_icon avia_button_icon_left' aria-hidden='true' data-av_icon='\ue826' data-av_iconfont='entypo-fontello'><\/span><span class='avia_iconbox_title' >Click here to start<\/span><\/a><\/div><br \/>\n\n<style type=\"text\/css\" data-created_by=\"avia_inline_auto\" id=\"style-css-av-7rlgn6-21b0d8a38bdd7e13842ac91a4a10440a\">\n#top .hr.hr-invisible.av-7rlgn6-21b0d8a38bdd7e13842ac91a4a10440a{\nheight:15px;\n}\n<\/style>\n<div  class='hr av-7rlgn6-21b0d8a38bdd7e13842ac91a4a10440a hr-invisible  avia-builder-el-19  el_after_av_button  el_before_av_textblock '><span class='hr-inner '><span class=\"hr-inner-style\"><\/span><\/span><\/div><br \/>\n<section  class='av_textblock_section av-5fnk2a-6a1829ab07915efe7263f63c70cdd631'  itemscope=\"itemscope\" itemtype=\"https:\/\/schema.org\/CreativeWork\" ><div class='avia_textblock'  itemprop=\"text\" ><p style=\"text-align: center;\">Commandez d\u00e8s \u00e0 pr\u00e9sent vos skis sur mesure. Tout simplement!<\/p>\n<\/div><\/section><\/p><\/div><\/div><\/div><\/div><!-- close content main div --><\/div><\/div><div id='av_section_3'  class='avia-section av-4ipuvm-6670454350716d8714dc81e9e72d3e11 alternate_color avia-section-default avia-no-shadow  avia-builder-el-21  el_after_av_section  avia-builder-el-last  avia-bg-style-scroll container_wrap sidebar_right'  ><div class='container av-section-cont-open' ><div class='template-page content  av-content-small alpha units'><div class='post-entry post-entry-type-page post-entry-6274'><div class='entry-content-wrapper clearfix'>\n<div  class='avia-button-wrap av-24f2qq-48194007da002348785165e8ea1eb9da-wrap avia-button-center  avia-builder-el-22  avia-builder-el-no-sibling '><a href='https:\/\/valaiski.com\/home-copy\/'  class='avia-button av-24f2qq-48194007da002348785165e8ea1eb9da avia-icon_select-yes-left-icon avia-size-large avia-position-center av-icon-on-hover avia-color-silver'  ><span class='avia_button_icon avia_button_icon_left' aria-hidden='true' data-av_icon='\ue830' data-av_iconfont='entypo-fontello'><\/span><span class='avia_iconbox_title' >Retourner<\/span><\/a><\/div>\n<\/div><\/div><\/div><!-- close content main div --><\/div><\/div><div id='after_section_3'  class='main_color av_default_container_wrap container_wrap sidebar_right'  ><div class='container av-section-cont-open' ><div class='template-page content  av-content-small alpha units'><div class='post-entry post-entry-type-page post-entry-6274'><div class='entry-content-wrapper clearfix'><\/p>\n","protected":false},"excerpt":{"rendered":"","protected":false},"author":2,"featured_media":0,"parent":0,"menu_order":0,"comment_status":"closed","ping_status":"closed","template":"","meta":[],"yoast_head":"<!-- This site is optimized with the Yoast SEO plugin v20.6 - https:\/\/yoast.com\/wordpress\/plugins\/seo\/ -->\n<title>Pourquoi un noyau bois? - Valaiski<\/title>\n<meta name=\"robots\" content=\"index, follow, max-snippet:-1, max-image-preview:large, max-video-preview:-1\" \/>\n<link rel=\"canonical\" href=\"https:\/\/valaiski.com\/fr\/pourquoi-un-noyau-bois\/\" \/>\n<meta property=\"og:locale\" content=\"fr_FR\" \/>\n<meta property=\"og:type\" content=\"article\" \/>\n<meta property=\"og:title\" content=\"Pourquoi un noyau bois? - Valaiski\" \/>\n<meta property=\"og:url\" content=\"https:\/\/valaiski.com\/fr\/pourquoi-un-noyau-bois\/\" \/>\n<meta property=\"og:site_name\" content=\"Valaiski\" \/>\n<meta property=\"article:publisher\" content=\"https:\/\/www.facebook.com\/VALAISKI\" \/>\n<meta property=\"article:modified_time\" content=\"2018-11-14T13:17:29+00:00\" \/>\n<meta name=\"twitter:card\" content=\"summary_large_image\" \/>\n<meta name=\"twitter:label1\" content=\"Dur\u00e9e de lecture estim\u00e9e\" \/>\n\t<meta name=\"twitter:data1\" content=\"8 minutes\" \/>\n<script type=\"application\/ld+json\" class=\"yoast-schema-graph\">{\"@context\":\"https:\/\/schema.org\",\"@graph\":[{\"@type\":\"WebPage\",\"@id\":\"https:\/\/valaiski.com\/fr\/pourquoi-un-noyau-bois\/\",\"url\":\"https:\/\/valaiski.com\/fr\/pourquoi-un-noyau-bois\/\",\"name\":\"Pourquoi un noyau bois? - Valaiski\",\"isPartOf\":{\"@id\":\"https:\/\/valaiski.com\/#website\"},\"datePublished\":\"2017-11-01T21:02:33+00:00\",\"dateModified\":\"2018-11-14T13:17:29+00:00\",\"breadcrumb\":{\"@id\":\"https:\/\/valaiski.com\/fr\/pourquoi-un-noyau-bois\/#breadcrumb\"},\"inLanguage\":\"fr-FR\",\"potentialAction\":[{\"@type\":\"ReadAction\",\"target\":[\"https:\/\/valaiski.com\/fr\/pourquoi-un-noyau-bois\/\"]}]},{\"@type\":\"BreadcrumbList\",\"@id\":\"https:\/\/valaiski.com\/fr\/pourquoi-un-noyau-bois\/#breadcrumb\",\"itemListElement\":[{\"@type\":\"ListItem\",\"position\":1,\"name\":\"Home\",\"item\":\"https:\/\/valaiski.com\/fr\/\"},{\"@type\":\"ListItem\",\"position\":2,\"name\":\"Pourquoi un noyau bois?\"}]},{\"@type\":\"WebSite\",\"@id\":\"https:\/\/valaiski.com\/#website\",\"url\":\"https:\/\/valaiski.com\/\",\"name\":\"Valaiski\",\"description\":\"Swiss Bespoke Ski Tailoring\",\"publisher\":{\"@id\":\"https:\/\/valaiski.com\/#organization\"},\"potentialAction\":[{\"@type\":\"SearchAction\",\"target\":{\"@type\":\"EntryPoint\",\"urlTemplate\":\"https:\/\/valaiski.com\/?s={search_term_string}\"},\"query-input\":\"required name=search_term_string\"}],\"inLanguage\":\"fr-FR\"},{\"@type\":\"Organization\",\"@id\":\"https:\/\/valaiski.com\/#organization\",\"name\":\"Valaiski\",\"url\":\"https:\/\/valaiski.com\/\",\"logo\":{\"@type\":\"ImageObject\",\"inLanguage\":\"fr-FR\",\"@id\":\"https:\/\/valaiski.com\/#\/schema\/logo\/image\/\",\"url\":\"https:\/\/valaiski.com\/wp-content\/uploads\/2017\/08\/VS-5-PNG.png\",\"contentUrl\":\"https:\/\/valaiski.com\/wp-content\/uploads\/2017\/08\/VS-5-PNG.png\",\"width\":1992,\"height\":1247,\"caption\":\"Valaiski\"},\"image\":{\"@id\":\"https:\/\/valaiski.com\/#\/schema\/logo\/image\/\"},\"sameAs\":[\"https:\/\/www.facebook.com\/VALAISKI\"]}]}<\/script>\n<!-- \/ Yoast SEO plugin. -->","yoast_head_json":{"title":"Pourquoi un noyau bois? - Valaiski","robots":{"index":"index","follow":"follow","max-snippet":"max-snippet:-1","max-image-preview":"max-image-preview:large","max-video-preview":"max-video-preview:-1"},"canonical":"https:\/\/valaiski.com\/fr\/pourquoi-un-noyau-bois\/","og_locale":"fr_FR","og_type":"article","og_title":"Pourquoi un noyau bois? - Valaiski","og_url":"https:\/\/valaiski.com\/fr\/pourquoi-un-noyau-bois\/","og_site_name":"Valaiski","article_publisher":"https:\/\/www.facebook.com\/VALAISKI","article_modified_time":"2018-11-14T13:17:29+00:00","twitter_card":"summary_large_image","twitter_misc":{"Dur\u00e9e de lecture estim\u00e9e":"8 minutes"},"schema":{"@context":"https:\/\/schema.org","@graph":[{"@type":"WebPage","@id":"https:\/\/valaiski.com\/fr\/pourquoi-un-noyau-bois\/","url":"https:\/\/valaiski.com\/fr\/pourquoi-un-noyau-bois\/","name":"Pourquoi un noyau bois? - Valaiski","isPartOf":{"@id":"https:\/\/valaiski.com\/#website"},"datePublished":"2017-11-01T21:02:33+00:00","dateModified":"2018-11-14T13:17:29+00:00","breadcrumb":{"@id":"https:\/\/valaiski.com\/fr\/pourquoi-un-noyau-bois\/#breadcrumb"},"inLanguage":"fr-FR","potentialAction":[{"@type":"ReadAction","target":["https:\/\/valaiski.com\/fr\/pourquoi-un-noyau-bois\/"]}]},{"@type":"BreadcrumbList","@id":"https:\/\/valaiski.com\/fr\/pourquoi-un-noyau-bois\/#breadcrumb","itemListElement":[{"@type":"ListItem","position":1,"name":"Home","item":"https:\/\/valaiski.com\/fr\/"},{"@type":"ListItem","position":2,"name":"Pourquoi un noyau bois?"}]},{"@type":"WebSite","@id":"https:\/\/valaiski.com\/#website","url":"https:\/\/valaiski.com\/","name":"Valaiski","description":"Swiss Bespoke Ski Tailoring","publisher":{"@id":"https:\/\/valaiski.com\/#organization"},"potentialAction":[{"@type":"SearchAction","target":{"@type":"EntryPoint","urlTemplate":"https:\/\/valaiski.com\/?s={search_term_string}"},"query-input":"required name=search_term_string"}],"inLanguage":"fr-FR"},{"@type":"Organization","@id":"https:\/\/valaiski.com\/#organization","name":"Valaiski","url":"https:\/\/valaiski.com\/","logo":{"@type":"ImageObject","inLanguage":"fr-FR","@id":"https:\/\/valaiski.com\/#\/schema\/logo\/image\/","url":"https:\/\/valaiski.com\/wp-content\/uploads\/2017\/08\/VS-5-PNG.png","contentUrl":"https:\/\/valaiski.com\/wp-content\/uploads\/2017\/08\/VS-5-PNG.png","width":1992,"height":1247,"caption":"Valaiski"},"image":{"@id":"https:\/\/valaiski.com\/#\/schema\/logo\/image\/"},"sameAs":["https:\/\/www.facebook.com\/VALAISKI"]}]}},"_links":{"self":[{"href":"https:\/\/valaiski.com\/fr\/wp-json\/wp\/v2\/pages\/6274"}],"collection":[{"href":"https:\/\/valaiski.com\/fr\/wp-json\/wp\/v2\/pages"}],"about":[{"href":"https:\/\/valaiski.com\/fr\/wp-json\/wp\/v2\/types\/page"}],"author":[{"embeddable":true,"href":"https:\/\/valaiski.com\/fr\/wp-json\/wp\/v2\/users\/2"}],"replies":[{"embeddable":true,"href":"https:\/\/valaiski.com\/fr\/wp-json\/wp\/v2\/comments?post=6274"}],"version-history":[{"count":20,"href":"https:\/\/valaiski.com\/fr\/wp-json\/wp\/v2\/pages\/6274\/revisions"}],"predecessor-version":[{"id":7474,"href":"https:\/\/valaiski.com\/fr\/wp-json\/wp\/v2\/pages\/6274\/revisions\/7474"}],"wp:attachment":[{"href":"https:\/\/valaiski.com\/fr\/wp-json\/wp\/v2\/media?parent=6274"}],"curies":[{"name":"wp","href":"https:\/\/api.w.org\/{rel}","templated":true}]}}