{"id":6325,"date":"2017-11-01T22:19:23","date_gmt":"2017-11-01T21:19:23","guid":{"rendered":"http:\/\/valaiski.com\/contact\/"},"modified":"2019-09-06T13:03:15","modified_gmt":"2019-09-06T11:03:15","slug":"contact","status":"publish","type":"page","link":"https:\/\/valaiski.com\/fr\/contact\/","title":{"rendered":"Contact"},"content":{"rendered":"\n<style type=\"text\/css\" data-created_by=\"avia_inline_auto\" id=\"style-css-av-5htmo-527a22dafd3d0b36d0756144ace8a7e6\">\n.avia-section.av-5htmo-527a22dafd3d0b36d0756144ace8a7e6 .av-parallax .av-parallax-inner{\nbackground-repeat:no-repeat;\nbackground-image:url(https:\/\/valaiski.com\/wp-content\/uploads\/2017\/07\/Valaiski_Office_Logo.png);\nbackground-position:50% 50%;\nbackground-attachment:scroll;\n}\n.avia-section.av-5htmo-527a22dafd3d0b36d0756144ace8a7e6 .av-extra-border-element .av-extra-border-inner{\nbackground-color:#ffffff;\n}\n<\/style>\n<div id='av_section_1'  class='avia-section av-5htmo-527a22dafd3d0b36d0756144ace8a7e6 main_color avia-section-large avia-no-border-styling  avia-builder-el-0  avia-builder-el-no-sibling  av-parallax-section avia-bg-style-parallax av-arrow-down-section container_wrap sidebar_right'  data-section-bg-repeat='no-repeat'><div class='av-parallax' data-avia-parallax-ratio='0.3' ><div class='av-parallax-inner main_color avia-full-stretch'><\/div><\/div><div class='container av-section-cont-open' ><main  role=\"main\" itemprop=\"mainContentOfPage\"  class='template-page content  av-content-small alpha units'><div class='post-entry post-entry-type-page post-entry-6325'><div class='entry-content-wrapper clearfix'>\n\n<style type=\"text\/css\" data-created_by=\"avia_inline_auto\" id=\"style-css-av-av_heading-f5eb790c48a3864ff72867108e058437\">\n#top .av-special-heading.av-av_heading-f5eb790c48a3864ff72867108e058437{\npadding-bottom:20px;\ncolor:#ffffff;\nfont-size:40px;\n}\nbody .av-special-heading.av-av_heading-f5eb790c48a3864ff72867108e058437 .av-special-heading-tag .heading-char{\nfont-size:25px;\n}\n#top #wrap_all .av-special-heading.av-av_heading-f5eb790c48a3864ff72867108e058437 .av-special-heading-tag{\nfont-size:40px;\n}\n.av-special-heading.av-av_heading-f5eb790c48a3864ff72867108e058437 .special-heading-inner-border{\nborder-color:#ffffff;\n}\n.av-special-heading.av-av_heading-f5eb790c48a3864ff72867108e058437 .av-subheading{\nfont-size:15px;\n}\n\n@media only screen and (min-width: 480px) and (max-width: 767px){ \n#top #wrap_all .av-special-heading.av-av_heading-f5eb790c48a3864ff72867108e058437 .av-special-heading-tag{\nfont-size:0.8em;\n}\n}\n\n@media only screen and (max-width: 479px){ \n#top #wrap_all .av-special-heading.av-av_heading-f5eb790c48a3864ff72867108e058437 .av-special-heading-tag{\nfont-size:0.8em;\n}\n}\n<\/style>\n<div  class='av-special-heading av-av_heading-f5eb790c48a3864ff72867108e058437 av-special-heading-h2 custom-color-heading blockquote modern-quote  avia-builder-el-1  el_before_av_hr  avia-builder-el-first  av-inherit-size'><h2 class='av-special-heading-tag'  itemprop=\"headline\"  >Contact<\/h2><div class=\"special-heading-border\"><div class=\"special-heading-inner-border\"><\/div><\/div><\/div>\n\n<style type=\"text\/css\" data-created_by=\"avia_inline_auto\" id=\"style-css-av-18t9nc-729d3afb3ec13cdef6e9393e759fb727\">\n#top .hr.hr-invisible.av-18t9nc-729d3afb3ec13cdef6e9393e759fb727{\nheight:30px;\n}\n<\/style>\n<div  class='hr av-18t9nc-729d3afb3ec13cdef6e9393e759fb727 hr-invisible  avia-builder-el-2  el_after_av_heading  el_before_av_one_half '><span class='hr-inner '><span class=\"hr-inner-style\"><\/span><\/span><\/div>\n\n<style type=\"text\/css\" data-created_by=\"avia_inline_auto\" id=\"style-css-av-12y30w-ccde25716e95dd4020a5f34ab8e9116f\">\n.flex_column.av-12y30w-ccde25716e95dd4020a5f34ab8e9116f{\n-webkit-border-radius:0px 0px 0px 0px;\n-moz-border-radius:0px 0px 0px 0px;\nborder-radius:0px 0px 0px 0px;\npadding:0px 0px 0px 0px;\n}\n<\/style>\n<div class='flex_column av-12y30w-ccde25716e95dd4020a5f34ab8e9116f av_one_half  avia-builder-el-3  el_after_av_hr  avia-builder-el-last  first flex_column_div av-zero-column-padding '     ><form action=\"https:\/\/valaiski.com\/fr\/contact\/\" method=\"post\"  class=\"avia_ajax_form av-form-labels-hidden   avia-builder-el-4  avia-builder-el-no-sibling  av-custom-form-color av-light-form \" data-avia-form-id=\"1\" data-avia-redirect='' ><fieldset><p class='  first_form  form_element form_element_half' id='element_avia_1_1'><label for=\"avia_1_1\">Nom <abbr class=\"required\" title=\"requis(e)\">*<\/abbr><\/label> <input name=\"avia_1_1\" class=\"text_input is_empty\" type=\"text\" id=\"avia_1_1\" value=\"\"  placeholder='Nom*'\/><\/p><p class='  form_element form_element_half' id='element_avia_2_1'><label for=\"avia_2_1\">E-Mail <abbr class=\"required\" title=\"requis(e)\">*<\/abbr><\/label> <input name=\"avia_2_1\" class=\"text_input is_email\" type=\"text\" id=\"avia_2_1\" value=\"\"  placeholder='E-Mail*'\/><\/p><p class='  first_form  form_element form_fullwidth' id='element_avia_3_1'><label for=\"avia_3_1\">Suject <abbr class=\"required\" title=\"requis(e)\">*<\/abbr><\/label> <input name=\"avia_3_1\" class=\"text_input is_empty\" type=\"text\" id=\"avia_3_1\" value=\"\"  placeholder='Suject*'\/><\/p><p class='  first_form  form_element form_fullwidth' id='element_avia_4_1'><label for=\"avia_4_1\" class=\"textare_label hidden textare_label_avia_4_1\">Message <abbr class=\"required\" title=\"requis(e)\">*<\/abbr><\/label><textarea  placeholder='Message*' name=\"avia_4_1\" class=\"text_area is_empty\" cols=\"40\" rows=\"7\" id=\"avia_4_1\" ><\/textarea><\/p><p class=\"hidden\"><input type=\"text\" name=\"avia_5_1\" class=\"hidden \" id=\"avia_5_1\" value=\"\" \/><\/p><div id='avia_6_1' class='av-recaptcha-area  first_form  form_element form_fullwidth '  data-container_class=\"\" data-custom_class=\"\" data-context=\"av_contact_form\" data-token_input=\"av_recaptcha_token\" data-version=\"avia_recaptcha_v2\" data-theme=\"light\" data-size=\"normal\" data-score=\"0.5\" data-text_to_preview=\"\" data-value=\"\"><div class=\"av-google-badge-message hidden\">Ce site est prot\u00e9g\u00e9 par reCAPTCHA et la <a href=\"https:\/\/policies.google.com\/privacy\">politique de confidentialit\u00e9<\/a> de Google et <a href=\"https:\/\/policies.google.com\/terms\">leur conditions d\u2019utilisation<\/a> s\u2019appliquent.<\/div><\/div><p class=\"form_element \"><input type=\"hidden\" value=\"1\" name=\"avia_generated_form1\" \/><input type=\"submit\" value=\"Soumettre\" class=\"button\"  data-sending-label=\"Envoi\"\/><\/p><\/fieldset><div class=\"avia-disabled-form\">Ce formulaire est d\u00e9sactiv\u00e9 dans la mesure o\u00f9 vous refusez d\u2019accepter le service Google reCAPTCHA n\u00e9cessaire pour valider toute exp\u00e9dition de message depuis celui-ci.<\/div><\/form><div id=\"ajaxresponse_1\" class=\"ajaxresponse ajaxresponse_1 hidden\"><\/div><\/div><\/div><\/div><\/main><!-- close content main element --><\/div><div class='av-extra-border-element border-extra-arrow-down'><div class='av-extra-border-outer'><div class='av-extra-border-inner'><\/div><\/div><\/div><\/div><div id='after_section_1'  class='main_color av_default_container_wrap container_wrap sidebar_right'  ><div class='container av-section-cont-open' ><div class='template-page content  av-content-small alpha units'><div class='post-entry post-entry-type-page post-entry-6325'><div class='entry-content-wrapper clearfix'>\n","protected":false},"excerpt":{"rendered":"","protected":false},"author":1,"featured_media":0,"parent":0,"menu_order":0,"comment_status":"closed","ping_status":"closed","template":"","meta":[],"yoast_head":"<!-- This site is optimized with the Yoast SEO plugin v20.6 - https:\/\/yoast.com\/wordpress\/plugins\/seo\/ -->\n<title>Contact - Valaiski<\/title>\n<meta name=\"robots\" content=\"index, follow, max-snippet:-1, max-image-preview:large, max-video-preview:-1\" \/>\n<link rel=\"canonical\" href=\"https:\/\/valaiski.com\/fr\/contact\/\" \/>\n<meta property=\"og:locale\" content=\"fr_FR\" \/>\n<meta property=\"og:type\" content=\"article\" \/>\n<meta property=\"og:title\" content=\"Contact - Valaiski\" \/>\n<meta property=\"og:url\" content=\"https:\/\/valaiski.com\/fr\/contact\/\" \/>\n<meta property=\"og:site_name\" content=\"Valaiski\" \/>\n<meta property=\"article:publisher\" content=\"https:\/\/www.facebook.com\/VALAISKI\" \/>\n<meta property=\"article:modified_time\" content=\"2019-09-06T11:03:15+00:00\" \/>\n<meta name=\"twitter:card\" content=\"summary_large_image\" \/>\n<meta name=\"twitter:label1\" content=\"Dur\u00e9e de lecture estim\u00e9e\" \/>\n\t<meta name=\"twitter:data1\" content=\"2 minutes\" \/>\n<script type=\"application\/ld+json\" class=\"yoast-schema-graph\">{\"@context\":\"https:\/\/schema.org\",\"@graph\":[{\"@type\":\"WebPage\",\"@id\":\"https:\/\/valaiski.com\/fr\/contact\/\",\"url\":\"https:\/\/valaiski.com\/fr\/contact\/\",\"name\":\"Contact - Valaiski\",\"isPartOf\":{\"@id\":\"https:\/\/valaiski.com\/#website\"},\"datePublished\":\"2017-11-01T21:19:23+00:00\",\"dateModified\":\"2019-09-06T11:03:15+00:00\",\"breadcrumb\":{\"@id\":\"https:\/\/valaiski.com\/fr\/contact\/#breadcrumb\"},\"inLanguage\":\"fr-FR\",\"potentialAction\":[{\"@type\":\"ReadAction\",\"target\":[\"https:\/\/valaiski.com\/fr\/contact\/\"]}]},{\"@type\":\"BreadcrumbList\",\"@id\":\"https:\/\/valaiski.com\/fr\/contact\/#breadcrumb\",\"itemListElement\":[{\"@type\":\"ListItem\",\"position\":1,\"name\":\"Home\",\"item\":\"https:\/\/valaiski.com\/fr\/\"},{\"@type\":\"ListItem\",\"position\":2,\"name\":\"Contact\"}]},{\"@type\":\"WebSite\",\"@id\":\"https:\/\/valaiski.com\/#website\",\"url\":\"https:\/\/valaiski.com\/\",\"name\":\"Valaiski\",\"description\":\"Swiss Bespoke Ski Tailoring\",\"publisher\":{\"@id\":\"https:\/\/valaiski.com\/#organization\"},\"potentialAction\":[{\"@type\":\"SearchAction\",\"target\":{\"@type\":\"EntryPoint\",\"urlTemplate\":\"https:\/\/valaiski.com\/?s={search_term_string}\"},\"query-input\":\"required name=search_term_string\"}],\"inLanguage\":\"fr-FR\"},{\"@type\":\"Organization\",\"@id\":\"https:\/\/valaiski.com\/#organization\",\"name\":\"Valaiski\",\"url\":\"https:\/\/valaiski.com\/\",\"logo\":{\"@type\":\"ImageObject\",\"inLanguage\":\"fr-FR\",\"@id\":\"https:\/\/valaiski.com\/#\/schema\/logo\/image\/\",\"url\":\"https:\/\/valaiski.com\/wp-content\/uploads\/2017\/08\/VS-5-PNG.png\",\"contentUrl\":\"https:\/\/valaiski.com\/wp-content\/uploads\/2017\/08\/VS-5-PNG.png\",\"width\":1992,\"height\":1247,\"caption\":\"Valaiski\"},\"image\":{\"@id\":\"https:\/\/valaiski.com\/#\/schema\/logo\/image\/\"},\"sameAs\":[\"https:\/\/www.facebook.com\/VALAISKI\"]}]}<\/script>\n<!-- \/ Yoast SEO plugin. -->","yoast_head_json":{"title":"Contact - Valaiski","robots":{"index":"index","follow":"follow","max-snippet":"max-snippet:-1","max-image-preview":"max-image-preview:large","max-video-preview":"max-video-preview:-1"},"canonical":"https:\/\/valaiski.com\/fr\/contact\/","og_locale":"fr_FR","og_type":"article","og_title":"Contact - Valaiski","og_url":"https:\/\/valaiski.com\/fr\/contact\/","og_site_name":"Valaiski","article_publisher":"https:\/\/www.facebook.com\/VALAISKI","article_modified_time":"2019-09-06T11:03:15+00:00","twitter_card":"summary_large_image","twitter_misc":{"Dur\u00e9e de lecture estim\u00e9e":"2 minutes"},"schema":{"@context":"https:\/\/schema.org","@graph":[{"@type":"WebPage","@id":"https:\/\/valaiski.com\/fr\/contact\/","url":"https:\/\/valaiski.com\/fr\/contact\/","name":"Contact - Valaiski","isPartOf":{"@id":"https:\/\/valaiski.com\/#website"},"datePublished":"2017-11-01T21:19:23+00:00","dateModified":"2019-09-06T11:03:15+00:00","breadcrumb":{"@id":"https:\/\/valaiski.com\/fr\/contact\/#breadcrumb"},"inLanguage":"fr-FR","potentialAction":[{"@type":"ReadAction","target":["https:\/\/valaiski.com\/fr\/contact\/"]}]},{"@type":"BreadcrumbList","@id":"https:\/\/valaiski.com\/fr\/contact\/#breadcrumb","itemListElement":[{"@type":"ListItem","position":1,"name":"Home","item":"https:\/\/valaiski.com\/fr\/"},{"@type":"ListItem","position":2,"name":"Contact"}]},{"@type":"WebSite","@id":"https:\/\/valaiski.com\/#website","url":"https:\/\/valaiski.com\/","name":"Valaiski","description":"Swiss Bespoke Ski Tailoring","publisher":{"@id":"https:\/\/valaiski.com\/#organization"},"potentialAction":[{"@type":"SearchAction","target":{"@type":"EntryPoint","urlTemplate":"https:\/\/valaiski.com\/?s={search_term_string}"},"query-input":"required name=search_term_string"}],"inLanguage":"fr-FR"},{"@type":"Organization","@id":"https:\/\/valaiski.com\/#organization","name":"Valaiski","url":"https:\/\/valaiski.com\/","logo":{"@type":"ImageObject","inLanguage":"fr-FR","@id":"https:\/\/valaiski.com\/#\/schema\/logo\/image\/","url":"https:\/\/valaiski.com\/wp-content\/uploads\/2017\/08\/VS-5-PNG.png","contentUrl":"https:\/\/valaiski.com\/wp-content\/uploads\/2017\/08\/VS-5-PNG.png","width":1992,"height":1247,"caption":"Valaiski"},"image":{"@id":"https:\/\/valaiski.com\/#\/schema\/logo\/image\/"},"sameAs":["https:\/\/www.facebook.com\/VALAISKI"]}]}},"_links":{"self":[{"href":"https:\/\/valaiski.com\/fr\/wp-json\/wp\/v2\/pages\/6325"}],"collection":[{"href":"https:\/\/valaiski.com\/fr\/wp-json\/wp\/v2\/pages"}],"about":[{"href":"https:\/\/valaiski.com\/fr\/wp-json\/wp\/v2\/types\/page"}],"author":[{"embeddable":true,"href":"https:\/\/valaiski.com\/fr\/wp-json\/wp\/v2\/users\/1"}],"replies":[{"embeddable":true,"href":"https:\/\/valaiski.com\/fr\/wp-json\/wp\/v2\/comments?post=6325"}],"version-history":[{"count":8,"href":"https:\/\/valaiski.com\/fr\/wp-json\/wp\/v2\/pages\/6325\/revisions"}],"predecessor-version":[{"id":7987,"href":"https:\/\/valaiski.com\/fr\/wp-json\/wp\/v2\/pages\/6325\/revisions\/7987"}],"wp:attachment":[{"href":"https:\/\/valaiski.com\/fr\/wp-json\/wp\/v2\/media?parent=6325"}],"curies":[{"name":"wp","href":"https:\/\/api.w.org\/{rel}","templated":true}]}}