{"id":6410,"date":"2017-11-01T22:59:38","date_gmt":"2017-11-01T21:59:38","guid":{"rendered":"http:\/\/valaiski.com\/valaiski-spa-retreat\/"},"modified":"2018-11-14T14:17:45","modified_gmt":"2018-11-14T13:17:45","slug":"valaiski-spa-retreat","status":"publish","type":"page","link":"https:\/\/valaiski.com\/fr\/valaiski-spa-retreat\/","title":{"rendered":"Valaiski Spa Retreat"},"content":{"rendered":"<div id='av_section_1'  class='avia-section av-42r3ud-7bb8a45b5ca56d4c7d3f9f135292e732 main_color avia-section-default avia-no-shadow  avia-builder-el-0  el_before_av_section  avia-builder-el-first  avia-bg-style-scroll container_wrap sidebar_right'  ><div class='container av-section-cont-open' ><main  role=\"main\" itemprop=\"mainContentOfPage\"  class='template-page content  av-content-small alpha units'><div class='post-entry post-entry-type-page post-entry-6410'><div class='entry-content-wrapper clearfix'>\n\n<style type=\"text\/css\" data-created_by=\"avia_inline_auto\" id=\"style-css-av-3whvth-4d414a908b9f1d340a44dcbd14a499e5\">\n.flex_column.av-3whvth-4d414a908b9f1d340a44dcbd14a499e5{\n-webkit-border-radius:0px 0px 0px 0px;\n-moz-border-radius:0px 0px 0px 0px;\nborder-radius:0px 0px 0px 0px;\npadding:0px 0px 0px 0px;\n}\n<\/style>\n<div class='flex_column av-3whvth-4d414a908b9f1d340a44dcbd14a499e5 av_one_fifth  avia-builder-el-1  el_before_av_three_fifth  avia-builder-el-first  first flex_column_div av-zero-column-padding '     ><\/div>\n<style type=\"text\/css\" data-created_by=\"avia_inline_auto\" id=\"style-css-av-dl61x-c9ad8379e7be3993f2d2e5a479f72e48\">\n.flex_column.av-dl61x-c9ad8379e7be3993f2d2e5a479f72e48{\n-webkit-border-radius:0px 0px 0px 0px;\n-moz-border-radius:0px 0px 0px 0px;\nborder-radius:0px 0px 0px 0px;\npadding:0px 0px 0px 0px;\n}\n<\/style>\n<div class='flex_column av-dl61x-c9ad8379e7be3993f2d2e5a479f72e48 av_three_fifth  avia-builder-el-2  el_after_av_one_fifth  avia-builder-el-last  flex_column_div av-zero-column-padding '     ><section  class='av_textblock_section av-3j22dp-8850fca0a331f47ce5826a998dad7983'  itemscope=\"itemscope\" itemtype=\"https:\/\/schema.org\/CreativeWork\" ><div class='avia_textblock'  itemprop=\"text\" ><p style=\"text-align: center;\">Vous n\u2019aimez pas porter vos skis d\u2019un endroit \u00e0 l\u2019autre pendant vos vacances?<\/p>\n<p style=\"text-align: center;\">Et ne souhaitez ni louer des skis ni d\u00e9penser une fortune pour les faire livrer? Pensez \u00e0 notre service de Conciergerie Valaiski!<\/p>\n<\/div><\/section><\/div>\n\n<\/div><\/div><\/main><!-- close content main element --><\/div><\/div><div id='av_section_2'  class='avia-section av-3dq8il-8f9e3c3487c705b63f68acbb50ced042 alternate_color avia-section-default avia-no-shadow  avia-builder-el-4  el_after_av_section  el_before_av_section  avia-bg-style-scroll container_wrap sidebar_right'  ><div class='container av-section-cont-open' ><div class='template-page content  av-content-small alpha units'><div class='post-entry post-entry-type-page post-entry-6410'><div class='entry-content-wrapper clearfix'>\n\n<style type=\"text\/css\" data-created_by=\"avia_inline_auto\" id=\"style-css-av-38yze5-e9cbd3e5b69c36749e9bc645a4ede866\">\n.flex_column.av-38yze5-e9cbd3e5b69c36749e9bc645a4ede866{\n-webkit-border-radius:0px 0px 0px 0px;\n-moz-border-radius:0px 0px 0px 0px;\nborder-radius:0px 0px 0px 0px;\npadding:0px 0px 0px 0px;\n}\n<\/style>\n<div class='flex_column av-38yze5-e9cbd3e5b69c36749e9bc645a4ede866 av_one_fifth  avia-builder-el-5  el_before_av_three_fifth  avia-builder-el-first  first flex_column_div av-zero-column-padding '     ><\/div>\n<style type=\"text\/css\" data-created_by=\"avia_inline_auto\" id=\"style-css-av-343bbh-3b9d2098039ab622d05c256bda736f9b\">\n.flex_column.av-343bbh-3b9d2098039ab622d05c256bda736f9b{\n-webkit-border-radius:0px 0px 0px 0px;\n-moz-border-radius:0px 0px 0px 0px;\nborder-radius:0px 0px 0px 0px;\npadding:0px 0px 0px 0px;\n}\n<\/style>\n<div class='flex_column av-343bbh-3b9d2098039ab622d05c256bda736f9b av_three_fifth  avia-builder-el-6  el_after_av_one_fifth  avia-builder-el-last  flex_column_div av-zero-column-padding '     ><p>\n<style type=\"text\/css\" data-created_by=\"avia_inline_auto\" id=\"style-css-av-2yspfp-aac23c0b94bde7c4109e0e9c7a54399f\">\n#top .av-special-heading.av-2yspfp-aac23c0b94bde7c4109e0e9c7a54399f{\npadding-bottom:10px;\nfont-size:40px;\n}\nbody .av-special-heading.av-2yspfp-aac23c0b94bde7c4109e0e9c7a54399f .av-special-heading-tag .heading-char{\nfont-size:25px;\n}\n#top #wrap_all .av-special-heading.av-2yspfp-aac23c0b94bde7c4109e0e9c7a54399f .av-special-heading-tag{\nfont-size:40px;\n}\n.av-special-heading.av-2yspfp-aac23c0b94bde7c4109e0e9c7a54399f .av-subheading{\nfont-size:15px;\n}\n\n@media only screen and (min-width: 480px) and (max-width: 767px){ \n#top #wrap_all .av-special-heading.av-2yspfp-aac23c0b94bde7c4109e0e9c7a54399f .av-special-heading-tag{\nfont-size:0.8em;\n}\n}\n\n@media only screen and (max-width: 479px){ \n#top #wrap_all .av-special-heading.av-2yspfp-aac23c0b94bde7c4109e0e9c7a54399f .av-special-heading-tag{\nfont-size:0.8em;\n}\n}\n<\/style>\n<div  class='av-special-heading av-2yspfp-aac23c0b94bde7c4109e0e9c7a54399f av-special-heading-h2 blockquote modern-quote modern-centered  avia-builder-el-7  el_before_av_hr  avia-builder-el-first  av-inherit-size'><div class='av-subheading av-subheading_above'><p>Service de consiergerie<\/p>\n<\/div><h2 class='av-special-heading-tag'  itemprop=\"headline\"  > Valaiski Spa Retreat*<\/h2><div class=\"special-heading-border\"><div class=\"special-heading-inner-border\"><\/div><\/div><\/div><br \/>\n\n<style type=\"text\/css\" data-created_by=\"avia_inline_auto\" id=\"style-css-av-a0ptp-dfa77b226d1be9a5c817014fa4e63636\">\n#top .hr.av-a0ptp-dfa77b226d1be9a5c817014fa4e63636{\nmargin-top:15px;\nmargin-bottom:15px;\n}\n.hr.av-a0ptp-dfa77b226d1be9a5c817014fa4e63636 .hr-inner{\nwidth:50px;\n}\n<\/style>\n<div  class='hr av-a0ptp-dfa77b226d1be9a5c817014fa4e63636 hr-custom  avia-builder-el-8  el_after_av_heading  el_before_av_textblock  hr-center hr-icon-no'><span class='hr-inner inner-border-av-border-fat'><span class=\"hr-inner-style\"><\/span><\/span><\/div><br \/>\n<section  class='av_textblock_section av-2mwkml-f9c75250c3e0e526ca1e886f3629b2ce'  itemscope=\"itemscope\" itemtype=\"https:\/\/schema.org\/CreativeWork\" ><div class='avia_textblock'  itemprop=\"text\" ><p>Un service r\u00e9volutionnaire:<\/p>\n<ul>\n<li>Plus besoin de transporter votre \u00e9quipement de ski jusqu\u2019\u00e0 votre destination finale. Nous nous occupons de faire livrer votre \u00e9quipement jusqu\u2019\u00e0 la station de ski de votre choix, avant m\u00eame que vous n\u2019arriviez. Et quand vous quittez les lieux, nous venons rechercher le tout, c\u2019est aussi simple que cela.<\/li>\n<li>Highest professional manufacture ski service with edges tuned, race base repaired, surface structured, hot wax prepared and top sheet touched up ready for you to hit the first run in race condition<\/li>\n<li>Stockage de vos skis \u00e0 la manufacture, en chambre climatis\u00e9e et \u00e0 temp\u00e9rature et humidit\u00e9 constante, qui pr\u00e9servera vos compagnons de glisse jusqu\u2019\u00e0 vos prochaines vacances d\u2019hiver<\/li>\n<\/ul>\n<p>Le package \u00abValaiski Spa Retreat\u00bb inclut:<\/p>\n<ul>\n<li>le transport de la manufacture \u00e0 la station de ski de votre choix en Suisse, et retour<\/li>\n<li>Un service complet de pr\u00e9paration de vos skis en mode comp\u00e9tition<\/li>\n<li>Jusqu\u2019\u00e0 une ann\u00e9e de stockage de vos skis \u00e0 la manufacture, en chambre climatis\u00e9e<\/li>\n<\/ul>\n<p>Comment faire?<\/p>\n<ul>\n<li>Il suffit de remplir le formulaire \u00abValaiski Spa Retreat\u00bb. D\u00e8s votre versement effectu\u00e9, nous viendrons chercher vos skis, leur ferons un service complet et les stockerons.<\/li>\n<li>Ne vous inqui\u00e9tez pas si vous ne connaissez pas encore les dates ou le lieu de votre prochain voyage. Laissez tout simplement vos skis au \u00abValaiski Spa Retreat\u00bb. Il vous suffira ensuite de nous envoyer un e-mail ou de nous appeler &#8211; au minimum 7 jours avant la date de voyage pr\u00e9vue &#8211; pour que nous puissions pr\u00e9parer vos skis comme il se doit, et les livrer \u00e0 temps pour votre arriv\u00e9e en station de ski.<\/li>\n<\/ul>\n<h6>Service actuellement disponible en Suisse uniquement*<\/h6>\n<\/div><\/section><br \/>\n\n<style type=\"text\/css\" data-created_by=\"avia_inline_auto\" id=\"style-css-av-2gedat-c7e6e639a533f8219709daaa4b947b0d\">\n#top .hr.av-2gedat-c7e6e639a533f8219709daaa4b947b0d{\nmargin-top:15px;\nmargin-bottom:15px;\n}\n.hr.av-2gedat-c7e6e639a533f8219709daaa4b947b0d .hr-inner{\nwidth:50px;\n}\n<\/style>\n<div  class='hr av-2gedat-c7e6e639a533f8219709daaa4b947b0d hr-custom  avia-builder-el-10  el_after_av_textblock  el_before_av_button  hr-center hr-icon-no'><span class='hr-inner inner-border-av-border-fat'><span class=\"hr-inner-style\"><\/span><\/span><\/div><br \/>\n<div  class='avia-button-wrap av-8212l-807568162064cf6b1753f0e5de925514-wrap avia-button-center  avia-builder-el-11  el_after_av_hr  avia-builder-el-last '><a href='https:\/\/valaiski.com\/spa_retreat\/valaiski-spa-retreat-order-form\/'  class='avia-button av-8212l-807568162064cf6b1753f0e5de925514 avia-icon_select-yes-left-icon avia-size-large avia-position-center avia-color-dark'  ><span class='avia_button_icon avia_button_icon_left' aria-hidden='true' data-av_icon='\ue891' data-av_iconfont='entypo-fontello'><\/span><span class='avia_iconbox_title' >Valaiski Spa Retreat<\/span><\/a><\/div><\/p><\/div>\n\n<\/div><\/div><\/div><!-- close content main div --><\/div><\/div><div id='call-for-action'  class='avia-section av-7ddq5-63746bbfca939791d93c499f6ca997bf main_color avia-section-default avia-no-shadow  avia-builder-el-12  el_after_av_section  el_before_av_section  avia-bg-style-scroll container_wrap sidebar_right'  ><div class='container av-section-cont-open' ><div class='template-page content  av-content-small alpha units'><div class='post-entry post-entry-type-page post-entry-6410'><div class='entry-content-wrapper clearfix'>\n\n<style type=\"text\/css\" data-created_by=\"avia_inline_auto\" id=\"style-css-av-1va93p-af1c7b6f304d739ca6688591c876166c\">\n#top .flex_column.av-1va93p-af1c7b6f304d739ca6688591c876166c{\nmargin-top:0px;\nmargin-bottom:0px;\n}\n.flex_column.av-1va93p-af1c7b6f304d739ca6688591c876166c{\n-webkit-border-radius:0px 0px 0px 0px;\n-moz-border-radius:0px 0px 0px 0px;\nborder-radius:0px 0px 0px 0px;\npadding:15px 15px 15px 15px;\n}\n.responsive #top #wrap_all .flex_column.av-1va93p-af1c7b6f304d739ca6688591c876166c{\nmargin-top:0px;\nmargin-bottom:0px;\n}\n<\/style>\n<div class='flex_column av-1va93p-af1c7b6f304d739ca6688591c876166c av_one_fifth  avia-builder-el-13  el_before_av_three_fifth  avia-builder-el-first  first no_margin flex_column_div av-animated-generic left-to-right '     ><\/div>\n<style type=\"text\/css\" data-created_by=\"avia_inline_auto\" id=\"style-css-av-1qsoqt-283ddcfb6eed21e24859b43cdf2cb28c\">\n#top .flex_column.av-1qsoqt-283ddcfb6eed21e24859b43cdf2cb28c{\nmargin-top:0px;\nmargin-bottom:0px;\n}\n.flex_column.av-1qsoqt-283ddcfb6eed21e24859b43cdf2cb28c{\n-webkit-border-radius:0px 0px 0px 0px;\n-moz-border-radius:0px 0px 0px 0px;\nborder-radius:0px 0px 0px 0px;\npadding:0px 0px 0px 0px;\n}\n.responsive #top #wrap_all .flex_column.av-1qsoqt-283ddcfb6eed21e24859b43cdf2cb28c{\nmargin-top:0px;\nmargin-bottom:0px;\n}\n<\/style>\n<div class='flex_column av-1qsoqt-283ddcfb6eed21e24859b43cdf2cb28c av_three_fifth  avia-builder-el-14  el_after_av_one_fifth  avia-builder-el-last  no_margin flex_column_div av-animated-generic pop-up av-zero-column-padding '     ><p>\n<style type=\"text\/css\" data-created_by=\"avia_inline_auto\" id=\"style-css-av-1n9ozh-0a9dd76d32c0121ad85179a8fab68b35\">\n.avia-image-container.av-1n9ozh-0a9dd76d32c0121ad85179a8fab68b35 img.avia_image{\nbox-shadow:none;\n}\n.avia-image-container.av-1n9ozh-0a9dd76d32c0121ad85179a8fab68b35 .av-image-caption-overlay-center{\ncolor:#ffffff;\n}\n<\/style>\n<div  class='avia-image-container av-1n9ozh-0a9dd76d32c0121ad85179a8fab68b35 av-styling- avia_animated_image av-animated-when-visible-95 fade-in avia-align-center  avia-builder-el-15  el_before_av_hr  avia-builder-el-first '   itemprop=\"image\" itemscope=\"itemscope\" itemtype=\"https:\/\/schema.org\/ImageObject\" ><div class=\"avia-image-container-inner\"><div class=\"avia-image-overlay-wrap\"><img class='wp-image-6788 avia-img-lazy-loading-not-6788 avia_image ' src=\"https:\/\/valaiski.com\/wp-content\/uploads\/2017\/08\/VS-5-PNG-300x188.png\" alt='' title='VS 5 PNG'  height=\"188\" width=\"300\"  itemprop=\"thumbnailUrl\" srcset=\"https:\/\/valaiski.com\/wp-content\/uploads\/2017\/08\/VS-5-PNG-300x188.png 300w, https:\/\/valaiski.com\/wp-content\/uploads\/2017\/08\/VS-5-PNG-768x481.png 768w, https:\/\/valaiski.com\/wp-content\/uploads\/2017\/08\/VS-5-PNG-1030x645.png 1030w, https:\/\/valaiski.com\/wp-content\/uploads\/2017\/08\/VS-5-PNG-1500x939.png 1500w, https:\/\/valaiski.com\/wp-content\/uploads\/2017\/08\/VS-5-PNG-705x441.png 705w, https:\/\/valaiski.com\/wp-content\/uploads\/2017\/08\/VS-5-PNG-450x282.png 450w, https:\/\/valaiski.com\/wp-content\/uploads\/2017\/08\/VS-5-PNG.png 1992w\" sizes=\"(max-width: 300px) 100vw, 300px\" \/><\/div><\/div><\/div><br \/>\n\n<style type=\"text\/css\" data-created_by=\"avia_inline_auto\" id=\"style-css-av-1ds8jp-4eccc3a0e46cdcceb7869e1ceaf3aeb3\">\n#top .hr.hr-invisible.av-1ds8jp-4eccc3a0e46cdcceb7869e1ceaf3aeb3{\nheight:30px;\n}\n<\/style>\n<div  class='hr av-1ds8jp-4eccc3a0e46cdcceb7869e1ceaf3aeb3 hr-invisible  avia-builder-el-16  el_after_av_image  el_before_av_textblock '><span class='hr-inner '><span class=\"hr-inner-style\"><\/span><\/span><\/div><br \/>\n<section  class='av_textblock_section av-18jce5-b50dd406628c336b8f3cea33dcc69785'  itemscope=\"itemscope\" itemtype=\"https:\/\/schema.org\/CreativeWork\" ><div class='avia_textblock'  itemprop=\"text\" ><h3 style=\"text-align: center;\">Cr\u00e9\u00e9s par des experts suisses<br \/>\nRien que pour vous<\/h3>\n<\/div><\/section><br \/>\n\n<style type=\"text\/css\" data-created_by=\"avia_inline_auto\" id=\"style-css-av-144451-3234d062141f8ff619b9a4a757609604\">\n#top .hr.hr-invisible.av-144451-3234d062141f8ff619b9a4a757609604{\nheight:30px;\n}\n<\/style>\n<div  class='hr av-144451-3234d062141f8ff619b9a4a757609604 hr-invisible  avia-builder-el-18  el_after_av_textblock  el_before_av_button '><span class='hr-inner '><span class=\"hr-inner-style\"><\/span><\/span><\/div><br \/>\n<div  class='avia-button-wrap av-xf2o5-24e50e057d7ecb281a56144fdb93bc2e-wrap avia-button-center  avia-builder-el-19  el_after_av_hr  el_before_av_hr '><a href='https:\/\/valaiski.com\/get-started\/' class='avia-button av-xf2o5-24e50e057d7ecb281a56144fdb93bc2e avia-icon_select-yes-left-icon avia-size-large avia-position-center av-icon-on-hover avia-color-dark' target=\"_blank\" rel=\"noopener noreferrer\"><span class='avia_button_icon avia_button_icon_left' aria-hidden='true' data-av_icon='\ue826' data-av_iconfont='entypo-fontello'><\/span><span class='avia_iconbox_title' >Click here to start<\/span><\/a><\/div><br \/>\n\n<style type=\"text\/css\" data-created_by=\"avia_inline_auto\" id=\"style-css-av-qpe1x-46ddd2802f8d9b32b8fd59f1433b5e08\">\n#top .hr.hr-invisible.av-qpe1x-46ddd2802f8d9b32b8fd59f1433b5e08{\nheight:15px;\n}\n<\/style>\n<div  class='hr av-qpe1x-46ddd2802f8d9b32b8fd59f1433b5e08 hr-invisible  avia-builder-el-20  el_after_av_button  el_before_av_textblock '><span class='hr-inner '><span class=\"hr-inner-style\"><\/span><\/span><\/div><br \/>\n<section  class='av_textblock_section av-jbrjx-2bf4a23620f7f1cf322b4d63dc480924'  itemscope=\"itemscope\" itemtype=\"https:\/\/schema.org\/CreativeWork\" ><div class='avia_textblock'  itemprop=\"text\" ><p style=\"text-align: center;\">Commandez d\u00e8s \u00e0 pr\u00e9sent vos skis sur mesure. Tout simplement!<\/p>\n<\/div><\/section><\/p><\/div><\/div><\/div><\/div><!-- close content main div --><\/div><\/div><div id='av_section_4'  class='avia-section av-ekbhh-fdac44ef8dd407a8b861f85e7435a47d alternate_color avia-section-default avia-no-shadow  avia-builder-el-22  el_after_av_section  avia-builder-el-last  avia-bg-style-scroll container_wrap sidebar_right'  ><div class='container av-section-cont-open' ><div class='template-page content  av-content-small alpha units'><div class='post-entry post-entry-type-page post-entry-6410'><div class='entry-content-wrapper clearfix'>\n<div  class='avia-button-wrap av-avytp-ce6a7559d2b61d71bd73e0eb35388631-wrap avia-button-center  avia-builder-el-23  avia-builder-el-no-sibling '><a href='https:\/\/valaiski.com\/home-copy\/'  class='avia-button av-avytp-ce6a7559d2b61d71bd73e0eb35388631 avia-icon_select-yes-left-icon avia-size-large avia-position-center av-icon-on-hover avia-color-silver'  ><span class='avia_button_icon avia_button_icon_left' aria-hidden='true' data-av_icon='\ue830' data-av_iconfont='entypo-fontello'><\/span><span class='avia_iconbox_title' >Retourner<\/span><\/a><\/div>\n<\/div><\/div><\/div><!-- close content main div --><\/div><\/div><div id='after_section_4'  class='main_color av_default_container_wrap container_wrap sidebar_right'  ><div class='container av-section-cont-open' ><div class='template-page content  av-content-small alpha units'><div class='post-entry post-entry-type-page post-entry-6410'><div class='entry-content-wrapper clearfix'><\/p>\n","protected":false},"excerpt":{"rendered":"","protected":false},"author":1,"featured_media":0,"parent":0,"menu_order":0,"comment_status":"closed","ping_status":"closed","template":"","meta":[],"yoast_head":"<!-- This site is optimized with the Yoast SEO plugin v20.6 - https:\/\/yoast.com\/wordpress\/plugins\/seo\/ -->\n<title>Don\u2019t drag you ski gear along and still always ski on your own high performance skis individually made for you - Valaiski Spa Retreat<\/title>\n<meta name=\"description\" content=\"Valaiski Spa Retreat let you ski on your own always well prepared skis without the need to drag your heavy gear along whilst saving expensive sports equipment air transportation\" \/>\n<meta name=\"robots\" content=\"index, follow, max-snippet:-1, max-image-preview:large, max-video-preview:-1\" \/>\n<link rel=\"canonical\" href=\"https:\/\/valaiski.com\/fr\/valaiski-spa-retreat\/\" \/>\n<meta property=\"og:locale\" content=\"fr_FR\" \/>\n<meta property=\"og:type\" content=\"article\" \/>\n<meta property=\"og:title\" content=\"Don\u2019t drag you ski gear along and still always ski on your own high performance skis individually made for you - Valaiski Spa Retreat\" \/>\n<meta property=\"og:description\" content=\"Valaiski Spa Retreat let you ski on your own always well prepared skis without the need to drag your heavy gear along whilst saving expensive sports equipment air transportation\" \/>\n<meta property=\"og:url\" content=\"https:\/\/valaiski.com\/fr\/valaiski-spa-retreat\/\" \/>\n<meta property=\"og:site_name\" content=\"Valaiski\" \/>\n<meta property=\"article:publisher\" content=\"https:\/\/www.facebook.com\/VALAISKI\" \/>\n<meta property=\"article:modified_time\" content=\"2018-11-14T13:17:45+00:00\" \/>\n<meta name=\"twitter:card\" content=\"summary_large_image\" \/>\n<meta name=\"twitter:label1\" content=\"Dur\u00e9e de lecture estim\u00e9e\" \/>\n\t<meta name=\"twitter:data1\" content=\"8 minutes\" \/>\n<script type=\"application\/ld+json\" class=\"yoast-schema-graph\">{\"@context\":\"https:\/\/schema.org\",\"@graph\":[{\"@type\":\"WebPage\",\"@id\":\"https:\/\/valaiski.com\/fr\/valaiski-spa-retreat\/\",\"url\":\"https:\/\/valaiski.com\/fr\/valaiski-spa-retreat\/\",\"name\":\"Don\u2019t drag you ski gear along and still always ski on your own high performance skis individually made for you - Valaiski Spa Retreat\",\"isPartOf\":{\"@id\":\"https:\/\/valaiski.com\/#website\"},\"datePublished\":\"2017-11-01T21:59:38+00:00\",\"dateModified\":\"2018-11-14T13:17:45+00:00\",\"description\":\"Valaiski Spa Retreat let you ski on your own always well prepared skis without the need to drag your heavy gear along whilst saving expensive sports equipment air transportation\",\"breadcrumb\":{\"@id\":\"https:\/\/valaiski.com\/fr\/valaiski-spa-retreat\/#breadcrumb\"},\"inLanguage\":\"fr-FR\",\"potentialAction\":[{\"@type\":\"ReadAction\",\"target\":[\"https:\/\/valaiski.com\/fr\/valaiski-spa-retreat\/\"]}]},{\"@type\":\"BreadcrumbList\",\"@id\":\"https:\/\/valaiski.com\/fr\/valaiski-spa-retreat\/#breadcrumb\",\"itemListElement\":[{\"@type\":\"ListItem\",\"position\":1,\"name\":\"Home\",\"item\":\"https:\/\/valaiski.com\/fr\/\"},{\"@type\":\"ListItem\",\"position\":2,\"name\":\"Valaiski Spa Retreat\"}]},{\"@type\":\"WebSite\",\"@id\":\"https:\/\/valaiski.com\/#website\",\"url\":\"https:\/\/valaiski.com\/\",\"name\":\"Valaiski\",\"description\":\"Swiss Bespoke Ski Tailoring\",\"publisher\":{\"@id\":\"https:\/\/valaiski.com\/#organization\"},\"potentialAction\":[{\"@type\":\"SearchAction\",\"target\":{\"@type\":\"EntryPoint\",\"urlTemplate\":\"https:\/\/valaiski.com\/?s={search_term_string}\"},\"query-input\":\"required name=search_term_string\"}],\"inLanguage\":\"fr-FR\"},{\"@type\":\"Organization\",\"@id\":\"https:\/\/valaiski.com\/#organization\",\"name\":\"Valaiski\",\"url\":\"https:\/\/valaiski.com\/\",\"logo\":{\"@type\":\"ImageObject\",\"inLanguage\":\"fr-FR\",\"@id\":\"https:\/\/valaiski.com\/#\/schema\/logo\/image\/\",\"url\":\"https:\/\/valaiski.com\/wp-content\/uploads\/2017\/08\/VS-5-PNG.png\",\"contentUrl\":\"https:\/\/valaiski.com\/wp-content\/uploads\/2017\/08\/VS-5-PNG.png\",\"width\":1992,\"height\":1247,\"caption\":\"Valaiski\"},\"image\":{\"@id\":\"https:\/\/valaiski.com\/#\/schema\/logo\/image\/\"},\"sameAs\":[\"https:\/\/www.facebook.com\/VALAISKI\"]}]}<\/script>\n<!-- \/ Yoast SEO plugin. -->","yoast_head_json":{"title":"Don\u2019t drag you ski gear along and still always ski on your own high performance skis individually made for you - Valaiski Spa Retreat","description":"Valaiski Spa Retreat let you ski on your own always well prepared skis without the need to drag your heavy gear along whilst saving expensive sports equipment air transportation","robots":{"index":"index","follow":"follow","max-snippet":"max-snippet:-1","max-image-preview":"max-image-preview:large","max-video-preview":"max-video-preview:-1"},"canonical":"https:\/\/valaiski.com\/fr\/valaiski-spa-retreat\/","og_locale":"fr_FR","og_type":"article","og_title":"Don\u2019t drag you ski gear along and still always ski on your own high performance skis individually made for you - Valaiski Spa Retreat","og_description":"Valaiski Spa Retreat let you ski on your own always well prepared skis without the need to drag your heavy gear along whilst saving expensive sports equipment air transportation","og_url":"https:\/\/valaiski.com\/fr\/valaiski-spa-retreat\/","og_site_name":"Valaiski","article_publisher":"https:\/\/www.facebook.com\/VALAISKI","article_modified_time":"2018-11-14T13:17:45+00:00","twitter_card":"summary_large_image","twitter_misc":{"Dur\u00e9e de lecture estim\u00e9e":"8 minutes"},"schema":{"@context":"https:\/\/schema.org","@graph":[{"@type":"WebPage","@id":"https:\/\/valaiski.com\/fr\/valaiski-spa-retreat\/","url":"https:\/\/valaiski.com\/fr\/valaiski-spa-retreat\/","name":"Don\u2019t drag you ski gear along and still always ski on your own high performance skis individually made for you - Valaiski Spa Retreat","isPartOf":{"@id":"https:\/\/valaiski.com\/#website"},"datePublished":"2017-11-01T21:59:38+00:00","dateModified":"2018-11-14T13:17:45+00:00","description":"Valaiski Spa Retreat let you ski on your own always well prepared skis without the need to drag your heavy gear along whilst saving expensive sports equipment air transportation","breadcrumb":{"@id":"https:\/\/valaiski.com\/fr\/valaiski-spa-retreat\/#breadcrumb"},"inLanguage":"fr-FR","potentialAction":[{"@type":"ReadAction","target":["https:\/\/valaiski.com\/fr\/valaiski-spa-retreat\/"]}]},{"@type":"BreadcrumbList","@id":"https:\/\/valaiski.com\/fr\/valaiski-spa-retreat\/#breadcrumb","itemListElement":[{"@type":"ListItem","position":1,"name":"Home","item":"https:\/\/valaiski.com\/fr\/"},{"@type":"ListItem","position":2,"name":"Valaiski Spa Retreat"}]},{"@type":"WebSite","@id":"https:\/\/valaiski.com\/#website","url":"https:\/\/valaiski.com\/","name":"Valaiski","description":"Swiss Bespoke Ski Tailoring","publisher":{"@id":"https:\/\/valaiski.com\/#organization"},"potentialAction":[{"@type":"SearchAction","target":{"@type":"EntryPoint","urlTemplate":"https:\/\/valaiski.com\/?s={search_term_string}"},"query-input":"required name=search_term_string"}],"inLanguage":"fr-FR"},{"@type":"Organization","@id":"https:\/\/valaiski.com\/#organization","name":"Valaiski","url":"https:\/\/valaiski.com\/","logo":{"@type":"ImageObject","inLanguage":"fr-FR","@id":"https:\/\/valaiski.com\/#\/schema\/logo\/image\/","url":"https:\/\/valaiski.com\/wp-content\/uploads\/2017\/08\/VS-5-PNG.png","contentUrl":"https:\/\/valaiski.com\/wp-content\/uploads\/2017\/08\/VS-5-PNG.png","width":1992,"height":1247,"caption":"Valaiski"},"image":{"@id":"https:\/\/valaiski.com\/#\/schema\/logo\/image\/"},"sameAs":["https:\/\/www.facebook.com\/VALAISKI"]}]}},"_links":{"self":[{"href":"https:\/\/valaiski.com\/fr\/wp-json\/wp\/v2\/pages\/6410"}],"collection":[{"href":"https:\/\/valaiski.com\/fr\/wp-json\/wp\/v2\/pages"}],"about":[{"href":"https:\/\/valaiski.com\/fr\/wp-json\/wp\/v2\/types\/page"}],"author":[{"embeddable":true,"href":"https:\/\/valaiski.com\/fr\/wp-json\/wp\/v2\/users\/1"}],"replies":[{"embeddable":true,"href":"https:\/\/valaiski.com\/fr\/wp-json\/wp\/v2\/comments?post=6410"}],"version-history":[{"count":41,"href":"https:\/\/valaiski.com\/fr\/wp-json\/wp\/v2\/pages\/6410\/revisions"}],"predecessor-version":[{"id":7472,"href":"https:\/\/valaiski.com\/fr\/wp-json\/wp\/v2\/pages\/6410\/revisions\/7472"}],"wp:attachment":[{"href":"https:\/\/valaiski.com\/fr\/wp-json\/wp\/v2\/media?parent=6410"}],"curies":[{"name":"wp","href":"https:\/\/api.w.org\/{rel}","templated":true}]}}